{"id":66173,"date":"2025-03-25T05:19:39","date_gmt":"2025-03-25T05:19:39","guid":{"rendered":"https:\/\/e.kosmolat.eu\/product\/famirel-argan-oil-matu-kondic-ar-argana-ellu-atjaun-un-aizsardz-500-ml\/"},"modified":"2026-04-09T12:02:57","modified_gmt":"2026-04-09T12:02:57","slug":"famirel-argan-oil-matu-kondic-ar-argana-ellu-atjaun-un-aizsardz-500-ml","status":"publish","type":"product","link":"https:\/\/e.kosmolat.eu\/lt\/produktas\/famirel-argan-oil-matu-kondic-ar-argana-ellu-atjaun-un-aizsardz-500-ml\/","title":{"rendered":"FAMIREL Argan Oil Plauk\u0173 kondicionierius su argan\u0173 aliejumi Atkuriantis ir apsaugantis, 500 ml"},"content":{"rendered":"<p>Argan\u0173 aliejaus plauk\u0173 kondicionierius padeda pagerinti plauk\u0173 elastingum\u0105 ir stiprum\u0105, kartu apsaugodamas juos nuo ilgalaik\u0117s \u017ealos, kuri\u0105 sukelia \u012fvair\u016bs formavimo produktai. U\u017efiksuoja dr\u0117gm\u0119, kad pad\u0117t\u0173 sumink\u0161tinti sausus, pa\u017eeistus ir l\u016b\u017ein\u0117jan\u010dius plaukus. Kondicionierius su patobulinta sud\u0117timi, \u012fskaitant argan\u0173 aliej\u0173, taukmed\u017ei\u0173 sviest\u0105, \u0161altalanki\u0173 aliej\u0173 ir augal\u0173 ekstraktus. yra ideali formul\u0117, kuri u\u017etikrins reikiam\u0105 \u017evilgan\u010di\u0173 ir sveik\u0173 plauk\u0173 prie\u017ei\u016br\u0105.<\/p>\n<p>Naudojimas: tepti ant dr\u0117gn\u0173 plauk\u0173 po plovimo \u0161amp\u016bnu. Paskirstykite ant plauk\u0173 galiuk\u0173, palikite 3-5 minutes, tada kruop\u0161\u010diai i\u0161skalaukite.<\/p>\n<p>Atsargumo priemon\u0117s:<br \/>\n\u2022 Naudokite tik pagal paskirt\u012f.<br \/>\n\u2022 Neprarykite.<br \/>\n\u2022 Venkite patekimo \u012f akis.<br \/>\n\u2022 Laikyti vaikams nepasiekiamoje vietoje.<br \/>\n\u2022 Nenaudokite, jei yra individualus jautrumas komponentams.<br \/>\n\u2022 Jei atsiranda dirginimas, nedelsiant nutraukite naudojim\u0105.<br \/>\n\u2022 Tik i\u0161oriniam naudojimui<br \/>\n\u2022 Sud\u0117tyje n\u0117ra paraben\u0173.<\/p>\n<p>Laikymo s\u0105lygos: laikyti nuo +5 iki +39 \u00b0C temperat\u016broje, o santykin\u0117 oro dr\u0117gm\u0117 55-70%.<\/p>\n","protected":false},"excerpt":{"rendered":"<p>Argan\u0173 aliejaus plauk\u0173 kondicionierius padeda pagerinti plauk\u0173 elastingum\u0105 ir stiprum\u0105, kartu apsaugodamas juos nuo ilgalaik\u0117s \u017ealos, kuri\u0105 sukelia \u012fvair\u016bs formavimo produktai. U\u017efiksuoja dr\u0117gm\u0119, kad pad\u0117t\u0173 sumink\u0161tinti sausus, pa\u017eeistus ir l\u016b\u017ein\u0117jan\u010dius plaukus. Kondicionierius su patobulinta sud\u0117timi, \u012fskaitant argan\u0173 aliej\u0173, taukmed\u017ei\u0173 sviest\u0105, \u0161altalanki\u0173 aliej\u0173 ir augal\u0173 ekstraktus. yra ideali formul\u0117, kuri u\u017etikrins reikiam\u0105 \u017evilgan\u010di\u0173 ir sveik\u0173 plauk\u0173 [&#8230;]\n","protected":false},"featured_media":100484,"template":"","meta":[],"product_cat":[1640],"product_tag":[],"class_list":{"0":"post-66173","1":"product","2":"type-product","3":"status-publish","4":"has-post-thumbnail","6":"product_brand-famirel-il-lt","7":"product_cat-balzamai","9":"first","10":"instock","11":"taxable","12":"shipping-taxable","13":"product-type-simple"},"_links":{"self":[{"href":"https:\/\/e.kosmolat.eu\/lt\/wp-json\/wp\/v2\/product\/66173","targetHints":{"allow":["GET"]}}],"collection":[{"href":"https:\/\/e.kosmolat.eu\/lt\/wp-json\/wp\/v2\/product"}],"about":[{"href":"https:\/\/e.kosmolat.eu\/lt\/wp-json\/wp\/v2\/types\/product"}],"wp:featuredmedia":[{"embeddable":true,"href":"https:\/\/e.kosmolat.eu\/lt\/wp-json\/wp\/v2\/media\/100484"}],"wp:attachment":[{"href":"https:\/\/e.kosmolat.eu\/lt\/wp-json\/wp\/v2\/media?parent=66173"}],"wp:term":[{"taxonomy":"product_cat","embeddable":true,"href":"https:\/\/e.kosmolat.eu\/lt\/wp-json\/wp\/v2\/product_cat?post=66173"},{"taxonomy":"product_tag","embeddable":true,"href":"https:\/\/e.kosmolat.eu\/lt\/wp-json\/wp\/v2\/product_tag?post=66173"}],"curies":[{"name":"wp","href":"https:\/\/api.w.org\/{rel}","templated":true}]}}