{"id":66165,"date":"2025-03-25T05:19:21","date_gmt":"2025-03-25T05:19:21","guid":{"rendered":"https:\/\/e.kosmolat.eu\/product\/famirel-argan-oil-sampuns-ar-argana-ellu-atjaun-un-aizsardz-500-ml\/"},"modified":"2026-04-22T07:25:51","modified_gmt":"2026-04-22T07:25:51","slug":"famirel-argan-oil-sampuns-ar-argana-ellu-atjaun-un-aizsardz-500-ml","status":"publish","type":"product","link":"https:\/\/e.kosmolat.eu\/lt\/produktas\/famirel-argan-oil-sampuns-ar-argana-ellu-atjaun-un-aizsardz-500-ml\/","title":{"rendered":"FAMIREL Argan Oil \u0160amp\u016bnas su argan\u0173 aliejumi Atkuriantis ir apsaugantis, 500 ml"},"content":{"rendered":"<p>Argan\u0173 aliejaus \u0161amp\u016bne yra maitinam\u0173j\u0173 ingredient\u0173, kurie suteikia papildom\u0105 apsaug\u0105, kad pad\u0117t\u0173 i\u0161vengti galiuk\u0173 skilin\u0117jimo ir plauk\u0173 l\u016b\u017ein\u0117jimo, o Argan\u0173 aliejus sudaro apsaugin\u0119 pl\u0117vel\u0119 ant sruog\u0173, i\u0161laiko jas sveikus ir stiprius. \u0160is \u0161amp\u016bnas taps visapusi\u0161kos plauk\u0173 prie\u017ei\u016bros rutinos dalimi, tod\u0117l plaukai taps tank\u016bs, \u0161veln\u016bs ir dievi\u0161kai \u017evilgantys.<\/p>\n<p>Naudojimas: U\u017etepkite nedidel\u012f kiek\u012f \u0161amp\u016bno ir \u0161velniai \u012fmasa\u017euokite \u012f dr\u0117gnus plaukus ir galvos od\u0105. Tolygiai paskirstykite \u0161amp\u016bn\u0105 per vis\u0105 plauk\u0173 ilg\u012f. I\u0161skalaukite plaukus ir galvos od\u0105 vandeniu.<br \/>\nAtsargumo priemon\u0117s:<br \/>\n\u2022 Naudokite tik pagal paskirt\u012f.<br \/>\n\u2022 Neprarykite.<br \/>\n\u2022 Venkite patekimo \u012f akis.<br \/>\n\u2022 Laikyti vaikams nepasiekiamoje vietoje.<br \/>\n\u2022 Nenaudokite, jei yra individualus jautrumas komponentams.<br \/>\n\u2022 Jei atsiranda dirginimas, nedelsiant nutraukite naudojim\u0105.<br \/>\n\u2022 Tik i\u0161oriniam naudojimui<br \/>\n\u2022 Sud\u0117tyje n\u0117ra paraben\u0173.<\/p>\n<p>Laikymo s\u0105lygos: laikyti nuo +5 iki +39 \u00b0C temperat\u016broje, o santykin\u0117 oro dr\u0117gm\u0117 55-70%.<\/p>\n","protected":false},"excerpt":{"rendered":"<p>Argan\u0173 aliejaus \u0161amp\u016bne yra maitinam\u0173j\u0173 ingredient\u0173, kurie suteikia papildom\u0105 apsaug\u0105, kad pad\u0117t\u0173 i\u0161vengti galiuk\u0173 skilin\u0117jimo ir plauk\u0173 l\u016b\u017ein\u0117jimo, o Argan\u0173 aliejus sudaro apsaugin\u0119 pl\u0117vel\u0119 ant sruog\u0173, i\u0161laiko jas sveikus ir stiprius. \u0160is \u0161amp\u016bnas taps visapusi\u0161kos plauk\u0173 prie\u017ei\u016bros rutinos dalimi, tod\u0117l plaukai taps tank\u016bs, \u0161veln\u016bs ir dievi\u0161kai \u017evilgantys. Naudojimas: U\u017etepkite nedidel\u012f kiek\u012f \u0161amp\u016bno ir \u0161velniai \u012fmasa\u017euokite [&#8230;]\n","protected":false},"featured_media":100176,"template":"","meta":[],"product_cat":[2181],"product_tag":[],"class_list":{"0":"post-66165","1":"product","2":"type-product","3":"status-publish","4":"has-post-thumbnail","6":"product_brand-famirel-il-lt","7":"product_cat-bez-kategorijas-lt","9":"first","10":"instock","11":"taxable","12":"shipping-taxable","13":"product-type-simple"},"_links":{"self":[{"href":"https:\/\/e.kosmolat.eu\/lt\/wp-json\/wp\/v2\/product\/66165","targetHints":{"allow":["GET"]}}],"collection":[{"href":"https:\/\/e.kosmolat.eu\/lt\/wp-json\/wp\/v2\/product"}],"about":[{"href":"https:\/\/e.kosmolat.eu\/lt\/wp-json\/wp\/v2\/types\/product"}],"wp:featuredmedia":[{"embeddable":true,"href":"https:\/\/e.kosmolat.eu\/lt\/wp-json\/wp\/v2\/media\/100176"}],"wp:attachment":[{"href":"https:\/\/e.kosmolat.eu\/lt\/wp-json\/wp\/v2\/media?parent=66165"}],"wp:term":[{"taxonomy":"product_cat","embeddable":true,"href":"https:\/\/e.kosmolat.eu\/lt\/wp-json\/wp\/v2\/product_cat?post=66165"},{"taxonomy":"product_tag","embeddable":true,"href":"https:\/\/e.kosmolat.eu\/lt\/wp-json\/wp\/v2\/product_tag?post=66165"}],"curies":[{"name":"wp","href":"https:\/\/api.w.org\/{rel}","templated":true}]}}