{"id":66157,"date":"2025-03-25T05:19:06","date_gmt":"2025-03-25T05:19:06","guid":{"rendered":"https:\/\/e.kosmolat.eu\/product\/famirel-castor-oil-galvas-adas-skrubis-ar-ricinellu-aug-un-atjaun-250-ml\/"},"modified":"2026-03-01T10:02:02","modified_gmt":"2026-03-01T10:02:02","slug":"famirel-castor-oil-galvas-adas-skrubis-ar-ricinellu-aug-un-atjaun-250-ml","status":"publish","type":"product","link":"https:\/\/e.kosmolat.eu\/lt\/produktas\/famirel-castor-oil-galvas-adas-skrubis-ar-ricinellu-aug-un-atjaun-250-ml\/","title":{"rendered":"FAMIREL Castor Oil \u0161veitiklis galvos odai augimas ir atk\u016brimas, 250 ml"},"content":{"rendered":"<p>Be reguliaraus plovimo \u0161amp\u016bnu ir kondicionavimo, \u012f savo plauk\u0173 rutin\u0105 \u012ftraukite galvos odos \u0161veitikl\u012f. Nauja ricinos aliejaus galvos odos \u0161veitimo formul\u0117 pa\u0161alina negyvas odos l\u0105steles, formavimo priemoni\u0173 liku\u010dius ir riebal\u0173 pertekli\u0173, padeda plaukams i\u0161laikyti nat\u016brali\u0105 dr\u0117gm\u0119 ir atgaivina galvos od\u0105..<\/p>\n<p>Naudojimas: Ant dr\u0117gnos galvos odos u\u017etepkite pakankam\u0105 \u0161veitiklio kiek\u012f. Masa\u017euokite \u0161velniais sukamaisiais judesiais 2-3 minutes. Nuplaukite tekan\u010diu vandeniu.. <\/p>\n<p>Atsargumo priemon\u0117s:<br \/>\n\u2022 Naudokite tik pagal paskirt\u012f.<br \/>\n\u2022 Neprarykite.<br \/>\n\u2022 Venkite patekimo \u012f akis.<br \/>\n\u2022 Laikyti vaikams nepasiekiamoje vietoje.<br \/>\n\u2022 Nenaudokite, jei yra individualus jautrumas komponentams.<br \/>\n\u2022 Jei atsiranda dirginimas, nedelsiant nutraukite naudojim\u0105.<br \/>\n\u2022 Tik i\u0161oriniam naudojimui<br \/>\n\u2022 Sud\u0117tyje n\u0117ra paraben\u0173.<\/p>\n<p>Laikymo s\u0105lygos: laikyti nuo +5 iki +39 \u00b0C temperat\u016broje, o santykin\u0117 oro dr\u0117gm\u0117 55-70%.<\/p>\n","protected":false},"excerpt":{"rendered":"<p>Be reguliaraus plovimo \u0161amp\u016bnu ir kondicionavimo, \u012f savo plauk\u0173 rutin\u0105 \u012ftraukite galvos odos \u0161veitikl\u012f. Nauja ricinos aliejaus galvos odos \u0161veitimo formul\u0117 pa\u0161alina negyvas odos l\u0105steles, formavimo priemoni\u0173 liku\u010dius ir riebal\u0173 pertekli\u0173, padeda plaukams i\u0161laikyti nat\u016brali\u0105 dr\u0117gm\u0119 ir atgaivina galvos od\u0105.. Naudojimas: Ant dr\u0117gnos galvos odos u\u017etepkite pakankam\u0105 \u0161veitiklio kiek\u012f. Masa\u017euokite \u0161velniais sukamaisiais judesiais 2-3 minutes. [&#8230;]\n","protected":false},"featured_media":102126,"template":"","meta":[],"product_cat":[1345],"product_tag":[],"class_list":{"0":"post-66157","1":"product","2":"type-product","3":"status-publish","4":"has-post-thumbnail","6":"product_brand-famirel-il-lt","7":"product_cat-kitos-plauku-prieziuros-priemones","9":"first","10":"instock","11":"taxable","12":"shipping-taxable","13":"product-type-simple"},"_links":{"self":[{"href":"https:\/\/e.kosmolat.eu\/lt\/wp-json\/wp\/v2\/product\/66157","targetHints":{"allow":["GET"]}}],"collection":[{"href":"https:\/\/e.kosmolat.eu\/lt\/wp-json\/wp\/v2\/product"}],"about":[{"href":"https:\/\/e.kosmolat.eu\/lt\/wp-json\/wp\/v2\/types\/product"}],"wp:featuredmedia":[{"embeddable":true,"href":"https:\/\/e.kosmolat.eu\/lt\/wp-json\/wp\/v2\/media\/102126"}],"wp:attachment":[{"href":"https:\/\/e.kosmolat.eu\/lt\/wp-json\/wp\/v2\/media?parent=66157"}],"wp:term":[{"taxonomy":"product_cat","embeddable":true,"href":"https:\/\/e.kosmolat.eu\/lt\/wp-json\/wp\/v2\/product_cat?post=66157"},{"taxonomy":"product_tag","embeddable":true,"href":"https:\/\/e.kosmolat.eu\/lt\/wp-json\/wp\/v2\/product_tag?post=66157"}],"curies":[{"name":"wp","href":"https:\/\/api.w.org\/{rel}","templated":true}]}}