{"id":66149,"date":"2025-03-25T05:18:49","date_gmt":"2025-03-25T05:18:49","guid":{"rendered":"https:\/\/e.kosmolat.eu\/product\/famirel-castor-oil-matu-maska-ar-ricinellu-aug-un-atjaun-250-ml\/"},"modified":"2026-03-30T17:04:30","modified_gmt":"2026-03-30T17:04:30","slug":"famirel-castor-oil-matu-maska-ar-ricinellu-aug-un-atjaun-250-ml","status":"publish","type":"product","link":"https:\/\/e.kosmolat.eu\/lt\/produktas\/famirel-castor-oil-matu-maska-ar-ricinellu-aug-un-atjaun-250-ml\/","title":{"rendered":"FAMIREL Castor Oil kauk\u0117 plaukams su ricinos aliejumi augimui ir atstatymui, 250 ml"},"content":{"rendered":"<p>Akimirksniu pagerina plauk\u0173 ir galvos odos b\u016bkl\u0119. Formul\u0117je yra ricinos ir kvie\u010di\u0173 aliejaus ir vitamin\u0173, kurie padeda i\u0161laikyti dr\u0117gm\u0119 plauko strukt\u016broje, neleid\u017eia l\u016b\u017ein\u0117ti, suteikia glotnumo ir ma\u017eina statin\u012f kr\u016bv\u012f. Reguliariai naudojant \u0161i\u0105 plauk\u0173 kauk\u0119 j\u016bs\u0173 plaukai bus stipresni ir labiau dr\u0117kinami.<\/p>\n<p>Naudojimas: Tepkite ant \u0161vari\u0173, dr\u0117gn\u0173 plauk\u0173. Palikite 3-5 minutes, tada kruop\u0161\u010diai nuplaukite. Naudokite 1-2 kartus per savait\u0119. <\/p>\n<p>Atsargumo priemon\u0117s:<br \/>\n\u2022 Naudokite tik pagal paskirt\u012f.<br \/>\n\u2022 Neprarykite.<br \/>\n\u2022 Venkite patekimo \u012f akis.<br \/>\n\u2022 Laikyti vaikams nepasiekiamoje vietoje.<br \/>\n\u2022 Nenaudokite, jei yra individualus jautrumas komponentams.<br \/>\n\u2022 Jei atsiranda dirginimas, nedelsiant nutraukite naudojim\u0105.<br \/>\n\u2022 Tik i\u0161oriniam naudojimui<br \/>\n\u2022 Sud\u0117tyje n\u0117ra paraben\u0173.<\/p>\n<p>Laikymo s\u0105lygos: laikyti nuo +5 iki +39 \u00b0C temperat\u016broje, o santykin\u0117 oro dr\u0117gm\u0117 55-70%.<\/p>\n","protected":false},"excerpt":{"rendered":"<p>Akimirksniu pagerina plauk\u0173 ir galvos odos b\u016bkl\u0119. Formul\u0117je yra ricinos ir kvie\u010di\u0173 aliejaus ir vitamin\u0173, kurie padeda i\u0161laikyti dr\u0117gm\u0119 plauko strukt\u016broje, neleid\u017eia l\u016b\u017ein\u0117ti, suteikia glotnumo ir ma\u017eina statin\u012f kr\u016bv\u012f. Reguliariai naudojant \u0161i\u0105 plauk\u0173 kauk\u0119 j\u016bs\u0173 plaukai bus stipresni ir labiau dr\u0117kinami. Naudojimas: Tepkite ant \u0161vari\u0173, dr\u0117gn\u0173 plauk\u0173. Palikite 3-5 minutes, tada kruop\u0161\u010diai nuplaukite. Naudokite 1-2 [&#8230;]\n","protected":false},"featured_media":100172,"template":"","meta":[],"product_cat":[1256],"product_tag":[],"class_list":{"0":"post-66149","1":"product","2":"type-product","3":"status-publish","4":"has-post-thumbnail","6":"product_brand-famirel-il-lt","7":"product_cat-plauku-kaukes","9":"first","10":"instock","11":"taxable","12":"shipping-taxable","13":"product-type-simple"},"_links":{"self":[{"href":"https:\/\/e.kosmolat.eu\/lt\/wp-json\/wp\/v2\/product\/66149","targetHints":{"allow":["GET"]}}],"collection":[{"href":"https:\/\/e.kosmolat.eu\/lt\/wp-json\/wp\/v2\/product"}],"about":[{"href":"https:\/\/e.kosmolat.eu\/lt\/wp-json\/wp\/v2\/types\/product"}],"wp:featuredmedia":[{"embeddable":true,"href":"https:\/\/e.kosmolat.eu\/lt\/wp-json\/wp\/v2\/media\/100172"}],"wp:attachment":[{"href":"https:\/\/e.kosmolat.eu\/lt\/wp-json\/wp\/v2\/media?parent=66149"}],"wp:term":[{"taxonomy":"product_cat","embeddable":true,"href":"https:\/\/e.kosmolat.eu\/lt\/wp-json\/wp\/v2\/product_cat?post=66149"},{"taxonomy":"product_tag","embeddable":true,"href":"https:\/\/e.kosmolat.eu\/lt\/wp-json\/wp\/v2\/product_tag?post=66149"}],"curies":[{"name":"wp","href":"https:\/\/api.w.org\/{rel}","templated":true}]}}