{"id":66141,"date":"2025-03-25T05:18:34","date_gmt":"2025-03-25T05:18:34","guid":{"rendered":"https:\/\/e.kosmolat.eu\/product\/famirel-castor-oil-matu-kondicionieris-ar-ricinellu-aug-un-atjaun-500-ml\/"},"modified":"2026-04-16T13:33:51","modified_gmt":"2026-04-16T13:33:51","slug":"famirel-castor-oil-matu-kondicionieris-ar-ricinellu-aug-un-atjaun-500-ml","status":"publish","type":"product","link":"https:\/\/e.kosmolat.eu\/lt\/produktas\/famirel-castor-oil-matu-kondicionieris-ar-ricinellu-aug-un-atjaun-500-ml\/","title":{"rendered":"FAMIREL Castor Oil Plauk\u0173 kondicionierius su ricinos aliejumi augimui ir atstatymui, 500 ml"},"content":{"rendered":"<p>Ricinos aliejaus kondicionierius atkuria pa\u017eeistus plaukus po cheminio apdorojimo, da\u017eymo ar terminio formavimo. Praturtintas kvie\u010di\u0173 aliejumi, vitaminu B5 ir keratinu, skatinan\u010diu plauk\u0173 augim\u0105 ir ma\u017einan\u010diais l\u016b\u017ein\u0117jim\u0105. Kondicionierius padeda suma\u017einti i\u0161si\u0161akojusius galiukus, tod\u0117l plaukai tampa glotn\u016bs, \u0161ilkiniai ir \u017evilgantys!<\/p>\n<p>Naudojimas: Tepkite ant dr\u0117gn\u0173 plauk\u0173 po \u0161amp\u016bno. Paskirstykite ant plauk\u0173 galiuk\u0173, palikite 3-5 minutes, tada kruop\u0161\u010diai i\u0161skalaukite.<br \/>\nAtsargumo priemon\u0117s:<br \/>\n\u2022 Naudokite tik pagal paskirt\u012f.<br \/>\n\u2022 Neprarykite.<br \/>\n\u2022 Venkite patekimo \u012f akis.<br \/>\n\u2022 Laikyti vaikams nepasiekiamoje vietoje.<br \/>\n\u2022 Nenaudokite, jei yra individualus jautrumas komponentams.<br \/>\n\u2022 Jei atsiranda dirginimas, nedelsiant nutraukite naudojim\u0105.<br \/>\n\u2022 Tik i\u0161oriniam naudojimui<br \/>\n\u2022 Sud\u0117tyje n\u0117ra paraben\u0173.<\/p>\n<p>Laikymo s\u0105lygos: laikyti nuo +5 iki +39 \u00b0C temperat\u016broje, o santykin\u0117 oro dr\u0117gm\u0117 55-70%.<\/p>\n","protected":false},"excerpt":{"rendered":"<p>Ricinos aliejaus kondicionierius atkuria pa\u017eeistus plaukus po cheminio apdorojimo, da\u017eymo ar terminio formavimo. Praturtintas kvie\u010di\u0173 aliejumi, vitaminu B5 ir keratinu, skatinan\u010diu plauk\u0173 augim\u0105 ir ma\u017einan\u010diais l\u016b\u017ein\u0117jim\u0105. Kondicionierius padeda suma\u017einti i\u0161si\u0161akojusius galiukus, tod\u0117l plaukai tampa glotn\u016bs, \u0161ilkiniai ir \u017evilgantys! Naudojimas: Tepkite ant dr\u0117gn\u0173 plauk\u0173 po \u0161amp\u016bno. Paskirstykite ant plauk\u0173 galiuk\u0173, palikite 3-5 minutes, tada kruop\u0161\u010diai i\u0161skalaukite. [&#8230;]\n","protected":false},"featured_media":102094,"template":"","meta":[],"product_cat":[1640],"product_tag":[],"class_list":{"0":"post-66141","1":"product","2":"type-product","3":"status-publish","4":"has-post-thumbnail","6":"product_brand-famirel-il-lt","7":"product_cat-balzamai","9":"first","10":"instock","11":"taxable","12":"shipping-taxable","13":"product-type-simple"},"_links":{"self":[{"href":"https:\/\/e.kosmolat.eu\/lt\/wp-json\/wp\/v2\/product\/66141","targetHints":{"allow":["GET"]}}],"collection":[{"href":"https:\/\/e.kosmolat.eu\/lt\/wp-json\/wp\/v2\/product"}],"about":[{"href":"https:\/\/e.kosmolat.eu\/lt\/wp-json\/wp\/v2\/types\/product"}],"wp:featuredmedia":[{"embeddable":true,"href":"https:\/\/e.kosmolat.eu\/lt\/wp-json\/wp\/v2\/media\/102094"}],"wp:attachment":[{"href":"https:\/\/e.kosmolat.eu\/lt\/wp-json\/wp\/v2\/media?parent=66141"}],"wp:term":[{"taxonomy":"product_cat","embeddable":true,"href":"https:\/\/e.kosmolat.eu\/lt\/wp-json\/wp\/v2\/product_cat?post=66141"},{"taxonomy":"product_tag","embeddable":true,"href":"https:\/\/e.kosmolat.eu\/lt\/wp-json\/wp\/v2\/product_tag?post=66141"}],"curies":[{"name":"wp","href":"https:\/\/api.w.org\/{rel}","templated":true}]}}