{"id":66133,"date":"2025-03-25T05:18:15","date_gmt":"2025-03-25T05:18:15","guid":{"rendered":"https:\/\/e.kosmolat.eu\/product\/famirel-castor-oil-sampuns-ar-ricinellu-aug-un-atjaun-500-ml\/"},"modified":"2026-04-14T16:32:47","modified_gmt":"2026-04-14T16:32:47","slug":"famirel-castor-oil-sampuns-ar-ricinellu-aug-un-atjaun-500-ml","status":"publish","type":"product","link":"https:\/\/e.kosmolat.eu\/lt\/produktas\/famirel-castor-oil-sampuns-ar-ricinellu-aug-un-atjaun-500-ml\/","title":{"rendered":"FAMIREL Castor Oil \u0161amp\u016bnas su ricinos aliejumi augimas ir atk\u016brimas, 500 ml"},"content":{"rendered":"<p>Skatina plauk\u0173 augim\u0105 ma\u017eina plauk\u0173 l\u016b\u017ein\u0117jim\u0105. Praturtintas omega-9 riebiosiomis r\u016bg\u0161timis, kurios suteikia sveikus plaukus ir ma\u017eina galiuk\u0173 skilin\u0117jim\u0105.<\/p>\n<p>Ricinos aliejaus \u0161amp\u016bnas padaro plaukus glotnius, \u017evilgan\u010dius, pa\u0161alina statin\u012f kr\u016bv\u012f, maitina ir apsaugo nuo kar\u0161\u010dio, ne\u0161varum\u0173 ir aplinkos poveikio.<\/p>\n<p>Naudojimas: U\u017etepkite nedidel\u012f kiek\u012f \u0161amp\u016bno ir \u0161velniai \u012fmasa\u017euokite \u012f dr\u0117gnus plaukus ir galvos od\u0105. Tolygiai paskirstykite \u0161amp\u016bn\u0105 per vis\u0105 plauk\u0173 ilg\u012f. I\u0161skalaukite plaukus ir galvos od\u0105 vandeniu.<\/p>\n<p>Atsargumo priemon\u0117s:<br \/>\n\u2022 Naudokite tik pagal paskirt\u012f.<br \/>\n\u2022 Neprarykite.<br \/>\n\u2022 Venkite patekimo \u012f akis.<br \/>\n\u2022 Laikyti vaikams nepasiekiamoje vietoje.<br \/>\n\u2022 Nenaudokite, jei yra individualus jautrumas komponentams.<br \/>\n\u2022 Jei atsiranda dirginimas, nedelsiant nutraukite naudojim\u0105.<br \/>\n\u2022 Tik i\u0161oriniam naudojimui<br \/>\n\u2022 Sud\u0117tyje n\u0117ra paraben\u0173.<\/p>\n<p>Laikymo s\u0105lygos: laikyti nuo +5 iki +39 \u00b0C temperat\u016broje, o santykin\u0117 oro dr\u0117gm\u0117 55-70%.<\/p>\n","protected":false},"excerpt":{"rendered":"<p>Skatina plauk\u0173 augim\u0105 ma\u017eina plauk\u0173 l\u016b\u017ein\u0117jim\u0105. Praturtintas omega-9 riebiosiomis r\u016bg\u0161timis, kurios suteikia sveikus plaukus ir ma\u017eina galiuk\u0173 skilin\u0117jim\u0105. Ricinos aliejaus \u0161amp\u016bnas padaro plaukus glotnius, \u017evilgan\u010dius, pa\u0161alina statin\u012f kr\u016bv\u012f, maitina ir apsaugo nuo kar\u0161\u010dio, ne\u0161varum\u0173 ir aplinkos poveikio. Naudojimas: U\u017etepkite nedidel\u012f kiek\u012f \u0161amp\u016bno ir \u0161velniai \u012fmasa\u017euokite \u012f dr\u0117gnus plaukus ir galvos od\u0105. Tolygiai paskirstykite \u0161amp\u016bn\u0105 per [&#8230;]\n","protected":false},"featured_media":102367,"template":"","meta":[],"product_cat":[1251],"product_tag":[],"class_list":{"0":"post-66133","1":"product","2":"type-product","3":"status-publish","4":"has-post-thumbnail","6":"product_brand-famirel-il-lt","7":"product_cat-sampunai","9":"first","10":"instock","11":"taxable","12":"shipping-taxable","13":"product-type-simple"},"_links":{"self":[{"href":"https:\/\/e.kosmolat.eu\/lt\/wp-json\/wp\/v2\/product\/66133","targetHints":{"allow":["GET"]}}],"collection":[{"href":"https:\/\/e.kosmolat.eu\/lt\/wp-json\/wp\/v2\/product"}],"about":[{"href":"https:\/\/e.kosmolat.eu\/lt\/wp-json\/wp\/v2\/types\/product"}],"wp:featuredmedia":[{"embeddable":true,"href":"https:\/\/e.kosmolat.eu\/lt\/wp-json\/wp\/v2\/media\/102367"}],"wp:attachment":[{"href":"https:\/\/e.kosmolat.eu\/lt\/wp-json\/wp\/v2\/media?parent=66133"}],"wp:term":[{"taxonomy":"product_cat","embeddable":true,"href":"https:\/\/e.kosmolat.eu\/lt\/wp-json\/wp\/v2\/product_cat?post=66133"},{"taxonomy":"product_tag","embeddable":true,"href":"https:\/\/e.kosmolat.eu\/lt\/wp-json\/wp\/v2\/product_tag?post=66133"}],"curies":[{"name":"wp","href":"https:\/\/api.w.org\/{rel}","templated":true}]}}