{"id":66097,"date":"2025-03-25T05:16:54","date_gmt":"2025-03-25T05:16:54","guid":{"rendered":"https:\/\/e.kosmolat.eu\/product\/famirel-black-caviar-mitrin-pretgrumbu-sejas-kr-ar-melno-ikru-ekstraktu-spf-15-50-ml\/"},"modified":"2025-05-02T09:04:42","modified_gmt":"2025-05-02T09:04:42","slug":"famirel-black-caviar-mitrin-pretgrumbu-sejas-kr-ar-melno-ikru-ekstraktu-spf-15-50-ml","status":"publish","type":"product","link":"https:\/\/e.kosmolat.eu\/lt\/produktas\/famirel-black-caviar-mitrin-pretgrumbu-sejas-kr-ar-melno-ikru-ekstraktu-spf-15-50-ml\/","title":{"rendered":"FAMIREL Black Caviar Dr\u0117kinamasis veido kremas nuo rauk\u0161li\u0173 su juod\u0173j\u0173 ikr\u0173 ekstraktu SPF 15, 50 ml"},"content":{"rendered":"<p>I\u0161skirtinis dr\u0117kinamasis kremas, praturtintas juodaisiais ikrais, turi optimal\u0173 labai koncentruot\u0173 aliej\u0173 ir baltym\u0173 balans\u0105. Su SPF 15, apsaugan\u010diu nuo UVA ir UVB spinduli\u0173. Sud\u0117tyje yra \u012fkapsuliuoto vitamino E, kuris i\u0161siskiria krem\u0105 paskirstant ant odos, alyvuogi\u0173 aliejaus, ramun\u0117li\u0173 ir \u017ealiosios arbatos ekstrakt\u0173, alavij\u0173 ir Negyvosios j\u016bros mineral\u0173. Dr\u0117kina ir maitina od\u0105, j\u0105 ramina ir gaivina.<\/p>\n<p>Naudojimas: tepkite krem\u0105, \u0161velniai masa\u017euokite, kol visi\u0161kai \u012fsigers. Nor\u0117dami patikimai apsaugoti nuo saul\u0117s spinduli\u0173, reguliariai tepkite produkt\u0105 ant odos. Venkite ilgalaikio buvimo saul\u0117je, net ir naudodami krem\u0105.<\/p>\n<p>\u012esp\u0117jimas: Sud\u0117tyje yra vitamino A. Prie\u0161 naudojim\u0105 atkreipkite d\u0117mes\u012f \u012f paros norm\u0105.<\/p>\n<p>Atsargumo priemon\u0117s:<br \/>\n\u2022 Naudokite tik pagal paskirt\u012f.<br \/>\n\u2022 Neprarykite.<br \/>\n\u2022 Venkite patekimo \u012f akis.<br \/>\n\u2022 Laikyti vaikams nepasiekiamoje vietoje.<br \/>\n\u2022 Nenaudokite, jei yra individualus jautrumas komponentams.<br \/>\n\u2022 Jei atsiranda dirginimas, nedelsiant nutraukite naudojim\u0105.<br \/>\n\u2022 Sud\u0117tyje n\u0117ra paraben\u0173.<\/p>\n<p>Laikymo s\u0105lygos: laikyti nuo +5 iki +39 \u00b0C temperat\u016broje, o santykin\u0117 oro dr\u0117gm\u0117 55-70%.<\/p>\n","protected":false},"excerpt":{"rendered":"<p>I\u0161skirtinis dr\u0117kinamasis kremas, praturtintas juodaisiais ikrais, turi optimal\u0173 labai koncentruot\u0173 aliej\u0173 ir baltym\u0173 balans\u0105. Su SPF 15, apsaugan\u010diu nuo UVA ir UVB spinduli\u0173. Sud\u0117tyje yra \u012fkapsuliuoto vitamino E, kuris i\u0161siskiria krem\u0105 paskirstant ant odos, alyvuogi\u0173 aliejaus, ramun\u0117li\u0173 ir \u017ealiosios arbatos ekstrakt\u0173, alavij\u0173 ir Negyvosios j\u016bros mineral\u0173. Dr\u0117kina ir maitina od\u0105, j\u0105 ramina ir gaivina. Naudojimas: [&#8230;]\n","protected":false},"featured_media":66115,"template":"","meta":[],"product_cat":[1322],"product_tag":[],"class_list":{"0":"post-66097","1":"product","2":"type-product","3":"status-publish","4":"has-post-thumbnail","6":"product_brand-famirel-il-lt","7":"product_cat-veido-kremai","9":"first","10":"outofstock","11":"taxable","12":"shipping-taxable","13":"product-type-simple"},"_links":{"self":[{"href":"https:\/\/e.kosmolat.eu\/lt\/wp-json\/wp\/v2\/product\/66097","targetHints":{"allow":["GET"]}}],"collection":[{"href":"https:\/\/e.kosmolat.eu\/lt\/wp-json\/wp\/v2\/product"}],"about":[{"href":"https:\/\/e.kosmolat.eu\/lt\/wp-json\/wp\/v2\/types\/product"}],"wp:featuredmedia":[{"embeddable":true,"href":"https:\/\/e.kosmolat.eu\/lt\/wp-json\/wp\/v2\/media\/66115"}],"wp:attachment":[{"href":"https:\/\/e.kosmolat.eu\/lt\/wp-json\/wp\/v2\/media?parent=66097"}],"wp:term":[{"taxonomy":"product_cat","embeddable":true,"href":"https:\/\/e.kosmolat.eu\/lt\/wp-json\/wp\/v2\/product_cat?post=66097"},{"taxonomy":"product_tag","embeddable":true,"href":"https:\/\/e.kosmolat.eu\/lt\/wp-json\/wp\/v2\/product_tag?post=66097"}],"curies":[{"name":"wp","href":"https:\/\/api.w.org\/{rel}","templated":true}]}}