{"id":66089,"date":"2025-03-25T05:16:37","date_gmt":"2025-03-25T05:16:37","guid":{"rendered":"https:\/\/e.kosmolat.eu\/product\/famirel-copper-peptide-al-aktivs-liftinga-sejas-serums-ar-vara-peptidiem-40-ml\/"},"modified":"2026-04-16T13:37:56","modified_gmt":"2026-04-16T13:37:56","slug":"famirel-copper-peptide-al-aktivs-liftinga-sejas-serums-ar-vara-peptidiem-40-ml","status":"publish","type":"product","link":"https:\/\/e.kosmolat.eu\/lt\/produktas\/famirel-copper-peptide-al-aktivs-liftinga-sejas-serums-ar-vara-peptidiem-40-ml\/","title":{"rendered":"FAMIREL Copper Peptide Active Lifting Stangrinantis aktyvus veido serumas su vario peptidais, 40 ml"},"content":{"rendered":"<p>Copper Peptide Active Lifting asortimentas sukurtas taip, kad suma\u017eint\u0173 smulkias linijas ir rauk\u0161les nuo j\u0173 atsiradimo momento. Copper Peptide Lifting technologija veikia kaip antioksidantas, skatinantis kolageno ir elastino gamyb\u0105 bei ma\u017einantis rauk\u0161li\u0173 atsiradim\u0105. \u0160ios linijos produktai tinka naudoti ryte ir vakare, suteikiant apsaug\u0105 dien\u0105 ir atkuriant od\u0105 nakt\u012f.<\/p>\n<p>Copper Peptide Active Lifting serumas turi lengvai \u012fsisavinam\u0105 formul\u0119, kurioje yra sezamo baltym\u0173, vitamin\u0173 ir vario peptido. Reguliarus kasdienis naudojimas atkuria od\u0105 ir suma\u017eina rauk\u0161li\u0173 atsiradim\u0105. Apsaugo od\u0105 nuo aplinkos tar\u0161os ir saul\u0117s poveikio.<\/p>\n<p>Naudojimas: tepkite serum\u0105 ant nuvalytos veido ir kaklo odos, \u0161velniai masa\u017euokite, kol visi\u0161kai \u012fsigers. Nor\u0117dami gauti geriausius rezultatus, naudokite kasdien ma\u017eiausiai 30 dien\u0173.<\/p>\n<p>\u012esp\u0117jimas: Sud\u0117tyje yra vitamino A. Prie\u0161 naudojim\u0105 atkreipkite d\u0117mes\u012f \u012f paros norm\u0105.<\/p>\n<p>Atsargumo priemon\u0117s:<br \/>\n\u2022 Naudokite tik pagal paskirt\u012f.<br \/>\n\u2022 Neprarykite.<br \/>\n\u2022 Venkite patekimo \u012f akis.<br \/>\n\u2022 Laikyti vaikams nepasiekiamoje vietoje.<br \/>\n\u2022 Nenaudokite, jei yra individualus jautrumas komponentams.<br \/>\n\u2022 Jei atsiranda dirginimas, nedelsiant nutraukite naudojim\u0105.<br \/>\n\u2022 Sud\u0117tyje n\u0117ra paraben\u0173.<\/p>\n<p>Laikymo s\u0105lygos: laikyti nuo +5 iki +39 \u00b0C temperat\u016broje, o santykin\u0117 oro dr\u0117gm\u0117 55-70%.<\/p>\n","protected":false},"excerpt":{"rendered":"<p>Copper Peptide Active Lifting asortimentas sukurtas taip, kad suma\u017eint\u0173 smulkias linijas ir rauk\u0161les nuo j\u0173 atsiradimo momento. Copper Peptide Lifting technologija veikia kaip antioksidantas, skatinantis kolageno ir elastino gamyb\u0105 bei ma\u017einantis rauk\u0161li\u0173 atsiradim\u0105. \u0160ios linijos produktai tinka naudoti ryte ir vakare, suteikiant apsaug\u0105 dien\u0105 ir atkuriant od\u0105 nakt\u012f. Copper Peptide Active Lifting serumas turi lengvai [&#8230;]\n","protected":false},"featured_media":99100,"template":"","meta":[],"product_cat":[1327],"product_tag":[],"class_list":{"0":"post-66089","1":"product","2":"type-product","3":"status-publish","4":"has-post-thumbnail","6":"product_brand-famirel-il-lt","7":"product_cat-serumai","9":"first","10":"instock","11":"taxable","12":"shipping-taxable","13":"product-type-simple"},"_links":{"self":[{"href":"https:\/\/e.kosmolat.eu\/lt\/wp-json\/wp\/v2\/product\/66089","targetHints":{"allow":["GET"]}}],"collection":[{"href":"https:\/\/e.kosmolat.eu\/lt\/wp-json\/wp\/v2\/product"}],"about":[{"href":"https:\/\/e.kosmolat.eu\/lt\/wp-json\/wp\/v2\/types\/product"}],"wp:featuredmedia":[{"embeddable":true,"href":"https:\/\/e.kosmolat.eu\/lt\/wp-json\/wp\/v2\/media\/99100"}],"wp:attachment":[{"href":"https:\/\/e.kosmolat.eu\/lt\/wp-json\/wp\/v2\/media?parent=66089"}],"wp:term":[{"taxonomy":"product_cat","embeddable":true,"href":"https:\/\/e.kosmolat.eu\/lt\/wp-json\/wp\/v2\/product_cat?post=66089"},{"taxonomy":"product_tag","embeddable":true,"href":"https:\/\/e.kosmolat.eu\/lt\/wp-json\/wp\/v2\/product_tag?post=66089"}],"curies":[{"name":"wp","href":"https:\/\/api.w.org\/{rel}","templated":true}]}}