{"id":66081,"date":"2025-03-25T05:16:19","date_gmt":"2025-03-25T05:16:19","guid":{"rendered":"https:\/\/e.kosmolat.eu\/product\/famirel-copper-peptide-al-aktivs-liftinga-krems-adai-ap-acim-ar-vara-peptidiem-40-ml\/"},"modified":"2026-04-16T10:34:50","modified_gmt":"2026-04-16T10:34:50","slug":"famirel-copper-peptide-al-aktivs-liftinga-krems-adai-ap-acim-ar-vara-peptidiem-40-ml","status":"publish","type":"product","link":"https:\/\/e.kosmolat.eu\/lt\/produktas\/famirel-copper-peptide-al-aktivs-liftinga-krems-adai-ap-acim-ar-vara-peptidiem-40-ml\/","title":{"rendered":"FAMIREL Copper Peptide Active Lifting Stangrinantis aktyvus kremas odai aplink akis su vario peptida"},"content":{"rendered":"<p>Copper Peptide Active Lifting asortimentas sukurtas taip, kad suma\u017eint\u0173 smulkias linijas ir rauk\u0161les nuo j\u0173 atsiradimo momento. Copper Peptide Lifting technologija veikia kaip antioksidantas, skatinantis kolageno ir elastino gamyb\u0105 bei ma\u017einantis rauk\u0161li\u0173 atsiradim\u0105. \u0160ios linijos produktai tinka naudoti ryte ir vakare, suteikiant apsaug\u0105 dien\u0105 ir atkuriant od\u0105 nakt\u012f.<\/p>\n<p>Copper Peptide Active Lifting kremas turi lengvai \u012fsisavinam\u0105 formul\u0119, kurioje yra sezamo baltym\u0173, augal\u0173 ir dumbli\u0173 ekstrakt\u0173, skirt\u0173 apsaugoti ir pri\u017ei\u016br\u0117ti od\u0105 aplink akis, u\u017ekertant keli\u0105 smulki\u0173 rauk\u0161leli\u0173 atsiradimui, paburkimui ir tamsiems ratilams.<\/p>\n<p>Naudojimo instrukcija: nedidel\u012f kiek\u012f kremo u\u017etepkite aplink akis ir \u0161velniai patrinkite, kol visi\u0161kai \u012fsigers. Nor\u0117dami gauti geriausius rezultatus, naudokite kasdien, ryte ir vakare, ma\u017eiausiai 30 dien\u0173.<\/p>\n<p>\u012esp\u0117jimas: Sud\u0117tyje yra vitamino A. Prie\u0161 naudojim\u0105 atkreipkite d\u0117mes\u012f \u012f paros norm\u0105.<\/p>\n<p>Atsargumo priemon\u0117s:<br \/>\n\u2022 Naudokite tik pagal paskirt\u012f.<br \/>\n\u2022 Neprarykite.<br \/>\n\u2022 Venkite patekimo \u012f akis.<br \/>\n\u2022 Laikyti vaikams nepasiekiamoje vietoje.<br \/>\n\u2022 Nenaudokite, jei yra individualus jautrumas komponentams.<br \/>\n\u2022 Jei atsiranda dirginimas, nedelsiant nutraukite naudojim\u0105.<br \/>\n\u2022 Sud\u0117tyje n\u0117ra paraben\u0173.<\/p>\n<p>Laikymo s\u0105lygos: laikyti nuo +5 iki +39 \u00b0C temperat\u016broje, o santykin\u0117 oro dr\u0117gm\u0117 55-70%.<\/p>\n","protected":false},"excerpt":{"rendered":"<p>Copper Peptide Active Lifting asortimentas sukurtas taip, kad suma\u017eint\u0173 smulkias linijas ir rauk\u0161les nuo j\u0173 atsiradimo momento. Copper Peptide Lifting technologija veikia kaip antioksidantas, skatinantis kolageno ir elastino gamyb\u0105 bei ma\u017einantis rauk\u0161li\u0173 atsiradim\u0105. \u0160ios linijos produktai tinka naudoti ryte ir vakare, suteikiant apsaug\u0105 dien\u0105 ir atkuriant od\u0105 nakt\u012f. Copper Peptide Active Lifting kremas turi lengvai [&#8230;]\n","protected":false},"featured_media":98506,"template":"","meta":[],"product_cat":[1590],"product_tag":[],"class_list":{"0":"post-66081","1":"product","2":"type-product","3":"status-publish","4":"has-post-thumbnail","6":"product_brand-famirel-il-lt","7":"product_cat-paakiu-kremai","9":"first","10":"instock","11":"taxable","12":"shipping-taxable","13":"product-type-simple"},"_links":{"self":[{"href":"https:\/\/e.kosmolat.eu\/lt\/wp-json\/wp\/v2\/product\/66081","targetHints":{"allow":["GET"]}}],"collection":[{"href":"https:\/\/e.kosmolat.eu\/lt\/wp-json\/wp\/v2\/product"}],"about":[{"href":"https:\/\/e.kosmolat.eu\/lt\/wp-json\/wp\/v2\/types\/product"}],"wp:featuredmedia":[{"embeddable":true,"href":"https:\/\/e.kosmolat.eu\/lt\/wp-json\/wp\/v2\/media\/98506"}],"wp:attachment":[{"href":"https:\/\/e.kosmolat.eu\/lt\/wp-json\/wp\/v2\/media?parent=66081"}],"wp:term":[{"taxonomy":"product_cat","embeddable":true,"href":"https:\/\/e.kosmolat.eu\/lt\/wp-json\/wp\/v2\/product_cat?post=66081"},{"taxonomy":"product_tag","embeddable":true,"href":"https:\/\/e.kosmolat.eu\/lt\/wp-json\/wp\/v2\/product_tag?post=66081"}],"curies":[{"name":"wp","href":"https:\/\/api.w.org\/{rel}","templated":true}]}}