{"id":66057,"date":"2025-03-25T05:15:32","date_gmt":"2025-03-25T05:15:32","guid":{"rendered":"https:\/\/e.kosmolat.eu\/product\/famirel-collagen-mitrinoss-krems-adai-ap-ac-ar-kolagenu-30-ml\/"},"modified":"2026-04-22T11:23:12","modified_gmt":"2026-04-22T11:23:12","slug":"famirel-collagen-mitrinoss-krems-adai-ap-ac-ar-kolagenu-30-ml","status":"publish","type":"product","link":"https:\/\/e.kosmolat.eu\/lt\/produktas\/famirel-collagen-mitrinoss-krems-adai-ap-ac-ar-kolagenu-30-ml\/","title":{"rendered":"FAMIREL Collagen Dr\u0117kinamasis paaki\u0173 kremas su kolagenu, 30 ml"},"content":{"rendered":"<p>Kolagenas apsaugo nuo odos suglebimo, suteikia jai stangrumo ir jaunatvi\u0161kos i\u0161vaizdos. Senstant nat\u016brali kolageno gamyba sul\u0117t\u0117ja. Po 25 met\u0173 jo lygis palaipsniui ma\u017e\u0117ja. Per pirmuosius penkerius menopauz\u0117s metus moterys gali netekti iki 30% kolageno.<\/p>\n<p>Reguliarus kolageno linijos naudojimas padeda:<br \/>\n\u2022 Padidinti odos elastingum\u0105 ir lygum\u0105;<br \/>\n\u2022 Suma\u017einti smulkias rauk\u0161leles;<br \/>\n\u2022 U\u017ekirsti keli\u0105 gili\u0173 rauk\u0161li\u0173 atsiradimui;<br \/>\n\u2022 Stiprinti plon\u0105 ir trapi\u0105 od\u0105;<br \/>\n\u2022 Dr\u0117kinkite od\u0105 ir atkurkite nat\u016bral\u0173 jos spindes\u012f.<\/p>\n<p>Lengvas kremas aplink akis su kolagenu greitai susigeria, giliai maitina ir dr\u0117kina od\u0105, saugo j\u0105 nuo ilgalaikio i\u0161orini\u0173 veiksni\u0173 poveikio ir i\u0161saus\u0117jimo.<\/p>\n<p>Naudojimo instrukcija: nedidel\u012f kiek\u012f kremo u\u017etepkite aplink akis ir \u0161velniai patrinkite, kol visi\u0161kai \u012fsigers. Nor\u0117dami gauti geriausius rezultatus, naudokite kasdien, ryte ir vakare, ma\u017eiausiai 30 dien\u0173.<\/p>\n<p>\u012esp\u0117jimas: Sud\u0117tyje yra vitamino A. Prie\u0161 naudojim\u0105 atkreipkite d\u0117mes\u012f \u012f paros norm\u0105.<\/p>\n<p>Atsargumo priemon\u0117s:<br \/>\n\u2022 Naudokite tik pagal paskirt\u012f.<br \/>\n\u2022 Neprarykite.<br \/>\n\u2022 Venkite patekimo \u012f akis.<br \/>\n\u2022 Laikyti vaikams nepasiekiamoje vietoje.<br \/>\n\u2022 Nenaudokite, jei yra individualus jautrumas komponentams.<br \/>\n\u2022 Jei atsiranda dirginimas, nedelsiant nutraukite naudojim\u0105.<br \/>\n\u2022 Sud\u0117tyje n\u0117ra paraben\u0173.<\/p>\n<p>Laikymo s\u0105lygos: laikyti nuo +5 iki +39 \u00b0C temperat\u016broje, o santykin\u0117 oro dr\u0117gm\u0117 55-70%<\/p>\n","protected":false},"excerpt":{"rendered":"<p>Kolagenas apsaugo nuo odos suglebimo, suteikia jai stangrumo ir jaunatvi\u0161kos i\u0161vaizdos. Senstant nat\u016brali kolageno gamyba sul\u0117t\u0117ja. Po 25 met\u0173 jo lygis palaipsniui ma\u017e\u0117ja. Per pirmuosius penkerius menopauz\u0117s metus moterys gali netekti iki 30% kolageno. Reguliarus kolageno linijos naudojimas padeda: \u2022 Padidinti odos elastingum\u0105 ir lygum\u0105; \u2022 Suma\u017einti smulkias rauk\u0161leles; \u2022 U\u017ekirsti keli\u0105 gili\u0173 rauk\u0161li\u0173 atsiradimui; [&#8230;]\n","protected":false},"featured_media":100652,"template":"","meta":[],"product_cat":[2181],"product_tag":[],"class_list":{"0":"post-66057","1":"product","2":"type-product","3":"status-publish","4":"has-post-thumbnail","6":"product_brand-famirel-il-lt","7":"product_cat-bez-kategorijas-lt","9":"first","10":"instock","11":"taxable","12":"shipping-taxable","13":"product-type-simple"},"_links":{"self":[{"href":"https:\/\/e.kosmolat.eu\/lt\/wp-json\/wp\/v2\/product\/66057","targetHints":{"allow":["GET"]}}],"collection":[{"href":"https:\/\/e.kosmolat.eu\/lt\/wp-json\/wp\/v2\/product"}],"about":[{"href":"https:\/\/e.kosmolat.eu\/lt\/wp-json\/wp\/v2\/types\/product"}],"wp:featuredmedia":[{"embeddable":true,"href":"https:\/\/e.kosmolat.eu\/lt\/wp-json\/wp\/v2\/media\/100652"}],"wp:attachment":[{"href":"https:\/\/e.kosmolat.eu\/lt\/wp-json\/wp\/v2\/media?parent=66057"}],"wp:term":[{"taxonomy":"product_cat","embeddable":true,"href":"https:\/\/e.kosmolat.eu\/lt\/wp-json\/wp\/v2\/product_cat?post=66057"},{"taxonomy":"product_tag","embeddable":true,"href":"https:\/\/e.kosmolat.eu\/lt\/wp-json\/wp\/v2\/product_tag?post=66057"}],"curies":[{"name":"wp","href":"https:\/\/api.w.org\/{rel}","templated":true}]}}