{"id":66033,"date":"2025-03-25T05:14:35","date_gmt":"2025-03-25T05:14:35","guid":{"rendered":"https:\/\/e.kosmolat.eu\/product\/famirel-hyaluronic-acid-eh-mitrin-sejas-serums-ar-hialuronsk-30-ml\/"},"modified":"2026-04-20T12:29:12","modified_gmt":"2026-04-20T12:29:12","slug":"famirel-hyaluronic-acid-eh-mitrin-sejas-serums-ar-hialuronsk-30-ml","status":"publish","type":"product","link":"https:\/\/e.kosmolat.eu\/lt\/produktas\/famirel-hyaluronic-acid-eh-mitrin-sejas-serums-ar-hialuronsk-30-ml\/","title":{"rendered":"FAMIREL Hyaluronic Acid Extra Hydration Dr\u0117kinamasis serumas su hialurono r\u016bg\u0161timi, 30 ml"},"content":{"rendered":"<p>Hialurono r\u016bg\u0161tis yra pagrindin\u0117 \u0161ios produkt\u0173 linijos sudedamoji dalis. Jos vanden\u012f sulaikan\u010dios savyb\u0117s padeda dr\u0117kinti ir atkurti i\u0161saus\u0117jusi\u0105, suglebusi\u0105 od\u0105 ir kovoti su sen\u0117jimo po\u017eymiais.<br \/>\nSerumas pritraukia dr\u0117gm\u0119 ir j\u0105 sulaiko, tod\u0117l oda tampa stangresn\u0117 ir lygesn\u0117.<\/p>\n<p>Naudojimas: tepkite serum\u0105 ant \u0161varios veido ir kaklo odos, \u0161velniai masa\u017euokite, kol visi\u0161kai \u012fsigers. Nor\u0117dami gauti geriausius rezultatus, naudokite kasdien ma\u017eiausiai 30 dien\u0173.<\/p>\n<p>\u012esp\u0117jimas: Sud\u0117tyje yra vitamino A. Prie\u0161 naudojim\u0105 atkreipkite d\u0117mes\u012f \u012f paros norm\u0105.<\/p>\n<p>Atsargumo priemon\u0117s:<br \/>\n\u2022 Naudokite tik pagal paskirt\u012f.<br \/>\n\u2022 Neprarykite.<br \/>\n\u2022 Venkite patekimo \u012f akis.<br \/>\n\u2022 Laikyti vaikams nepasiekiamoje vietoje.<br \/>\n\u2022 Nenaudokite, jei yra individualus jautrumas komponentams.<br \/>\n\u2022 Jei atsiranda dirginimas, nedelsiant nutraukite naudojim\u0105.<br \/>\n\u2022 Sud\u0117tyje n\u0117ra paraben\u0173.<\/p>\n<p>Laikymo s\u0105lygos: laikyti nuo +5 iki +39 \u00b0C temperat\u016broje, o santykin\u0117 oro dr\u0117gm\u0117 55-70%.<\/p>\n","protected":false},"excerpt":{"rendered":"<p>Hialurono r\u016bg\u0161tis yra pagrindin\u0117 \u0161ios produkt\u0173 linijos sudedamoji dalis. Jos vanden\u012f sulaikan\u010dios savyb\u0117s padeda dr\u0117kinti ir atkurti i\u0161saus\u0117jusi\u0105, suglebusi\u0105 od\u0105 ir kovoti su sen\u0117jimo po\u017eymiais. Serumas pritraukia dr\u0117gm\u0119 ir j\u0105 sulaiko, tod\u0117l oda tampa stangresn\u0117 ir lygesn\u0117. Naudojimas: tepkite serum\u0105 ant \u0161varios veido ir kaklo odos, \u0161velniai masa\u017euokite, kol visi\u0161kai \u012fsigers. Nor\u0117dami gauti geriausius rezultatus, [&#8230;]\n","protected":false},"featured_media":100764,"template":"","meta":[],"product_cat":[1327],"product_tag":[],"class_list":{"0":"post-66033","1":"product","2":"type-product","3":"status-publish","4":"has-post-thumbnail","6":"product_brand-famirel-il-lt","7":"product_cat-serumai","9":"first","10":"instock","11":"taxable","12":"shipping-taxable","13":"product-type-simple"},"_links":{"self":[{"href":"https:\/\/e.kosmolat.eu\/lt\/wp-json\/wp\/v2\/product\/66033","targetHints":{"allow":["GET"]}}],"collection":[{"href":"https:\/\/e.kosmolat.eu\/lt\/wp-json\/wp\/v2\/product"}],"about":[{"href":"https:\/\/e.kosmolat.eu\/lt\/wp-json\/wp\/v2\/types\/product"}],"wp:featuredmedia":[{"embeddable":true,"href":"https:\/\/e.kosmolat.eu\/lt\/wp-json\/wp\/v2\/media\/100764"}],"wp:attachment":[{"href":"https:\/\/e.kosmolat.eu\/lt\/wp-json\/wp\/v2\/media?parent=66033"}],"wp:term":[{"taxonomy":"product_cat","embeddable":true,"href":"https:\/\/e.kosmolat.eu\/lt\/wp-json\/wp\/v2\/product_cat?post=66033"},{"taxonomy":"product_tag","embeddable":true,"href":"https:\/\/e.kosmolat.eu\/lt\/wp-json\/wp\/v2\/product_tag?post=66033"}],"curies":[{"name":"wp","href":"https:\/\/api.w.org\/{rel}","templated":true}]}}