{"id":66025,"date":"2025-03-25T05:14:17","date_gmt":"2025-03-25T05:14:17","guid":{"rendered":"https:\/\/e.kosmolat.eu\/product\/famirel-hyaluronic-acid-eh-mitrin-krmes-adai-ap-ac-ar-hialuronsk-30-ml\/"},"modified":"2026-04-20T12:28:57","modified_gmt":"2026-04-20T12:28:57","slug":"famirel-hyaluronic-acid-eh-mitrin-krmes-adai-ap-ac-ar-hialuronsk-30-ml","status":"publish","type":"product","link":"https:\/\/e.kosmolat.eu\/lt\/produktas\/famirel-hyaluronic-acid-eh-mitrin-krmes-adai-ap-ac-ar-hialuronsk-30-ml\/","title":{"rendered":"FAMIREL Hyaluronic Acid Extra Hydration Dr\u0117kinamasis paaki\u0173 kremas su hialurono r\u016bg\u0161timi, 30 ml"},"content":{"rendered":"<p>Hialurono r\u016bg\u0161tis yra pagrindin\u0117 \u0161ios produkt\u0173 linijos sudedamoji dalis. Jos vanden\u012f sulaikan\u010dios savyb\u0117s padeda dr\u0117kinti ir atkurti i\u0161saus\u0117jusi\u0105, suglebusi\u0105 od\u0105 ir kovoti su sen\u0117jimo po\u017eymiais.<\/p>\n<p>Turtingoje paaki\u0173 kremo formul\u0117je yra pagrindin\u0117 sudedamoji dalis hialurono r\u016bg\u0161tis, kuri pritraukia ir suri\u0161a vandens molekules, didindama odos dr\u0117gm\u0117s lyg\u012f. Kremas praturtintas vitamin\u0173 kompleksu, \u017einomu d\u0117l savo antioksidacini\u0173 ir atkuriam\u0173j\u0173 savybi\u0173, kurios skatina odos gijim\u0105 ir ma\u017eina rauk\u0161leli\u0173 atsiradim\u0105.<\/p>\n<p>Naudojimo instrukcija: nedidel\u012f kiek\u012f kremo u\u017etepkite aplink akis ir \u0161velniai patrinkite, kol visi\u0161kai \u012fsigers. Nor\u0117dami gauti geriausius rezultatus, naudokite kasdien, ryte ir vakare, ma\u017eiausiai 30 dien\u0173.<\/p>\n<p>\u012esp\u0117jimas: Sud\u0117tyje yra vitamino A. Prie\u0161 naudojim\u0105 atkreipkite d\u0117mes\u012f \u012f paros norm\u0105.<br \/>\nAtsargumo priemon\u0117s:<br \/>\n\u2022 Naudokite tik pagal paskirt\u012f.<br \/>\n\u2022 Neprarykite.<br \/>\n\u2022 Venkite patekimo \u012f akis.<br \/>\n\u2022 Laikyti vaikams nepasiekiamoje vietoje.<br \/>\n\u2022 Nenaudokite, jei yra individualus jautrumas komponentams.<br \/>\n\u2022 Jei atsiranda dirginimas, nedelsiant nutraukite naudojim\u0105.<br \/>\n\u2022 Sud\u0117tyje n\u0117ra paraben\u0173.<\/p>\n<p>Laikymo s\u0105lygos: laikyti nuo +5 iki +39 \u00b0C temperat\u016broje, o santykin\u0117 oro dr\u0117gm\u0117 55-70%.<\/p>\n","protected":false},"excerpt":{"rendered":"<p>Hialurono r\u016bg\u0161tis yra pagrindin\u0117 \u0161ios produkt\u0173 linijos sudedamoji dalis. Jos vanden\u012f sulaikan\u010dios savyb\u0117s padeda dr\u0117kinti ir atkurti i\u0161saus\u0117jusi\u0105, suglebusi\u0105 od\u0105 ir kovoti su sen\u0117jimo po\u017eymiais. Turtingoje paaki\u0173 kremo formul\u0117je yra pagrindin\u0117 sudedamoji dalis hialurono r\u016bg\u0161tis, kuri pritraukia ir suri\u0161a vandens molekules, didindama odos dr\u0117gm\u0117s lyg\u012f. Kremas praturtintas vitamin\u0173 kompleksu, \u017einomu d\u0117l savo antioksidacini\u0173 ir atkuriam\u0173j\u0173 [&#8230;]\n","protected":false},"featured_media":100364,"template":"","meta":[],"product_cat":[1590],"product_tag":[],"class_list":{"0":"post-66025","1":"product","2":"type-product","3":"status-publish","4":"has-post-thumbnail","6":"product_brand-famirel-il-lt","7":"product_cat-paakiu-kremai","9":"first","10":"instock","11":"taxable","12":"shipping-taxable","13":"product-type-simple"},"_links":{"self":[{"href":"https:\/\/e.kosmolat.eu\/lt\/wp-json\/wp\/v2\/product\/66025","targetHints":{"allow":["GET"]}}],"collection":[{"href":"https:\/\/e.kosmolat.eu\/lt\/wp-json\/wp\/v2\/product"}],"about":[{"href":"https:\/\/e.kosmolat.eu\/lt\/wp-json\/wp\/v2\/types\/product"}],"wp:featuredmedia":[{"embeddable":true,"href":"https:\/\/e.kosmolat.eu\/lt\/wp-json\/wp\/v2\/media\/100364"}],"wp:attachment":[{"href":"https:\/\/e.kosmolat.eu\/lt\/wp-json\/wp\/v2\/media?parent=66025"}],"wp:term":[{"taxonomy":"product_cat","embeddable":true,"href":"https:\/\/e.kosmolat.eu\/lt\/wp-json\/wp\/v2\/product_cat?post=66025"},{"taxonomy":"product_tag","embeddable":true,"href":"https:\/\/e.kosmolat.eu\/lt\/wp-json\/wp\/v2\/product_tag?post=66025"}],"curies":[{"name":"wp","href":"https:\/\/api.w.org\/{rel}","templated":true}]}}