{"id":65993,"date":"2025-03-25T05:13:11","date_gmt":"2025-03-25T05:13:11","guid":{"rendered":"https:\/\/e.kosmolat.eu\/product\/famirel-atjaunojoss-pedu-krems-ar-naves-juras-dunam-100-ml\/"},"modified":"2026-03-30T17:09:33","modified_gmt":"2026-03-30T17:09:33","slug":"famirel-atjaunojoss-pedu-krems-ar-naves-juras-dunam-100-ml","status":"publish","type":"product","link":"https:\/\/e.kosmolat.eu\/lt\/produktas\/famirel-atjaunojoss-pedu-krems-ar-naves-juras-dunam-100-ml\/","title":{"rendered":"FAMIREL Atkuriamasis p\u0117d\u0173 kremas su Negyvosios j\u016bros purvu, 100 ml"},"content":{"rendered":"<p>Aktyvus p\u0117d\u0173 kremas su unikaliais mineralais ir Negyvosios j\u016bros purvu. Atkuria nat\u016bral\u0173 dr\u0117gm\u0117s lyg\u012f, ramina i\u0161saus\u0117jusi\u0105 ir pavargusi\u0105 p\u0117d\u0173 od\u0105. D\u0117l didelio vitamin\u0173 ir maitinam\u0173j\u0173 aliej\u0173 kiekio jis giliai dr\u0117kina ir mink\u0161tina net sausiausi\u0105 ir suskeld\u0117jusi\u0105 od\u0105. Suteikite savo kojoms nepriekai\u0161ting\u0105 prie\u017ei\u016br\u0105.<\/p>\n<p>Naudojimo instrukcija: Tepkite ant \u0161varios p\u0117d\u0173 odos masa\u017euojamaisiais judesiais.kol visi\u0161kai \u012fsigers, rekomenduojama naudoti kasdien.<\/p>\n<p>Atsargumo priemon\u0117s:<br \/>\n\u2022 Naudokite tik pagal paskirt\u012f.<br \/>\n\u2022 Neprarykite.<br \/>\n\u2022 Venkite patekimo \u012f akis.<br \/>\n\u2022 Laikyti vaikams nepasiekiamoje vietoje.<br \/>\n\u2022 Nenaudokite, jei yra individualus jautrumas komponentams.<br \/>\n\u2022 Jei atsiranda dirginimas, nedelsiant nutraukite naudojim\u0105.<br \/>\n\u2022 Tik i\u0161oriniam naudojimui<br \/>\n\u2022 Sud\u0117tyje n\u0117ra paraben\u0173.<\/p>\n<p>Laikymo s\u0105lygos: laikyti nuo +5 iki +39 \u00b0C temperat\u016broje, o santykin\u0117 oro dr\u0117gm\u0117 55-70%.<\/p>\n","protected":false},"excerpt":{"rendered":"<p>Aktyvus p\u0117d\u0173 kremas su unikaliais mineralais ir Negyvosios j\u016bros purvu. Atkuria nat\u016bral\u0173 dr\u0117gm\u0117s lyg\u012f, ramina i\u0161saus\u0117jusi\u0105 ir pavargusi\u0105 p\u0117d\u0173 od\u0105. D\u0117l didelio vitamin\u0173 ir maitinam\u0173j\u0173 aliej\u0173 kiekio jis giliai dr\u0117kina ir mink\u0161tina net sausiausi\u0105 ir suskeld\u0117jusi\u0105 od\u0105. Suteikite savo kojoms nepriekai\u0161ting\u0105 prie\u017ei\u016br\u0105. Naudojimo instrukcija: Tepkite ant \u0161varios p\u0117d\u0173 odos masa\u017euojamaisiais judesiais.kol visi\u0161kai \u012fsigers, rekomenduojama naudoti [&#8230;]\n","protected":false},"featured_media":98389,"template":"","meta":[],"product_cat":[1763],"product_tag":[],"class_list":{"0":"post-65993","1":"product","2":"type-product","3":"status-publish","4":"has-post-thumbnail","6":"product_brand-famirel-il-lt","7":"product_cat-koju-prieziuros-kosmetika","9":"first","10":"instock","11":"taxable","12":"shipping-taxable","13":"product-type-simple"},"_links":{"self":[{"href":"https:\/\/e.kosmolat.eu\/lt\/wp-json\/wp\/v2\/product\/65993","targetHints":{"allow":["GET"]}}],"collection":[{"href":"https:\/\/e.kosmolat.eu\/lt\/wp-json\/wp\/v2\/product"}],"about":[{"href":"https:\/\/e.kosmolat.eu\/lt\/wp-json\/wp\/v2\/types\/product"}],"wp:featuredmedia":[{"embeddable":true,"href":"https:\/\/e.kosmolat.eu\/lt\/wp-json\/wp\/v2\/media\/98389"}],"wp:attachment":[{"href":"https:\/\/e.kosmolat.eu\/lt\/wp-json\/wp\/v2\/media?parent=65993"}],"wp:term":[{"taxonomy":"product_cat","embeddable":true,"href":"https:\/\/e.kosmolat.eu\/lt\/wp-json\/wp\/v2\/product_cat?post=65993"},{"taxonomy":"product_tag","embeddable":true,"href":"https:\/\/e.kosmolat.eu\/lt\/wp-json\/wp\/v2\/product_tag?post=65993"}],"curies":[{"name":"wp","href":"https:\/\/api.w.org\/{rel}","templated":true}]}}