{"id":65985,"date":"2025-03-25T05:12:55","date_gmt":"2025-03-25T05:12:55","guid":{"rendered":"https:\/\/e.kosmolat.eu\/product\/famirel-barojoss-un-mitrinoss-pedu-krems-100-ml\/"},"modified":"2026-04-16T13:36:24","modified_gmt":"2026-04-16T13:36:24","slug":"famirel-barojoss-un-mitrinoss-pedu-krems-100-ml","status":"publish","type":"product","link":"https:\/\/e.kosmolat.eu\/lt\/produktas\/famirel-barojoss-un-mitrinoss-pedu-krems-100-ml\/","title":{"rendered":"FAMIREL Maitinamasis ir dr\u0117kinamasis p\u0117d\u0173 kremas, 100 ml"},"content":{"rendered":"<p>Maitinamasis ir dr\u0117kinamasis p\u0117d\u0173 kremas, praturtintas alyvuogi\u0173, simondsij\u0173 ir arbatmed\u017eio aliejais, praturtintas alavijo, medetk\u0173 ir granat\u0173 ekstraktais, vitaminu E ir Negyvosios j\u016bros mineralais. Speciali formul\u0117 r\u016bpinasi oda ir saugo j\u0105 nuo i\u0161saus\u0117jimo..<\/p>\n<p>Naudojimas: Tepkite ant \u0161varios p\u0117d\u0173 odos masa\u017euojamaisiais judesiais.kol visi\u0161kai \u012fsigers, rekomenduojama naudoti kasdien.<\/p>\n<p>Atsargumo priemon\u0117s:<br \/>\n\u2022 Naudokite tik pagal paskirt\u012f.<br \/>\n\u2022 Neprarykite.<br \/>\n\u2022 Venkite patekimo \u012f akis.<br \/>\n\u2022 Laikyti vaikams nepasiekiamoje vietoje.<br \/>\n\u2022 Nenaudokite, jei yra individualus jautrumas komponentams.<br \/>\n\u2022 Jei atsiranda dirginimas, nedelsiant nutraukite naudojim\u0105.<br \/>\n\u2022 Tik i\u0161oriniam naudojimui<br \/>\n\u2022 Sud\u0117tyje n\u0117ra paraben\u0173.<\/p>\n<p>Laikymo s\u0105lygos: laikyti nuo +5 iki +39 \u00b0C temperat\u016broje, o santykin\u0117 oro dr\u0117gm\u0117 55-70%.<\/p>\n","protected":false},"excerpt":{"rendered":"<p>Maitinamasis ir dr\u0117kinamasis p\u0117d\u0173 kremas, praturtintas alyvuogi\u0173, simondsij\u0173 ir arbatmed\u017eio aliejais, praturtintas alavijo, medetk\u0173 ir granat\u0173 ekstraktais, vitaminu E ir Negyvosios j\u016bros mineralais. Speciali formul\u0117 r\u016bpinasi oda ir saugo j\u0105 nuo i\u0161saus\u0117jimo.. Naudojimas: Tepkite ant \u0161varios p\u0117d\u0173 odos masa\u017euojamaisiais judesiais.kol visi\u0161kai \u012fsigers, rekomenduojama naudoti kasdien. Atsargumo priemon\u0117s: \u2022 Naudokite tik pagal paskirt\u012f. \u2022 Neprarykite. \u2022 [&#8230;]\n","protected":false},"featured_media":98441,"template":"","meta":[],"product_cat":[1763],"product_tag":[],"class_list":{"0":"post-65985","1":"product","2":"type-product","3":"status-publish","4":"has-post-thumbnail","6":"product_brand-famirel-il-lt","7":"product_cat-koju-prieziuros-kosmetika","9":"first","10":"instock","11":"taxable","12":"shipping-taxable","13":"product-type-simple"},"_links":{"self":[{"href":"https:\/\/e.kosmolat.eu\/lt\/wp-json\/wp\/v2\/product\/65985","targetHints":{"allow":["GET"]}}],"collection":[{"href":"https:\/\/e.kosmolat.eu\/lt\/wp-json\/wp\/v2\/product"}],"about":[{"href":"https:\/\/e.kosmolat.eu\/lt\/wp-json\/wp\/v2\/types\/product"}],"wp:featuredmedia":[{"embeddable":true,"href":"https:\/\/e.kosmolat.eu\/lt\/wp-json\/wp\/v2\/media\/98441"}],"wp:attachment":[{"href":"https:\/\/e.kosmolat.eu\/lt\/wp-json\/wp\/v2\/media?parent=65985"}],"wp:term":[{"taxonomy":"product_cat","embeddable":true,"href":"https:\/\/e.kosmolat.eu\/lt\/wp-json\/wp\/v2\/product_cat?post=65985"},{"taxonomy":"product_tag","embeddable":true,"href":"https:\/\/e.kosmolat.eu\/lt\/wp-json\/wp\/v2\/product_tag?post=65985"}],"curies":[{"name":"wp","href":"https:\/\/api.w.org\/{rel}","templated":true}]}}