{"id":65977,"date":"2025-03-25T05:12:40","date_gmt":"2025-03-25T05:12:40","guid":{"rendered":"https:\/\/e.kosmolat.eu\/product\/famirel-atjaunojoss-roku-krems-ar-naves-juras-dunam-100-ml\/"},"modified":"2026-04-20T11:35:23","modified_gmt":"2026-04-20T11:35:23","slug":"famirel-atjaunojoss-roku-krems-ar-naves-juras-dunam-100-ml","status":"publish","type":"product","link":"https:\/\/e.kosmolat.eu\/lt\/produktas\/famirel-atjaunojoss-roku-krems-ar-naves-juras-dunam-100-ml\/","title":{"rendered":"FAMIREL Atkuriamasis rank\u0173 kremas su Negyvosios j\u016bros purvu, 100 ml"},"content":{"rendered":"<p>Aktyvus rank\u0173 ir nag\u0173 kremas, pagr\u012fstas unikaliomis Negyvosios j\u016bros purvo ir mineral\u0173 savyb\u0117mis, \u017einomas kaip nat\u016bralus odos atk\u016brimo \u0161altinis. Praturtintas vynuogi\u0173 kauliuk\u0173 ir saul\u0117gr\u0105\u017e\u0173 aliejumi, alavij\u0173 ekstraktu ir vitaminais. D\u0117l unikalios formul\u0117s kremas yra lengvas, bet sodrus, apsaugantis rank\u0173 ir nag\u0173 od\u0105 nuo agresyvi\u0173 chemini\u0173 med\u017eiag\u0173 ir neigiamo aplinkos poveikio.<br \/>\nNaudojimas: Tepkite ant \u0161vari\u0173 rank\u0173 ir masa\u017euokite, kol visi\u0161kai \u012fsigers, rekomenduojama naudoti kasdien.<\/p>\n<p>Atsargumo priemon\u0117s:<br \/>\n\u2022 Naudokite tik pagal paskirt\u012f.<br \/>\n\u2022 Neprarykite.<br \/>\n\u2022 Venkite patekimo \u012f akis.<br \/>\n\u2022 Laikyti vaikams nepasiekiamoje vietoje.<br \/>\n\u2022 Nenaudokite, jei yra individualus jautrumas komponentams.<br \/>\n\u2022 Jei atsiranda dirginimas, nedelsiant nutraukite naudojim\u0105.<br \/>\n\u2022 Tik i\u0161oriniam naudojimui<br \/>\n\u2022 Sud\u0117tyje n\u0117ra paraben\u0173.<\/p>\n<p>Laikymo s\u0105lygos: laikyti nuo +5 iki +39 \u00b0C temperat\u016broje, o santykin\u0117 oro dr\u0117gm\u0117 55-70%.<\/p>\n","protected":false},"excerpt":{"rendered":"<p>Aktyvus rank\u0173 ir nag\u0173 kremas, pagr\u012fstas unikaliomis Negyvosios j\u016bros purvo ir mineral\u0173 savyb\u0117mis, \u017einomas kaip nat\u016bralus odos atk\u016brimo \u0161altinis. Praturtintas vynuogi\u0173 kauliuk\u0173 ir saul\u0117gr\u0105\u017e\u0173 aliejumi, alavij\u0173 ekstraktu ir vitaminais. D\u0117l unikalios formul\u0117s kremas yra lengvas, bet sodrus, apsaugantis rank\u0173 ir nag\u0173 od\u0105 nuo agresyvi\u0173 chemini\u0173 med\u017eiag\u0173 ir neigiamo aplinkos poveikio. Naudojimas: Tepkite ant \u0161vari\u0173 rank\u0173 [&#8230;]\n","protected":false},"featured_media":97713,"template":"","meta":[],"product_cat":[1304],"product_tag":[],"class_list":{"0":"post-65977","1":"product","2":"type-product","3":"status-publish","4":"has-post-thumbnail","6":"product_brand-famirel-il-lt","7":"product_cat-ranku-prieziuros-kosmetika","9":"first","10":"instock","11":"taxable","12":"shipping-taxable","13":"product-type-simple"},"_links":{"self":[{"href":"https:\/\/e.kosmolat.eu\/lt\/wp-json\/wp\/v2\/product\/65977","targetHints":{"allow":["GET"]}}],"collection":[{"href":"https:\/\/e.kosmolat.eu\/lt\/wp-json\/wp\/v2\/product"}],"about":[{"href":"https:\/\/e.kosmolat.eu\/lt\/wp-json\/wp\/v2\/types\/product"}],"wp:featuredmedia":[{"embeddable":true,"href":"https:\/\/e.kosmolat.eu\/lt\/wp-json\/wp\/v2\/media\/97713"}],"wp:attachment":[{"href":"https:\/\/e.kosmolat.eu\/lt\/wp-json\/wp\/v2\/media?parent=65977"}],"wp:term":[{"taxonomy":"product_cat","embeddable":true,"href":"https:\/\/e.kosmolat.eu\/lt\/wp-json\/wp\/v2\/product_cat?post=65977"},{"taxonomy":"product_tag","embeddable":true,"href":"https:\/\/e.kosmolat.eu\/lt\/wp-json\/wp\/v2\/product_tag?post=65977"}],"curies":[{"name":"wp","href":"https:\/\/api.w.org\/{rel}","templated":true}]}}