{"id":65969,"date":"2025-03-25T05:12:22","date_gmt":"2025-03-25T05:12:22","guid":{"rendered":"https:\/\/e.kosmolat.eu\/product\/famirel-barojoss-multivit-roku-un-nagu-krems-100-ml\/"},"modified":"2026-04-20T07:58:13","modified_gmt":"2026-04-20T07:58:13","slug":"famirel-barojoss-multivit-roku-un-nagu-krems-100-ml","status":"publish","type":"product","link":"https:\/\/e.kosmolat.eu\/lt\/produktas\/famirel-barojoss-multivit-roku-un-nagu-krems-100-ml\/","title":{"rendered":"FAMIREL Maitinamasis multivitamininis kremas rankoms ir nagams, 100 ml"},"content":{"rendered":"<p>Multivitamininis rank\u0173 ir nag\u0173 kremas praturtintas alyvuogi\u0173, simondsij\u0173 ir arbatmed\u017ei\u0173 aliejais, taip pat alavij\u0173, medetk\u0173 ir granat\u0173 ekstraktais, vitaminu E ir Negyvosios j\u016bros mineralais. \u0160i formul\u0117 veikia tiesiai per vir\u0161utin\u012f odos sluoksn\u012f ir sudaro apsaugin\u0119 pl\u0117vel\u0119, neutralizuojan\u010di\u0105 aplinkos ir plovikli\u0173 \u017eal\u0105.<\/p>\n<p>Naudojimas: Tepkite ant \u0161vari\u0173 rank\u0173 ir masa\u017euokite, kol visi\u0161kai \u012fsigers, rekomenduojama naudoti kasdien.<\/p>\n<p>Atsargumo priemon\u0117s:<br \/>\n\u2022 Naudokite tik pagal paskirt\u012f.<br \/>\n\u2022 Neprarykite.<br \/>\n\u2022 Venkite patekimo \u012f akis.<br \/>\n\u2022 Laikyti vaikams nepasiekiamoje vietoje.<br \/>\n\u2022 Nenaudokite, jei yra individualus jautrumas komponentams.<br \/>\n\u2022 Jei atsiranda dirginimas, nedelsiant nutraukite naudojim\u0105.<br \/>\n\u2022 Tik i\u0161oriniam naudojimui<br \/>\n\u2022 Sud\u0117tyje n\u0117ra paraben\u0173.<\/p>\n<p>Laikymo s\u0105lygos: laikyti nuo +5 iki +39 \u00b0C temperat\u016broje, o santykin\u0117 oro dr\u0117gm\u0117 55-70%.<\/p>\n","protected":false},"excerpt":{"rendered":"<p>Multivitamininis rank\u0173 ir nag\u0173 kremas praturtintas alyvuogi\u0173, simondsij\u0173 ir arbatmed\u017ei\u0173 aliejais, taip pat alavij\u0173, medetk\u0173 ir granat\u0173 ekstraktais, vitaminu E ir Negyvosios j\u016bros mineralais. \u0160i formul\u0117 veikia tiesiai per vir\u0161utin\u012f odos sluoksn\u012f ir sudaro apsaugin\u0119 pl\u0117vel\u0119, neutralizuojan\u010di\u0105 aplinkos ir plovikli\u0173 \u017eal\u0105. Naudojimas: Tepkite ant \u0161vari\u0173 rank\u0173 ir masa\u017euokite, kol visi\u0161kai \u012fsigers, rekomenduojama naudoti kasdien. Atsargumo [&#8230;]\n","protected":false},"featured_media":97709,"template":"","meta":[],"product_cat":[1304],"product_tag":[],"class_list":{"0":"post-65969","1":"product","2":"type-product","3":"status-publish","4":"has-post-thumbnail","6":"product_brand-famirel-il-lt","7":"product_cat-ranku-prieziuros-kosmetika","9":"first","10":"instock","11":"taxable","12":"shipping-taxable","13":"product-type-simple"},"_links":{"self":[{"href":"https:\/\/e.kosmolat.eu\/lt\/wp-json\/wp\/v2\/product\/65969","targetHints":{"allow":["GET"]}}],"collection":[{"href":"https:\/\/e.kosmolat.eu\/lt\/wp-json\/wp\/v2\/product"}],"about":[{"href":"https:\/\/e.kosmolat.eu\/lt\/wp-json\/wp\/v2\/types\/product"}],"wp:featuredmedia":[{"embeddable":true,"href":"https:\/\/e.kosmolat.eu\/lt\/wp-json\/wp\/v2\/media\/97709"}],"wp:attachment":[{"href":"https:\/\/e.kosmolat.eu\/lt\/wp-json\/wp\/v2\/media?parent=65969"}],"wp:term":[{"taxonomy":"product_cat","embeddable":true,"href":"https:\/\/e.kosmolat.eu\/lt\/wp-json\/wp\/v2\/product_cat?post=65969"},{"taxonomy":"product_tag","embeddable":true,"href":"https:\/\/e.kosmolat.eu\/lt\/wp-json\/wp\/v2\/product_tag?post=65969"}],"curies":[{"name":"wp","href":"https:\/\/api.w.org\/{rel}","templated":true}]}}