{"id":65961,"date":"2025-03-25T05:12:06","date_gmt":"2025-03-25T05:12:06","guid":{"rendered":"https:\/\/e.kosmolat.eu\/product\/famirel-mitrinoss-roku-krems-100-ml\/"},"modified":"2026-04-16T13:05:32","modified_gmt":"2026-04-16T13:05:32","slug":"famirel-mitrinoss-roku-krems-100-ml","status":"publish","type":"product","link":"https:\/\/e.kosmolat.eu\/lt\/produktas\/famirel-mitrinoss-roku-krems-100-ml\/","title":{"rendered":"FAMIREL Dr\u0117kinamasis rank\u0173 kremas, 100 ml"},"content":{"rendered":"<p>Lengva rank\u0173 kremo formul\u0117 lengvai susigeria nepalikdama lipnumo poj\u016b\u010dio. Mineralai ir riebal\u0173 r\u016bg\u0161\u010di\u0173 mi\u0161inys padeda pagerinti odos dr\u0117kinim\u0105 ir elastingum\u0105.<\/p>\n<p>Naudojimas: Tepkite ant \u0161vari\u0173 rank\u0173 ir masa\u017euokite, kol visi\u0161kai \u012fsigers, rekomenduojama naudoti kasdien.<\/p>\n<p>Atsargumo priemon\u0117s:<br \/>\n\u2022 Naudokite tik pagal paskirt\u012f.<br \/>\n\u2022 Neprarykite.<br \/>\n\u2022 Venkite patekimo \u012f akis.<br \/>\n\u2022 Laikyti vaikams nepasiekiamoje vietoje.<br \/>\n\u2022 Nenaudokite, jei yra individualus jautrumas komponentams.<br \/>\n\u2022 Jei atsiranda dirginimas, nedelsiant nutraukite naudojim\u0105.<br \/>\n\u2022 Tik i\u0161oriniam naudojimui<br \/>\n\u2022 Sud\u0117tyje n\u0117ra paraben\u0173.<\/p>\n<p>Laikymo s\u0105lygos: laikyti nuo +5 iki +39 \u00b0C temperat\u016broje, o santykin\u0117 oro dr\u0117gm\u0117 55-70%.<\/p>\n","protected":false},"excerpt":{"rendered":"<p>Lengva rank\u0173 kremo formul\u0117 lengvai susigeria nepalikdama lipnumo poj\u016b\u010dio. Mineralai ir riebal\u0173 r\u016bg\u0161\u010di\u0173 mi\u0161inys padeda pagerinti odos dr\u0117kinim\u0105 ir elastingum\u0105. Naudojimas: Tepkite ant \u0161vari\u0173 rank\u0173 ir masa\u017euokite, kol visi\u0161kai \u012fsigers, rekomenduojama naudoti kasdien. Atsargumo priemon\u0117s: \u2022 Naudokite tik pagal paskirt\u012f. \u2022 Neprarykite. \u2022 Venkite patekimo \u012f akis. \u2022 Laikyti vaikams nepasiekiamoje vietoje. \u2022 Nenaudokite, jei [&#8230;]\n","protected":false},"featured_media":100372,"template":"","meta":[],"product_cat":[2181],"product_tag":[],"class_list":{"0":"post-65961","1":"product","2":"type-product","3":"status-publish","4":"has-post-thumbnail","6":"product_brand-famirel-il-lt","7":"product_cat-bez-kategorijas-lt","9":"first","10":"instock","11":"taxable","12":"shipping-taxable","13":"product-type-simple"},"_links":{"self":[{"href":"https:\/\/e.kosmolat.eu\/lt\/wp-json\/wp\/v2\/product\/65961","targetHints":{"allow":["GET"]}}],"collection":[{"href":"https:\/\/e.kosmolat.eu\/lt\/wp-json\/wp\/v2\/product"}],"about":[{"href":"https:\/\/e.kosmolat.eu\/lt\/wp-json\/wp\/v2\/types\/product"}],"wp:featuredmedia":[{"embeddable":true,"href":"https:\/\/e.kosmolat.eu\/lt\/wp-json\/wp\/v2\/media\/100372"}],"wp:attachment":[{"href":"https:\/\/e.kosmolat.eu\/lt\/wp-json\/wp\/v2\/media?parent=65961"}],"wp:term":[{"taxonomy":"product_cat","embeddable":true,"href":"https:\/\/e.kosmolat.eu\/lt\/wp-json\/wp\/v2\/product_cat?post=65961"},{"taxonomy":"product_tag","embeddable":true,"href":"https:\/\/e.kosmolat.eu\/lt\/wp-json\/wp\/v2\/product_tag?post=65961"}],"curies":[{"name":"wp","href":"https:\/\/api.w.org\/{rel}","templated":true}]}}