{"id":65953,"date":"2025-03-25T05:11:51","date_gmt":"2025-03-25T05:11:51","guid":{"rendered":"https:\/\/e.kosmolat.eu\/product\/famirel-roku-krems-ar-kolagenu-100-ml\/"},"modified":"2026-04-20T07:58:00","modified_gmt":"2026-04-20T07:58:00","slug":"famirel-roku-krems-ar-kolagenu-100-ml","status":"publish","type":"product","link":"https:\/\/e.kosmolat.eu\/lt\/produktas\/famirel-roku-krems-ar-kolagenu-100-ml\/","title":{"rendered":"FAMIREL Rank\u0173 kremas su kolagenu, 100 ml"},"content":{"rendered":"<p>Intensyviai dr\u0117kinantis rank\u0173 kremas, kuris prasiskverbia \u012f saus\u0105, \u0161iurk\u0161\u010di\u0105 od\u0105, kad nuramint\u0173, sumink\u0161tint\u0173 ir dr\u0117kint\u0173. Sud\u0117tyje yra taukmed\u017ei\u0173 sviesto ir kolageno, kurie suteikia maistini\u0173 savybi\u0173 ir padeda i\u0161laikyti dr\u0117gm\u0119.<br \/>\nNaudojimas: Tepkite ant \u0161vari\u0173 rank\u0173 ir masa\u017euokite, kol visi\u0161kai \u012fsigers, rekomenduojama naudoti kasdien.<\/p>\n<p>Atsargumo priemon\u0117s:<br \/>\n\u2022 Naudokite tik pagal paskirt\u012f.<br \/>\n\u2022 Neprarykite.<br \/>\n\u2022 Venkite patekimo \u012f akis.<br \/>\n\u2022 Laikyti vaikams nepasiekiamoje vietoje.<br \/>\n\u2022 Nenaudokite, jei yra individualus jautrumas komponentams.<br \/>\n\u2022 Jei atsiranda dirginimas, nedelsiant nutraukite naudojim\u0105.<br \/>\n\u2022 Tik i\u0161oriniam naudojimui<br \/>\n\u2022 Sud\u0117tyje n\u0117ra paraben\u0173.<\/p>\n<p>Laikymo s\u0105lygos: laikyti nuo +5 iki +39 \u00b0C temperat\u016broje, o santykin\u0117 oro dr\u0117gm\u0117 55-70%.<\/p>\n","protected":false},"excerpt":{"rendered":"<p>Intensyviai dr\u0117kinantis rank\u0173 kremas, kuris prasiskverbia \u012f saus\u0105, \u0161iurk\u0161\u010di\u0105 od\u0105, kad nuramint\u0173, sumink\u0161tint\u0173 ir dr\u0117kint\u0173. Sud\u0117tyje yra taukmed\u017ei\u0173 sviesto ir kolageno, kurie suteikia maistini\u0173 savybi\u0173 ir padeda i\u0161laikyti dr\u0117gm\u0119. Naudojimas: Tepkite ant \u0161vari\u0173 rank\u0173 ir masa\u017euokite, kol visi\u0161kai \u012fsigers, rekomenduojama naudoti kasdien. Atsargumo priemon\u0117s: \u2022 Naudokite tik pagal paskirt\u012f. \u2022 Neprarykite. \u2022 Venkite patekimo \u012f [&#8230;]\n","protected":false},"featured_media":100180,"template":"","meta":[],"product_cat":[1304],"product_tag":[],"class_list":{"0":"post-65953","1":"product","2":"type-product","3":"status-publish","4":"has-post-thumbnail","6":"product_brand-famirel-il-lt","7":"product_cat-ranku-prieziuros-kosmetika","9":"first","10":"instock","11":"taxable","12":"shipping-taxable","13":"product-type-simple"},"_links":{"self":[{"href":"https:\/\/e.kosmolat.eu\/lt\/wp-json\/wp\/v2\/product\/65953","targetHints":{"allow":["GET"]}}],"collection":[{"href":"https:\/\/e.kosmolat.eu\/lt\/wp-json\/wp\/v2\/product"}],"about":[{"href":"https:\/\/e.kosmolat.eu\/lt\/wp-json\/wp\/v2\/types\/product"}],"wp:featuredmedia":[{"embeddable":true,"href":"https:\/\/e.kosmolat.eu\/lt\/wp-json\/wp\/v2\/media\/100180"}],"wp:attachment":[{"href":"https:\/\/e.kosmolat.eu\/lt\/wp-json\/wp\/v2\/media?parent=65953"}],"wp:term":[{"taxonomy":"product_cat","embeddable":true,"href":"https:\/\/e.kosmolat.eu\/lt\/wp-json\/wp\/v2\/product_cat?post=65953"},{"taxonomy":"product_tag","embeddable":true,"href":"https:\/\/e.kosmolat.eu\/lt\/wp-json\/wp\/v2\/product_tag?post=65953"}],"curies":[{"name":"wp","href":"https:\/\/api.w.org\/{rel}","templated":true}]}}