{"id":65945,"date":"2025-03-25T05:11:36","date_gmt":"2025-03-25T05:11:36","guid":{"rendered":"https:\/\/e.kosmolat.eu\/product\/famirel-sandalwood-viriesu-dusas-zel-3in1-sandalkoks-argans-un-pantenols-750-ml\/"},"modified":"2026-04-20T13:47:20","modified_gmt":"2026-04-20T13:47:20","slug":"famirel-sandalwood-viriesu-dusas-zel-3in1-sandalkoks-argans-un-pantenols-750-ml","status":"publish","type":"product","link":"https:\/\/e.kosmolat.eu\/lt\/produktas\/famirel-sandalwood-viriesu-dusas-zel-3in1-sandalkoks-argans-un-pantenols-750-ml\/","title":{"rendered":"FAMIREL Sandalwood vyri\u0161ka du\u0161o \u017eel\u0117 3 viename sandalmed\u017eio, argan\u0173 ir pantenolio, 750 ml"},"content":{"rendered":"<p>Vyri\u0161ka du\u0161o \u017eel\u0117 3 viename su sandalmed\u017eiu \u2013 veidui, k\u016bnui ir plaukams \u2013 puikus b\u016bdas prad\u0117ti dien\u0105. Naujoje formul\u0117je yra Negyvosios j\u016bros mineral\u0173, aktyvi\u0173 augalini\u0173 aliej\u0173 ir augal\u0173 ekstrakt\u0173. Maitina ir dr\u0117kina plaukus ir od\u0105, tod\u0117l jie tampa \u0161veln\u016bs ir sveiki.<\/p>\n<p>Naudojimas: Tepkite ant dr\u0117gnos odos ir plauk\u0173, \u0161velniai masa\u017euokite sukamaisiais judesiais, kol susidarys tir\u0161tos putos. Nuplaukite vandeniu. Sukurtas kasdieniam naudojimui.<\/p>\n<p>Atsargumo priemon\u0117s:<br \/>\n\u2022 Naudokite tik pagal paskirt\u012f.<br \/>\n\u2022 Neprarykite.<br \/>\n\u2022 Venkite patekimo \u012f akis.<br \/>\n\u2022 Laikyti vaikams nepasiekiamoje vietoje.<br \/>\n\u2022 Nenaudokite, jei yra individualus jautrumas komponentams.<br \/>\n\u2022 Jei atsiranda dirginimas, nedelsiant nutraukite naudojim\u0105.<br \/>\n\u2022 Tik i\u0161oriniam naudojimui<br \/>\n\u2022 Sud\u0117tyje n\u0117ra paraben\u0173.<\/p>\n<p>Laikymo s\u0105lygos: laikyti nuo +5 iki +39 \u00b0C temperat\u016broje, o santykin\u0117 oro dr\u0117gm\u0117 55-70%.<\/p>\n","protected":false},"excerpt":{"rendered":"<p>Vyri\u0161ka du\u0161o \u017eel\u0117 3 viename su sandalmed\u017eiu \u2013 veidui, k\u016bnui ir plaukams \u2013 puikus b\u016bdas prad\u0117ti dien\u0105. Naujoje formul\u0117je yra Negyvosios j\u016bros mineral\u0173, aktyvi\u0173 augalini\u0173 aliej\u0173 ir augal\u0173 ekstrakt\u0173. Maitina ir dr\u0117kina plaukus ir od\u0105, tod\u0117l jie tampa \u0161veln\u016bs ir sveiki. Naudojimas: Tepkite ant dr\u0117gnos odos ir plauk\u0173, \u0161velniai masa\u017euokite sukamaisiais judesiais, kol susidarys tir\u0161tos [&#8230;]\n","protected":false},"featured_media":102395,"template":"","meta":[],"product_cat":[1691],"product_tag":[],"class_list":{"0":"post-65945","1":"product","2":"type-product","3":"status-publish","4":"has-post-thumbnail","6":"product_brand-famirel-il-lt","7":"product_cat-duso-geliai","9":"first","10":"instock","11":"taxable","12":"shipping-taxable","13":"product-type-simple"},"_links":{"self":[{"href":"https:\/\/e.kosmolat.eu\/lt\/wp-json\/wp\/v2\/product\/65945","targetHints":{"allow":["GET"]}}],"collection":[{"href":"https:\/\/e.kosmolat.eu\/lt\/wp-json\/wp\/v2\/product"}],"about":[{"href":"https:\/\/e.kosmolat.eu\/lt\/wp-json\/wp\/v2\/types\/product"}],"wp:featuredmedia":[{"embeddable":true,"href":"https:\/\/e.kosmolat.eu\/lt\/wp-json\/wp\/v2\/media\/102395"}],"wp:attachment":[{"href":"https:\/\/e.kosmolat.eu\/lt\/wp-json\/wp\/v2\/media?parent=65945"}],"wp:term":[{"taxonomy":"product_cat","embeddable":true,"href":"https:\/\/e.kosmolat.eu\/lt\/wp-json\/wp\/v2\/product_cat?post=65945"},{"taxonomy":"product_tag","embeddable":true,"href":"https:\/\/e.kosmolat.eu\/lt\/wp-json\/wp\/v2\/product_tag?post=65945"}],"curies":[{"name":"wp","href":"https:\/\/api.w.org\/{rel}","templated":true}]}}