{"id":65937,"date":"2025-03-25T05:11:20","date_gmt":"2025-03-25T05:11:20","guid":{"rendered":"https:\/\/e.kosmolat.eu\/product\/famirel-mens-world-viiesu-dusas-zel-3-in-1-safrans-un-apelsins-750-ml\/"},"modified":"2026-04-20T13:47:07","modified_gmt":"2026-04-20T13:47:07","slug":"famirel-mens-world-viiesu-dusas-zel-3-in-1-safrans-un-apelsins-750-ml","status":"publish","type":"product","link":"https:\/\/e.kosmolat.eu\/lt\/produktas\/famirel-mens-world-viiesu-dusas-zel-3-in-1-safrans-un-apelsins-750-ml\/","title":{"rendered":"FAMIREL Men\u2019s World vyr\u0173 du\u0161o \u017eel\u0117 3 viename \u0161afranas ir apelsinas, 750 ml"},"content":{"rendered":"<p>Men\u2019s World 3 viename vyr\u0173 du\u0161o \u017eel\u0117 \u2013 veidui, k\u016bnui ir plaukams \u2013 puikus b\u016bdas prad\u0117ti dien\u0105. Naujoje formul\u0117je yra Negyvosios j\u016bros mineral\u0173, aktyvi\u0173 augalini\u0173 aliej\u0173 ir augal\u0173 ekstrakt\u0173. Maitina ir dr\u0117kina plaukus ir od\u0105, tod\u0117l jie tampa \u0161veln\u016bs ir sveiki.<br \/>\nNaudojimas: Tepkite ant dr\u0117gnos odos ir plauk\u0173, \u0161velniai masa\u017euokite sukamaisiais judesiais, kol susidarys tir\u0161tos putos. Nuplaukite vandeniu. Sukurtas kasdieniam naudojimui.<\/p>\n<p>Atsargumo priemon\u0117s:<br \/>\n\u2022 Naudokite tik pagal paskirt\u012f.<br \/>\n\u2022 Neprarykite.<br \/>\n\u2022 Venkite patekimo \u012f akis.<br \/>\n\u2022 Laikyti vaikams nepasiekiamoje vietoje.<br \/>\n\u2022 Nenaudokite, jei yra individualus jautrumas komponentams.<br \/>\n\u2022 Jei atsiranda dirginimas, nedelsiant nutraukite naudojim\u0105.<br \/>\n\u2022 Tik i\u0161oriniam naudojimui<br \/>\n\u2022 Sud\u0117tyje n\u0117ra paraben\u0173.<\/p>\n<p>Laikymo s\u0105lygos: laikyti nuo +5 iki +39 \u00b0C temperat\u016broje, o santykin\u0117 oro dr\u0117gm\u0117 55-70%.<\/p>\n","protected":false},"excerpt":{"rendered":"<p>Men\u2019s World 3 viename vyr\u0173 du\u0161o \u017eel\u0117 \u2013 veidui, k\u016bnui ir plaukams \u2013 puikus b\u016bdas prad\u0117ti dien\u0105. Naujoje formul\u0117je yra Negyvosios j\u016bros mineral\u0173, aktyvi\u0173 augalini\u0173 aliej\u0173 ir augal\u0173 ekstrakt\u0173. Maitina ir dr\u0117kina plaukus ir od\u0105, tod\u0117l jie tampa \u0161veln\u016bs ir sveiki. Naudojimas: Tepkite ant dr\u0117gnos odos ir plauk\u0173, \u0161velniai masa\u017euokite sukamaisiais judesiais, kol susidarys tir\u0161tos [&#8230;]\n","protected":false},"featured_media":102130,"template":"","meta":[],"product_cat":[1691],"product_tag":[],"class_list":{"0":"post-65937","1":"product","2":"type-product","3":"status-publish","4":"has-post-thumbnail","6":"product_brand-famirel-il-lt","7":"product_cat-duso-geliai","9":"first","10":"instock","11":"taxable","12":"shipping-taxable","13":"product-type-simple"},"_links":{"self":[{"href":"https:\/\/e.kosmolat.eu\/lt\/wp-json\/wp\/v2\/product\/65937","targetHints":{"allow":["GET"]}}],"collection":[{"href":"https:\/\/e.kosmolat.eu\/lt\/wp-json\/wp\/v2\/product"}],"about":[{"href":"https:\/\/e.kosmolat.eu\/lt\/wp-json\/wp\/v2\/types\/product"}],"wp:featuredmedia":[{"embeddable":true,"href":"https:\/\/e.kosmolat.eu\/lt\/wp-json\/wp\/v2\/media\/102130"}],"wp:attachment":[{"href":"https:\/\/e.kosmolat.eu\/lt\/wp-json\/wp\/v2\/media?parent=65937"}],"wp:term":[{"taxonomy":"product_cat","embeddable":true,"href":"https:\/\/e.kosmolat.eu\/lt\/wp-json\/wp\/v2\/product_cat?post=65937"},{"taxonomy":"product_tag","embeddable":true,"href":"https:\/\/e.kosmolat.eu\/lt\/wp-json\/wp\/v2\/product_tag?post=65937"}],"curies":[{"name":"wp","href":"https:\/\/api.w.org\/{rel}","templated":true}]}}