{"id":65929,"date":"2025-03-25T05:11:05","date_gmt":"2025-03-25T05:11:05","guid":{"rendered":"https:\/\/e.kosmolat.eu\/product\/famirel-winter-power-viriesu-dusas-zel-3-in-1-svaiga-piparmetra-un-laims-750-ml\/"},"modified":"2026-03-30T11:40:57","modified_gmt":"2026-03-30T11:40:57","slug":"famirel-winter-power-viriesu-dusas-zel-3-in-1-svaiga-piparmetra-un-laims-750-ml","status":"publish","type":"product","link":"https:\/\/e.kosmolat.eu\/lt\/produktas\/famirel-winter-power-viriesu-dusas-zel-3-in-1-svaiga-piparmetra-un-laims-750-ml\/","title":{"rendered":"FAMIREL Winter Power vyri\u0161ka du\u0161o \u017eel\u0117 3 viename \u0160vie\u017eia m\u0117ta ir \u017ealiosios citrinos, 750 ml"},"content":{"rendered":"<p>Winter Power vyri\u0161ka du\u0161o \u017eel\u0117 3 viename \u2013 veidui, k\u016bnui ir plaukams \u2013 puikus b\u016bdas prad\u0117ti dien\u0105. Nauja formul\u0117, kurioje yra Negyvosios j\u016bros mineral\u0173, augalini\u0173 aktyvi\u0173 aliej\u0173 ir augal\u0173 ekstrakt\u0173. Maitina ir dr\u0117kina plaukus ir k\u016bn\u0105, i\u0161laikydama juos \u0161velnius ir sveikus.<br \/>\nNaudojimas: Tepkite ant dr\u0117gnos odos ir plauk\u0173, \u0161velniai masa\u017euokite sukamaisiais judesiais, kol susidarys tir\u0161tos putos. Nuplaukite vandeniu. Sukurtas kasdieniam naudojimui.<\/p>\n<p>Atsargumo priemon\u0117s:<br \/>\n\u2022 Naudokite tik pagal paskirt\u012f.<br \/>\n\u2022 Neprarykite.<br \/>\n\u2022 Venkite patekimo \u012f akis.<br \/>\n\u2022 Laikyti vaikams nepasiekiamoje vietoje.<br \/>\n\u2022 Nenaudokite, jei yra individualus jautrumas komponentams.<br \/>\n\u2022 Jei atsiranda dirginimas, nedelsiant nutraukite naudojim\u0105.<br \/>\n\u2022 Tik i\u0161oriniam naudojimui<br \/>\n\u2022 Sud\u0117tyje n\u0117ra paraben\u0173.<\/p>\n<p>Laikymo s\u0105lygos: laikyti nuo +5 iki +39 \u00b0C temperat\u016broje, o santykin\u0117 oro dr\u0117gm\u0117 55-70%.<\/p>\n","protected":false},"excerpt":{"rendered":"<p>Winter Power vyri\u0161ka du\u0161o \u017eel\u0117 3 viename \u2013 veidui, k\u016bnui ir plaukams \u2013 puikus b\u016bdas prad\u0117ti dien\u0105. Nauja formul\u0117, kurioje yra Negyvosios j\u016bros mineral\u0173, augalini\u0173 aktyvi\u0173 aliej\u0173 ir augal\u0173 ekstrakt\u0173. Maitina ir dr\u0117kina plaukus ir k\u016bn\u0105, i\u0161laikydama juos \u0161velnius ir sveikus. Naudojimas: Tepkite ant dr\u0117gnos odos ir plauk\u0173, \u0161velniai masa\u017euokite sukamaisiais judesiais, kol susidarys tir\u0161tos [&#8230;]\n","protected":false},"featured_media":102391,"template":"","meta":[],"product_cat":[2181],"product_tag":[],"class_list":{"0":"post-65929","1":"product","2":"type-product","3":"status-publish","4":"has-post-thumbnail","6":"product_brand-famirel-il-lt","7":"product_cat-bez-kategorijas-lt","9":"first","10":"instock","11":"taxable","12":"shipping-taxable","13":"product-type-simple"},"_links":{"self":[{"href":"https:\/\/e.kosmolat.eu\/lt\/wp-json\/wp\/v2\/product\/65929","targetHints":{"allow":["GET"]}}],"collection":[{"href":"https:\/\/e.kosmolat.eu\/lt\/wp-json\/wp\/v2\/product"}],"about":[{"href":"https:\/\/e.kosmolat.eu\/lt\/wp-json\/wp\/v2\/types\/product"}],"wp:featuredmedia":[{"embeddable":true,"href":"https:\/\/e.kosmolat.eu\/lt\/wp-json\/wp\/v2\/media\/102391"}],"wp:attachment":[{"href":"https:\/\/e.kosmolat.eu\/lt\/wp-json\/wp\/v2\/media?parent=65929"}],"wp:term":[{"taxonomy":"product_cat","embeddable":true,"href":"https:\/\/e.kosmolat.eu\/lt\/wp-json\/wp\/v2\/product_cat?post=65929"},{"taxonomy":"product_tag","embeddable":true,"href":"https:\/\/e.kosmolat.eu\/lt\/wp-json\/wp\/v2\/product_tag?post=65929"}],"curies":[{"name":"wp","href":"https:\/\/api.w.org\/{rel}","templated":true}]}}