{"id":65913,"date":"2025-03-25T05:10:36","date_gmt":"2025-03-25T05:10:36","guid":{"rendered":"https:\/\/e.kosmolat.eu\/product\/famirel-dusas-zel-ar-acai-makad-un-naves-juras-mineraliem-750-ml\/"},"modified":"2026-04-23T09:33:36","modified_gmt":"2026-04-23T09:33:36","slug":"famirel-dusas-zel-ar-acai-makad-un-naves-juras-mineraliem-750-ml","status":"publish","type":"product","link":"https:\/\/e.kosmolat.eu\/lt\/produktas\/famirel-dusas-zel-ar-acai-makad-un-naves-juras-mineraliem-750-ml\/","title":{"rendered":"FAMIREL du\u0161o \u017eel\u0117 su acai, makadamijomis ir Negyvosios j\u016bros mineralais, 750 ml"},"content":{"rendered":"<p>Itin dr\u0117kinanti du\u0161o \u017eel\u0117, praturtinta marul\u0173 aliejumi, Negyvosios j\u016bros mineralais ir augal\u0173 ekstraktais. Jo sodri, aksomin\u0117 formul\u0117 padeda dr\u0117kinti od\u0105, tod\u0117l oda tampa \u0161velni ir lygi vis\u0105 dien\u0105.<\/p>\n<p>Naudojimas: Tepkite ant dr\u0117gnos odos ar kempin\u0117s, masa\u017euokite k\u016bn\u0105, tada nuplaukite vandeniu.<\/p>\n<p>Atsargumo priemon\u0117s:<br \/>\n\u2022 Naudokite tik pagal paskirt\u012f.<br \/>\n\u2022 Neprarykite.<br \/>\n\u2022 Venkite patekimo \u012f akis.<br \/>\n\u2022 Laikyti vaikams nepasiekiamoje vietoje.<br \/>\n\u2022 Nenaudokite, jei yra individualus jautrumas komponentams.<br \/>\n\u2022 Jei atsiranda dirginimas, nedelsiant nutraukite naudojim\u0105.<br \/>\n\u2022 Tik i\u0161oriniam naudojimui<br \/>\n\u2022 Sud\u0117tyje n\u0117ra paraben\u0173.<\/p>\n<p>Laikymo s\u0105lygos: laikyti nuo +5 iki +39 \u00b0C temperat\u016broje, o santykin\u0117 oro dr\u0117gm\u0117 55-70%.<\/p>\n","protected":false},"excerpt":{"rendered":"<p>Itin dr\u0117kinanti du\u0161o \u017eel\u0117, praturtinta marul\u0173 aliejumi, Negyvosios j\u016bros mineralais ir augal\u0173 ekstraktais. Jo sodri, aksomin\u0117 formul\u0117 padeda dr\u0117kinti od\u0105, tod\u0117l oda tampa \u0161velni ir lygi vis\u0105 dien\u0105. Naudojimas: Tepkite ant dr\u0117gnos odos ar kempin\u0117s, masa\u017euokite k\u016bn\u0105, tada nuplaukite vandeniu. Atsargumo priemon\u0117s: \u2022 Naudokite tik pagal paskirt\u012f. \u2022 Neprarykite. \u2022 Venkite patekimo \u012f akis. \u2022 [&#8230;]\n","protected":false},"featured_media":100520,"template":"","meta":[],"product_cat":[1282],"product_tag":[],"class_list":{"0":"post-65913","1":"product","2":"type-product","3":"status-publish","4":"has-post-thumbnail","6":"product_brand-famirel-il-lt","7":"product_cat-duso-geliai-ir-duso-aliejai","9":"first","10":"instock","11":"taxable","12":"shipping-taxable","13":"product-type-simple"},"_links":{"self":[{"href":"https:\/\/e.kosmolat.eu\/lt\/wp-json\/wp\/v2\/product\/65913","targetHints":{"allow":["GET"]}}],"collection":[{"href":"https:\/\/e.kosmolat.eu\/lt\/wp-json\/wp\/v2\/product"}],"about":[{"href":"https:\/\/e.kosmolat.eu\/lt\/wp-json\/wp\/v2\/types\/product"}],"wp:featuredmedia":[{"embeddable":true,"href":"https:\/\/e.kosmolat.eu\/lt\/wp-json\/wp\/v2\/media\/100520"}],"wp:attachment":[{"href":"https:\/\/e.kosmolat.eu\/lt\/wp-json\/wp\/v2\/media?parent=65913"}],"wp:term":[{"taxonomy":"product_cat","embeddable":true,"href":"https:\/\/e.kosmolat.eu\/lt\/wp-json\/wp\/v2\/product_cat?post=65913"},{"taxonomy":"product_tag","embeddable":true,"href":"https:\/\/e.kosmolat.eu\/lt\/wp-json\/wp\/v2\/product_tag?post=65913"}],"curies":[{"name":"wp","href":"https:\/\/api.w.org\/{rel}","templated":true}]}}