{"id":65897,"date":"2025-03-25T05:10:05","date_gmt":"2025-03-25T05:10:05","guid":{"rendered":"https:\/\/e.kosmolat.eu\/product\/famirel-matu-kond-ar-naves-juras-miner-alveju-brok-un-keratinu-500-ml\/"},"modified":"2026-04-20T13:46:09","modified_gmt":"2026-04-20T13:46:09","slug":"famirel-matu-kond-ar-naves-juras-miner-alveju-brok-un-keratinu-500-ml","status":"publish","type":"product","link":"https:\/\/e.kosmolat.eu\/lt\/produktas\/famirel-matu-kond-ar-naves-juras-miner-alveju-brok-un-keratinu-500-ml\/","title":{"rendered":"FAMIREL plauk\u0173 kondicionierius su Negyvosios j\u016bros mineralais, alavijais, brokoliais ir keratinu, 50"},"content":{"rendered":"<p>Plauk\u0173 kondicionierius su Negyvosios j\u016bros mineralais, kurie \u017einomi d\u0117l savo dr\u0117kinan\u010di\u0173 ir maitinan\u010di\u0173 savybi\u0173. Praturtintas aktyviais aliejais ir augal\u0173 ekstraktais. Padeda atkurti ir apsaugoti plaukus ir galvos od\u0105 nuo aplinkos poveikio, sausumo ir trapumo, suteikdama pa\u017eeistiems plaukams \u017evilgesio. <\/p>\n<p>Naudojimas: u\u017etepkite kondicionieri\u0173 ant dr\u0117gn\u0173 plauk\u0173, \u0161velniai \u012fmasa\u017euokite, palikite minutei,.tada kruop\u0161\u010diai i\u0161skalaukite \u0161iltu vandeniu.<\/p>\n<p>Atsargumo priemon\u0117s:<br \/>\n\u2022 Naudokite tik pagal paskirt\u012f.<br \/>\n\u2022 Neprarykite.<br \/>\n\u2022 Venkite patekimo \u012f akis.<br \/>\n\u2022 Laikyti vaikams nepasiekiamoje vietoje.<br \/>\n\u2022 Nenaudokite, jei yra individualus jautrumas komponentams.<br \/>\n\u2022 Jei atsiranda dirginimas, nedelsiant nutraukite naudojim\u0105.<br \/>\n\u2022 Tik i\u0161oriniam naudojimui<br \/>\n\u2022 Sud\u0117tyje n\u0117ra paraben\u0173.<\/p>\n<p>Laikymo s\u0105lygos: laikyti nuo +5 iki +39 \u00b0C temperat\u016broje, o santykin\u0117 oro dr\u0117gm\u0117 55-70%.<\/p>\n","protected":false},"excerpt":{"rendered":"<p>Plauk\u0173 kondicionierius su Negyvosios j\u016bros mineralais, kurie \u017einomi d\u0117l savo dr\u0117kinan\u010di\u0173 ir maitinan\u010di\u0173 savybi\u0173. Praturtintas aktyviais aliejais ir augal\u0173 ekstraktais. Padeda atkurti ir apsaugoti plaukus ir galvos od\u0105 nuo aplinkos poveikio, sausumo ir trapumo, suteikdama pa\u017eeistiems plaukams \u017evilgesio. Naudojimas: u\u017etepkite kondicionieri\u0173 ant dr\u0117gn\u0173 plauk\u0173, \u0161velniai \u012fmasa\u017euokite, palikite minutei,.tada kruop\u0161\u010diai i\u0161skalaukite \u0161iltu vandeniu. Atsargumo priemon\u0117s: \u2022 [&#8230;]\n","protected":false},"featured_media":102110,"template":"","meta":[],"product_cat":[1640],"product_tag":[],"class_list":{"0":"post-65897","1":"product","2":"type-product","3":"status-publish","4":"has-post-thumbnail","6":"product_brand-famirel-il-lt","7":"product_cat-balzamai","9":"first","10":"instock","11":"taxable","12":"shipping-taxable","13":"product-type-simple"},"_links":{"self":[{"href":"https:\/\/e.kosmolat.eu\/lt\/wp-json\/wp\/v2\/product\/65897","targetHints":{"allow":["GET"]}}],"collection":[{"href":"https:\/\/e.kosmolat.eu\/lt\/wp-json\/wp\/v2\/product"}],"about":[{"href":"https:\/\/e.kosmolat.eu\/lt\/wp-json\/wp\/v2\/types\/product"}],"wp:featuredmedia":[{"embeddable":true,"href":"https:\/\/e.kosmolat.eu\/lt\/wp-json\/wp\/v2\/media\/102110"}],"wp:attachment":[{"href":"https:\/\/e.kosmolat.eu\/lt\/wp-json\/wp\/v2\/media?parent=65897"}],"wp:term":[{"taxonomy":"product_cat","embeddable":true,"href":"https:\/\/e.kosmolat.eu\/lt\/wp-json\/wp\/v2\/product_cat?post=65897"},{"taxonomy":"product_tag","embeddable":true,"href":"https:\/\/e.kosmolat.eu\/lt\/wp-json\/wp\/v2\/product_tag?post=65897"}],"curies":[{"name":"wp","href":"https:\/\/api.w.org\/{rel}","templated":true}]}}