{"id":65889,"date":"2025-03-25T05:09:47","date_gmt":"2025-03-25T05:09:47","guid":{"rendered":"https:\/\/e.kosmolat.eu\/product\/famirel-samp-ar-naves-juras-miner-un-dunam-hialuronsk-un-kerat-500-ml\/"},"modified":"2026-04-20T13:45:54","modified_gmt":"2026-04-20T13:45:54","slug":"famirel-samp-ar-naves-juras-miner-un-dunam-hialuronsk-un-kerat-500-ml","status":"publish","type":"product","link":"https:\/\/e.kosmolat.eu\/lt\/produktas\/famirel-samp-ar-naves-juras-miner-un-dunam-hialuronsk-un-kerat-500-ml\/","title":{"rendered":"FAMIREL \u0160amp\u016bnas su mineralais ir Negyvosios j\u016bros purvu, hialurono r\u016bg\u0161timi ir keratinu, 500 ml"},"content":{"rendered":"<p>Unikali formul\u0117, praturtinta Negyvosios j\u016bros purvu ir taukmed\u017ei\u0173 sviestu, kruop\u0161\u010diai valo, dr\u0117kina ir maitina plaukus bei galvos od\u0105. Aktyv\u016bs aliejai: alyvuogi\u0173, kvie\u010di\u0173 gemal\u0173, argan\u0173 aliejus. Augaliniai ekstraktai: alavij\u0173, ramun\u0117li\u0173, agurk\u0173, granat\u0173, keratinas, hialurono r\u016bg\u0161tis ir vitaminas E. Visi \u0161ie komponentai veiksmingai apsaugo nuo galvos odos i\u0161saus\u0117jimo ir dirginimo bei yra b\u016btini norint sukurti tobul\u0105 pusiausvyr\u0105. j\u016bs\u0173 plaukams ir galvos odai.<\/p>\n<p>Naudojimo instrukcija: gerai sudr\u0117kinkite plaukus, tepkite \u0161amp\u016bnu, \u012fmasa\u017euokite galvos od\u0105, palikite minut\u0119, kad giliai i\u0161sivalyt\u0173, tada kruop\u0161\u010diai i\u0161skalaukite vandeniu.<\/p>\n<p>Atsargumo priemon\u0117s:<br \/>\n\u2022 Naudokite tik pagal paskirt\u012f.<br \/>\n\u2022 Neprarykite.<br \/>\n\u2022 Venkite patekimo \u012f akis.<br \/>\n\u2022 Laikyti vaikams nepasiekiamoje vietoje.<br \/>\n\u2022 Nenaudokite, jei yra individualus jautrumas komponentams.<br \/>\n\u2022 Jei atsiranda dirginimas, nedelsiant nutraukite naudojim\u0105.<br \/>\n\u2022 Tik i\u0161oriniam naudojimui<br \/>\n\u2022 Sud\u0117tyje n\u0117ra paraben\u0173.<\/p>\n<p>Laikymo s\u0105lygos: laikyti nuo +5 iki +39 \u00b0C temperat\u016broje, o santykin\u0117 oro dr\u0117gm\u0117 55-70%.<\/p>\n","protected":false},"excerpt":{"rendered":"<p>Unikali formul\u0117, praturtinta Negyvosios j\u016bros purvu ir taukmed\u017ei\u0173 sviestu, kruop\u0161\u010diai valo, dr\u0117kina ir maitina plaukus bei galvos od\u0105. Aktyv\u016bs aliejai: alyvuogi\u0173, kvie\u010di\u0173 gemal\u0173, argan\u0173 aliejus. Augaliniai ekstraktai: alavij\u0173, ramun\u0117li\u0173, agurk\u0173, granat\u0173, keratinas, hialurono r\u016bg\u0161tis ir vitaminas E. Visi \u0161ie komponentai veiksmingai apsaugo nuo galvos odos i\u0161saus\u0117jimo ir dirginimo bei yra b\u016btini norint sukurti tobul\u0105 pusiausvyr\u0105. [&#8230;]\n","protected":false},"featured_media":102383,"template":"","meta":[],"product_cat":[1251],"product_tag":[],"class_list":{"0":"post-65889","1":"product","2":"type-product","3":"status-publish","4":"has-post-thumbnail","6":"product_brand-famirel-il-lt","7":"product_cat-sampunai","9":"first","10":"instock","11":"taxable","12":"shipping-taxable","13":"product-type-simple"},"_links":{"self":[{"href":"https:\/\/e.kosmolat.eu\/lt\/wp-json\/wp\/v2\/product\/65889","targetHints":{"allow":["GET"]}}],"collection":[{"href":"https:\/\/e.kosmolat.eu\/lt\/wp-json\/wp\/v2\/product"}],"about":[{"href":"https:\/\/e.kosmolat.eu\/lt\/wp-json\/wp\/v2\/types\/product"}],"wp:featuredmedia":[{"embeddable":true,"href":"https:\/\/e.kosmolat.eu\/lt\/wp-json\/wp\/v2\/media\/102383"}],"wp:attachment":[{"href":"https:\/\/e.kosmolat.eu\/lt\/wp-json\/wp\/v2\/media?parent=65889"}],"wp:term":[{"taxonomy":"product_cat","embeddable":true,"href":"https:\/\/e.kosmolat.eu\/lt\/wp-json\/wp\/v2\/product_cat?post=65889"},{"taxonomy":"product_tag","embeddable":true,"href":"https:\/\/e.kosmolat.eu\/lt\/wp-json\/wp\/v2\/product_tag?post=65889"}],"curies":[{"name":"wp","href":"https:\/\/api.w.org\/{rel}","templated":true}]}}