{"id":65881,"date":"2025-03-25T05:09:31","date_gmt":"2025-03-25T05:09:31","guid":{"rendered":"https:\/\/e.kosmolat.eu\/product\/famirel-samp-visiem-matu-tipiem-ar-naves-juras-miner-un-makad-ellu-750-ml\/"},"modified":"2026-04-08T06:10:22","modified_gmt":"2026-04-08T06:10:22","slug":"famirel-samp-visiem-matu-tipiem-ar-naves-juras-miner-un-makad-ellu-750-ml","status":"publish","type":"product","link":"https:\/\/e.kosmolat.eu\/lt\/produktas\/famirel-samp-visiem-matu-tipiem-ar-naves-juras-miner-un-makad-ellu-750-ml\/","title":{"rendered":"FAMIREL \u0160amp\u016bnas vis\u0173 tip\u0173 plaukams su Negyvosios j\u016bros mineralais ir makadamij\u0173 aliejumi, 750 ml"},"content":{"rendered":"<p>Plauk\u0173 prie\u017ei\u016bros formul\u0117, praturtinta Negyvosios j\u016bros mineralais, augal\u0173 ekstraktais ir aktyviais aliejais, stiprina ir maitina plaukus, suteikia jiems \u017evilgesio. <\/p>\n<p>Naudojimas: gerai sudr\u0117kinkite plaukus, tepkite \u0161amp\u016bnu, masa\u017euokite galvos od\u0105 kol suputos, tada kruop\u0161\u010diai i\u0161skalaukite \u0161iltu vandeniu.<\/p>\n<p>Atsargumo priemon\u0117s:<br \/>\n\u2022 Naudokite tik pagal paskirt\u012f.<br \/>\n\u2022 Neprarykite.<br \/>\n\u2022 Venkite patekimo \u012f akis.<br \/>\n\u2022 Laikyti vaikams nepasiekiamoje vietoje.<br \/>\n\u2022 Nenaudokite, jei yra individualus jautrumas komponentams.<br \/>\n\u2022 Jei atsiranda dirginimas, nedelsiant nutraukite naudojim\u0105.<br \/>\n\u2022 Tik i\u0161oriniam naudojimui<br \/>\n\u2022 Sud\u0117tyje n\u0117ra paraben\u0173.<\/p>\n<p>Laikymo s\u0105lygos: laikyti nuo +5 iki +39 \u00b0C temperat\u016broje, o santykin\u0117 oro dr\u0117gm\u0117 55-70%.<\/p>\n","protected":false},"excerpt":{"rendered":"<p>Plauk\u0173 prie\u017ei\u016bros formul\u0117, praturtinta Negyvosios j\u016bros mineralais, augal\u0173 ekstraktais ir aktyviais aliejais, stiprina ir maitina plaukus, suteikia jiems \u017evilgesio. Naudojimas: gerai sudr\u0117kinkite plaukus, tepkite \u0161amp\u016bnu, masa\u017euokite galvos od\u0105 kol suputos, tada kruop\u0161\u010diai i\u0161skalaukite \u0161iltu vandeniu. Atsargumo priemon\u0117s: \u2022 Naudokite tik pagal paskirt\u012f. \u2022 Neprarykite. \u2022 Venkite patekimo \u012f akis. \u2022 Laikyti vaikams nepasiekiamoje vietoje. \u2022 [&#8230;]\n","protected":false},"featured_media":100488,"template":"","meta":[],"product_cat":[2181],"product_tag":[],"class_list":{"0":"post-65881","1":"product","2":"type-product","3":"status-publish","4":"has-post-thumbnail","6":"product_brand-famirel-il-lt","7":"product_cat-bez-kategorijas-lt","9":"first","10":"instock","11":"taxable","12":"shipping-taxable","13":"product-type-simple"},"_links":{"self":[{"href":"https:\/\/e.kosmolat.eu\/lt\/wp-json\/wp\/v2\/product\/65881","targetHints":{"allow":["GET"]}}],"collection":[{"href":"https:\/\/e.kosmolat.eu\/lt\/wp-json\/wp\/v2\/product"}],"about":[{"href":"https:\/\/e.kosmolat.eu\/lt\/wp-json\/wp\/v2\/types\/product"}],"wp:featuredmedia":[{"embeddable":true,"href":"https:\/\/e.kosmolat.eu\/lt\/wp-json\/wp\/v2\/media\/100488"}],"wp:attachment":[{"href":"https:\/\/e.kosmolat.eu\/lt\/wp-json\/wp\/v2\/media?parent=65881"}],"wp:term":[{"taxonomy":"product_cat","embeddable":true,"href":"https:\/\/e.kosmolat.eu\/lt\/wp-json\/wp\/v2\/product_cat?post=65881"},{"taxonomy":"product_tag","embeddable":true,"href":"https:\/\/e.kosmolat.eu\/lt\/wp-json\/wp\/v2\/product_tag?post=65881"}],"curies":[{"name":"wp","href":"https:\/\/api.w.org\/{rel}","templated":true}]}}