{"id":65873,"date":"2025-03-25T05:09:14","date_gmt":"2025-03-25T05:09:14","guid":{"rendered":"https:\/\/e.kosmolat.eu\/product\/famirel-samp-tauk-galvas-adai-ar-naves-juras-mineraliem-un-kofeinu-750-ml\/"},"modified":"2026-04-20T13:45:39","modified_gmt":"2026-04-20T13:45:39","slug":"famirel-samp-tauk-galvas-adai-ar-naves-juras-mineraliem-un-kofeinu-750-ml","status":"publish","type":"product","link":"https:\/\/e.kosmolat.eu\/lt\/produktas\/famirel-samp-tauk-galvas-adai-ar-naves-juras-mineraliem-un-kofeinu-750-ml\/","title":{"rendered":"FAMIREL \u0160amp\u016bnas riebiai galvos odai su Negyvosios j\u016bros mineralais ir kofeinu, 750 ml"},"content":{"rendered":"<p>\u0160amp\u016bnas riebiai galvos odai Negyvosios j\u016bros mineral\u0173 pagrindu, \u017einomas d\u0117l savo geb\u0117jimo giliai i\u0161valyti ir maitinti plaukus ir galvos od\u0105. Dr\u0117kina plaukus, suteikia jiems \u017evilgesio ir elastingumo, suteikdama sveik\u0105, pri\u017ei\u016br\u0117t\u0105 ir \u0161vari\u0105 i\u0161vaizd\u0105.<\/p>\n<p>Naudojimas: gerai sudr\u0117kinkite plaukus, tepkite \u0161amp\u016bnu, masa\u017euokite galvos od\u0105 kol suputos, tada kruop\u0161\u010diai i\u0161skalaukite \u0161iltu vandeniu.<\/p>\n<p>Atsargumo priemon\u0117s:<br \/>\n\u2022 Naudokite tik pagal paskirt\u012f.<br \/>\n\u2022 Neprarykite.<br \/>\n\u2022 Venkite patekimo \u012f akis.<br \/>\n\u2022 Laikyti vaikams nepasiekiamoje vietoje.<br \/>\n\u2022 Nenaudokite, jei yra individualus jautrumas komponentams.<br \/>\n\u2022 Jei atsiranda dirginimas, nedelsiant nutraukite naudojim\u0105.<br \/>\n\u2022 Tik i\u0161oriniam naudojimui<br \/>\n\u2022 Sud\u0117tyje n\u0117ra paraben\u0173.<\/p>\n<p>Laikymo s\u0105lygos: laikyti nuo +5 iki +39 \u00b0C temperat\u016broje, o santykin\u0117 oro dr\u0117gm\u0117 55-70%.<\/p>\n","protected":false},"excerpt":{"rendered":"<p>\u0160amp\u016bnas riebiai galvos odai Negyvosios j\u016bros mineral\u0173 pagrindu, \u017einomas d\u0117l savo geb\u0117jimo giliai i\u0161valyti ir maitinti plaukus ir galvos od\u0105. Dr\u0117kina plaukus, suteikia jiems \u017evilgesio ir elastingumo, suteikdama sveik\u0105, pri\u017ei\u016br\u0117t\u0105 ir \u0161vari\u0105 i\u0161vaizd\u0105. Naudojimas: gerai sudr\u0117kinkite plaukus, tepkite \u0161amp\u016bnu, masa\u017euokite galvos od\u0105 kol suputos, tada kruop\u0161\u010diai i\u0161skalaukite \u0161iltu vandeniu. Atsargumo priemon\u0117s: \u2022 Naudokite tik pagal [&#8230;]\n","protected":false},"featured_media":98599,"template":"","meta":[],"product_cat":[1251],"product_tag":[],"class_list":{"0":"post-65873","1":"product","2":"type-product","3":"status-publish","4":"has-post-thumbnail","6":"product_brand-famirel-il-lt","7":"product_cat-sampunai","9":"first","10":"instock","11":"taxable","12":"shipping-taxable","13":"product-type-simple"},"_links":{"self":[{"href":"https:\/\/e.kosmolat.eu\/lt\/wp-json\/wp\/v2\/product\/65873","targetHints":{"allow":["GET"]}}],"collection":[{"href":"https:\/\/e.kosmolat.eu\/lt\/wp-json\/wp\/v2\/product"}],"about":[{"href":"https:\/\/e.kosmolat.eu\/lt\/wp-json\/wp\/v2\/types\/product"}],"wp:featuredmedia":[{"embeddable":true,"href":"https:\/\/e.kosmolat.eu\/lt\/wp-json\/wp\/v2\/media\/98599"}],"wp:attachment":[{"href":"https:\/\/e.kosmolat.eu\/lt\/wp-json\/wp\/v2\/media?parent=65873"}],"wp:term":[{"taxonomy":"product_cat","embeddable":true,"href":"https:\/\/e.kosmolat.eu\/lt\/wp-json\/wp\/v2\/product_cat?post=65873"},{"taxonomy":"product_tag","embeddable":true,"href":"https:\/\/e.kosmolat.eu\/lt\/wp-json\/wp\/v2\/product_tag?post=65873"}],"curies":[{"name":"wp","href":"https:\/\/api.w.org\/{rel}","templated":true}]}}