{"id":65857,"date":"2025-03-25T05:08:43","date_gmt":"2025-03-25T05:08:43","guid":{"rendered":"https:\/\/e.kosmolat.eu\/product\/famirel-aizsarg-roku-krems-ar-fosfolip-un-naves-juras-miner-100-ml\/"},"modified":"2026-04-16T10:32:38","modified_gmt":"2026-04-16T10:32:38","slug":"famirel-aizsarg-roku-krems-ar-fosfolip-un-naves-juras-miner-100-ml","status":"publish","type":"product","link":"https:\/\/e.kosmolat.eu\/lt\/produktas\/famirel-aizsarg-roku-krems-ar-fosfolip-un-naves-juras-miner-100-ml\/","title":{"rendered":"FAMIREL Apsauginis rank\u0173 kremas su fosfolipidais ir Negyvosios j\u016bros mineralais, 100 ml"},"content":{"rendered":"<p>Puikus, greitai \u012fsigeriantis rank\u0173 prie\u017ei\u016bros kremas, praturtintas nat\u016braliais Negyvosios j\u016bros aliejais ir mineralais. U\u017etikrina optimali\u0105 apsaug\u0105 nuo i\u0161saus\u0117jusios odos, j\u0105 maitina, dr\u0117kina ir mink\u0161tina, tod\u0117l rankos tampa lygios ir \u0161ilkin\u0117s.<br \/>\nNaudojimas: Tepkite ant \u0161vari\u0173 rank\u0173 ir masa\u017euokite, kol visi\u0161kai \u012fsigers, rekomenduojama naudoti kasdien.<\/p>\n<p>\u012esp\u0117jimas: Sud\u0117tyje yra vitamino A. Prie\u0161 naudojim\u0105 atsi\u017evelkite \u012f paros norm\u0105.<\/p>\n<p>Atsargumo priemon\u0117s:<br \/>\n\u2022 Naudokite tik pagal paskirt\u012f.<br \/>\n\u2022 Neprarykite.<br \/>\n\u2022 Venkite patekimo \u012f akis.<br \/>\n\u2022 Laikyti vaikams nepasiekiamoje vietoje.<br \/>\n\u2022 Nenaudokite, jei yra individualus jautrumas komponentams.<br \/>\n\u2022 Jei atsiranda dirginimas, nedelsiant nutraukite naudojim\u0105.<br \/>\n\u2022 Tik i\u0161oriniam naudojimui<br \/>\n\u2022 Sud\u0117tyje n\u0117ra paraben\u0173.<\/p>\n<p>Laikymo s\u0105lygos: laikyti nuo +5 iki +39 \u00b0C temperat\u016broje, o santykin\u0117 oro dr\u0117gm\u0117 55-70%.<\/p>\n","protected":false},"excerpt":{"rendered":"<p>Puikus, greitai \u012fsigeriantis rank\u0173 prie\u017ei\u016bros kremas, praturtintas nat\u016braliais Negyvosios j\u016bros aliejais ir mineralais. U\u017etikrina optimali\u0105 apsaug\u0105 nuo i\u0161saus\u0117jusios odos, j\u0105 maitina, dr\u0117kina ir mink\u0161tina, tod\u0117l rankos tampa lygios ir \u0161ilkin\u0117s. Naudojimas: Tepkite ant \u0161vari\u0173 rank\u0173 ir masa\u017euokite, kol visi\u0161kai \u012fsigers, rekomenduojama naudoti kasdien. \u012esp\u0117jimas: Sud\u0117tyje yra vitamino A. Prie\u0161 naudojim\u0105 atsi\u017evelkite \u012f paros norm\u0105. Atsargumo [&#8230;]\n","protected":false},"featured_media":98595,"template":"","meta":[],"product_cat":[1304],"product_tag":[],"class_list":{"0":"post-65857","1":"product","2":"type-product","3":"status-publish","4":"has-post-thumbnail","6":"product_brand-famirel-il-lt","7":"product_cat-ranku-prieziuros-kosmetika","9":"first","10":"instock","11":"taxable","12":"shipping-taxable","13":"product-type-simple"},"_links":{"self":[{"href":"https:\/\/e.kosmolat.eu\/lt\/wp-json\/wp\/v2\/product\/65857","targetHints":{"allow":["GET"]}}],"collection":[{"href":"https:\/\/e.kosmolat.eu\/lt\/wp-json\/wp\/v2\/product"}],"about":[{"href":"https:\/\/e.kosmolat.eu\/lt\/wp-json\/wp\/v2\/types\/product"}],"wp:featuredmedia":[{"embeddable":true,"href":"https:\/\/e.kosmolat.eu\/lt\/wp-json\/wp\/v2\/media\/98595"}],"wp:attachment":[{"href":"https:\/\/e.kosmolat.eu\/lt\/wp-json\/wp\/v2\/media?parent=65857"}],"wp:term":[{"taxonomy":"product_cat","embeddable":true,"href":"https:\/\/e.kosmolat.eu\/lt\/wp-json\/wp\/v2\/product_cat?post=65857"},{"taxonomy":"product_tag","embeddable":true,"href":"https:\/\/e.kosmolat.eu\/lt\/wp-json\/wp\/v2\/product_tag?post=65857"}],"curies":[{"name":"wp","href":"https:\/\/api.w.org\/{rel}","templated":true}]}}