{"id":65849,"date":"2025-03-25T05:08:26","date_gmt":"2025-03-25T05:08:26","guid":{"rendered":"https:\/\/e.kosmolat.eu\/product\/famirel-sejas-toniks-ar-jasm-un-ris-dabiskam-mirdzumam-un-cin-ar-blavumu-200-ml\/"},"modified":"2026-05-08T23:13:20","modified_gmt":"2026-05-08T23:13:20","slug":"famirel-sejas-toniks-ar-jasm-un-ris-dabiskam-mirdzumam-un-cin-ar-blavumu-200-ml","status":"publish","type":"product","link":"https:\/\/e.kosmolat.eu\/lt\/produktas\/famirel-sejas-toniks-ar-jasm-un-ris-dabiskam-mirdzumam-un-cin-ar-blavumu-200-ml\/","title":{"rendered":"FAMIREL Veido tonikas su jazminais ir ry\u017eiais nat\u016braliam \u0161vyt\u0117jimui ir kovai su blankumu, 200 ml"},"content":{"rendered":"<p>Veido tonike yra ry\u017ei\u0173 vanduo, \u017einomas d\u0117l savo maitinam\u0173j\u0173 ir atkuriam\u0173j\u0173 savybi\u0173. Reguliuoja odos pH balans\u0105, gerina jos tekst\u016br\u0105 ir skatina nat\u016bral\u0173 \u0161vyt\u0117jim\u0105. Tinka kasdienei prie\u017ei\u016brai..<\/p>\n<p>Naudojimas: u\u017etepkite ant vatos diskelio ir \u0161velniai nuvalykite veid\u0105 ir kakl\u0105. Naudokite ryte ir vakare.<\/p>\n<p>Atsargumo priemon\u0117s:<br \/>\n\u2022 Naudokite tik pagal paskirt\u012f.<br \/>\n\u2022 Neprarykite.<br \/>\n\u2022 Venkite patekimo \u012f akis.<br \/>\n\u2022 Laikyti vaikams nepasiekiamoje vietoje.<br \/>\n\u2022 Nenaudokite, jei yra individualus jautrumas komponentams.<br \/>\n\u2022 Jei atsiranda dirginimas, nedelsiant nutraukite naudojim\u0105.<br \/>\n\u2022 Tik i\u0161oriniam naudojimui<br \/>\n\u2022 Sud\u0117tyje n\u0117ra paraben\u0173.<\/p>\n<p>Laikymo s\u0105lygos: laikyti nuo +5 iki +39 \u00b0C temperat\u016broje, o santykin\u0117 oro dr\u0117gm\u0117 55-70%.<\/p>\n","protected":false},"excerpt":{"rendered":"<p>Veido tonike yra ry\u017ei\u0173 vanduo, \u017einomas d\u0117l savo maitinam\u0173j\u0173 ir atkuriam\u0173j\u0173 savybi\u0173. Reguliuoja odos pH balans\u0105, gerina jos tekst\u016br\u0105 ir skatina nat\u016bral\u0173 \u0161vyt\u0117jim\u0105. Tinka kasdienei prie\u017ei\u016brai.. Naudojimas: u\u017etepkite ant vatos diskelio ir \u0161velniai nuvalykite veid\u0105 ir kakl\u0105. Naudokite ryte ir vakare. Atsargumo priemon\u0117s: \u2022 Naudokite tik pagal paskirt\u012f. \u2022 Neprarykite. \u2022 Venkite patekimo \u012f akis. [&#8230;]\n","protected":false},"featured_media":98591,"template":"","meta":[],"product_cat":[1580],"product_tag":[],"class_list":{"0":"post-65849","1":"product","2":"type-product","3":"status-publish","4":"has-post-thumbnail","6":"product_brand-famirel-il-lt","7":"product_cat-losjonai-ir-tonikai","9":"first","10":"instock","11":"taxable","12":"shipping-taxable","13":"product-type-simple"},"_links":{"self":[{"href":"https:\/\/e.kosmolat.eu\/lt\/wp-json\/wp\/v2\/product\/65849","targetHints":{"allow":["GET"]}}],"collection":[{"href":"https:\/\/e.kosmolat.eu\/lt\/wp-json\/wp\/v2\/product"}],"about":[{"href":"https:\/\/e.kosmolat.eu\/lt\/wp-json\/wp\/v2\/types\/product"}],"wp:featuredmedia":[{"embeddable":true,"href":"https:\/\/e.kosmolat.eu\/lt\/wp-json\/wp\/v2\/media\/98591"}],"wp:attachment":[{"href":"https:\/\/e.kosmolat.eu\/lt\/wp-json\/wp\/v2\/media?parent=65849"}],"wp:term":[{"taxonomy":"product_cat","embeddable":true,"href":"https:\/\/e.kosmolat.eu\/lt\/wp-json\/wp\/v2\/product_cat?post=65849"},{"taxonomy":"product_tag","embeddable":true,"href":"https:\/\/e.kosmolat.eu\/lt\/wp-json\/wp\/v2\/product_tag?post=65849"}],"curies":[{"name":"wp","href":"https:\/\/api.w.org\/{rel}","templated":true}]}}