{"id":65841,"date":"2025-03-25T05:08:10","date_gmt":"2025-03-25T05:08:10","guid":{"rendered":"https:\/\/e.kosmolat.eu\/product\/famirel-sejas-toniks-ar-smiltserksku-ekstr-e-vit-un-provit-b5-200-ml\/"},"modified":"2026-04-16T13:35:56","modified_gmt":"2026-04-16T13:35:56","slug":"famirel-sejas-toniks-ar-smiltserksku-ekstr-e-vit-un-provit-b5-200-ml","status":"publish","type":"product","link":"https:\/\/e.kosmolat.eu\/lt\/produktas\/famirel-sejas-toniks-ar-smiltserksku-ekstr-e-vit-un-provit-b5-200-ml\/","title":{"rendered":"FAMIREL veido tonikas su \u0161altalanki\u0173 ekstraktu, vitaminu E ir provitaminu B5, 200 ml"},"content":{"rendered":"<p>Veido tonikas su \u0161altalankiais yra puikus priedas prie veido prausimosi put\u0173 su r\u016bg\u0161timis. Negyvosios j\u016bros mineralai ir augal\u0173 ekstraktai efektyviai valo ir gaivina od\u0105, pa\u0161alina negyvas veido ir kaklo odos l\u0105steles. Suteikia odai sveik\u0105 ir gaivi\u0105 i\u0161vaizd\u0105, pad\u0117damas atkurti pa\u017eeistas odos l\u0105steles.<\/p>\n<p>Naudojimas: u\u017etepkite ant vatos diskelio ir \u0161velniai nuvalykite veid\u0105 ir kakl\u0105. Naudokite ryte ir vakare.<\/p>\n<p>Atsargumo priemon\u0117s:<br \/>\n\u2022 Naudokite tik pagal paskirt\u012f.<br \/>\n\u2022 Neprarykite.<br \/>\n\u2022 Venkite patekimo \u012f akis.<br \/>\n\u2022 Laikyti vaikams nepasiekiamoje vietoje.<br \/>\n\u2022 Nenaudokite, jei yra individualus jautrumas komponentams.<br \/>\n\u2022 Jei atsiranda dirginimas, nedelsiant nutraukite naudojim\u0105.<br \/>\n\u2022 Tik i\u0161oriniam naudojimui<br \/>\n\u2022 Sud\u0117tyje n\u0117ra paraben\u0173.<\/p>\n<p>Laikymo s\u0105lygos: laikyti nuo +5 iki +39 \u00b0C temperat\u016broje, o santykin\u0117 oro dr\u0117gm\u0117 55-70%.<\/p>\n","protected":false},"excerpt":{"rendered":"<p>Veido tonikas su \u0161altalankiais yra puikus priedas prie veido prausimosi put\u0173 su r\u016bg\u0161timis. Negyvosios j\u016bros mineralai ir augal\u0173 ekstraktai efektyviai valo ir gaivina od\u0105, pa\u0161alina negyvas veido ir kaklo odos l\u0105steles. Suteikia odai sveik\u0105 ir gaivi\u0105 i\u0161vaizd\u0105, pad\u0117damas atkurti pa\u017eeistas odos l\u0105steles. Naudojimas: u\u017etepkite ant vatos diskelio ir \u0161velniai nuvalykite veid\u0105 ir kakl\u0105. Naudokite ryte [&#8230;]\n","protected":false},"featured_media":99638,"template":"","meta":[],"product_cat":[1580],"product_tag":[],"class_list":{"0":"post-65841","1":"product","2":"type-product","3":"status-publish","4":"has-post-thumbnail","6":"product_brand-famirel-il-lt","7":"product_cat-losjonai-ir-tonikai","9":"first","10":"instock","11":"taxable","12":"shipping-taxable","13":"product-type-simple"},"_links":{"self":[{"href":"https:\/\/e.kosmolat.eu\/lt\/wp-json\/wp\/v2\/product\/65841","targetHints":{"allow":["GET"]}}],"collection":[{"href":"https:\/\/e.kosmolat.eu\/lt\/wp-json\/wp\/v2\/product"}],"about":[{"href":"https:\/\/e.kosmolat.eu\/lt\/wp-json\/wp\/v2\/types\/product"}],"wp:featuredmedia":[{"embeddable":true,"href":"https:\/\/e.kosmolat.eu\/lt\/wp-json\/wp\/v2\/media\/99638"}],"wp:attachment":[{"href":"https:\/\/e.kosmolat.eu\/lt\/wp-json\/wp\/v2\/media?parent=65841"}],"wp:term":[{"taxonomy":"product_cat","embeddable":true,"href":"https:\/\/e.kosmolat.eu\/lt\/wp-json\/wp\/v2\/product_cat?post=65841"},{"taxonomy":"product_tag","embeddable":true,"href":"https:\/\/e.kosmolat.eu\/lt\/wp-json\/wp\/v2\/product_tag?post=65841"}],"curies":[{"name":"wp","href":"https:\/\/api.w.org\/{rel}","templated":true}]}}