{"id":65833,"date":"2025-03-25T05:07:54","date_gmt":"2025-03-25T05:07:54","guid":{"rendered":"https:\/\/e.kosmolat.eu\/product\/famirel-sejas-toniks-problem-adai-ar-5-augu-ekstr-salicilsk-un-hialuronsk-200-ml\/"},"modified":"2026-03-16T11:24:22","modified_gmt":"2026-03-16T11:24:22","slug":"famirel-sejas-toniks-problem-adai-ar-5-augu-ekstr-salicilsk-un-hialuronsk-200-ml","status":"publish","type":"product","link":"https:\/\/e.kosmolat.eu\/lt\/produktas\/famirel-sejas-toniks-problem-adai-ar-5-augu-ekstr-salicilsk-un-hialuronsk-200-ml\/","title":{"rendered":"FAMIREL Tonikas probleminei odai su 5 augal\u0173 ekstraktais, salicilo r\u016bg\u0161timi ir hialurono r\u016bg\u0161timi, 2"},"content":{"rendered":"<p>Galingas, bet \u0161velnus tonikas probleminei odai. I\u0161valo od\u0105 nuo ne\u0161varum\u0173 ir negyv\u0173 l\u0105steli\u0173. Formul\u0117 su augaliniais ekstraktais saugo od\u0105 nuo i\u0161orini\u0173 veiksni\u0173, j\u0105 gaivina ir paruo\u0161ia tolimesnei prie\u017ei\u016brai.<\/p>\n<p>Naudojimas: u\u017etepkite ant vatos diskelio ir \u0161velniai nuvalykite veid\u0105 ir kakl\u0105. Naudokite ryte ir vakare.<\/p>\n<p>Atsargumo priemon\u0117s:<br \/>\n\u2022 Naudokite tik pagal paskirt\u012f.<br \/>\n\u2022 Neprarykite.<br \/>\n\u2022 Venkite patekimo \u012f akis.<br \/>\n\u2022 Laikyti vaikams nepasiekiamoje vietoje.<br \/>\n\u2022 Nenaudokite, jei yra individualus jautrumas komponentams.<br \/>\n\u2022 Jei atsiranda dirginimas, nedelsiant nutraukite naudojim\u0105.<br \/>\n\u2022 Tik i\u0161oriniam naudojimui<br \/>\n\u2022 Sud\u0117tyje n\u0117ra paraben\u0173.<\/p>\n<p>Laikymo s\u0105lygos: laikyti nuo +5 iki +39 \u00b0C temperat\u016broje, o santykin\u0117 oro dr\u0117gm\u0117 55-70%.<\/p>\n","protected":false},"excerpt":{"rendered":"<p>Galingas, bet \u0161velnus tonikas probleminei odai. I\u0161valo od\u0105 nuo ne\u0161varum\u0173 ir negyv\u0173 l\u0105steli\u0173. Formul\u0117 su augaliniais ekstraktais saugo od\u0105 nuo i\u0161orini\u0173 veiksni\u0173, j\u0105 gaivina ir paruo\u0161ia tolimesnei prie\u017ei\u016brai. Naudojimas: u\u017etepkite ant vatos diskelio ir \u0161velniai nuvalykite veid\u0105 ir kakl\u0105. Naudokite ryte ir vakare. Atsargumo priemon\u0117s: \u2022 Naudokite tik pagal paskirt\u012f. \u2022 Neprarykite. \u2022 Venkite patekimo [&#8230;]\n","protected":false},"featured_media":102379,"template":"","meta":[],"product_cat":[2181],"product_tag":[],"class_list":{"0":"post-65833","1":"product","2":"type-product","3":"status-publish","4":"has-post-thumbnail","6":"product_brand-famirel-il-lt","7":"product_cat-bez-kategorijas-lt","9":"first","10":"instock","11":"taxable","12":"shipping-taxable","13":"product-type-simple"},"_links":{"self":[{"href":"https:\/\/e.kosmolat.eu\/lt\/wp-json\/wp\/v2\/product\/65833","targetHints":{"allow":["GET"]}}],"collection":[{"href":"https:\/\/e.kosmolat.eu\/lt\/wp-json\/wp\/v2\/product"}],"about":[{"href":"https:\/\/e.kosmolat.eu\/lt\/wp-json\/wp\/v2\/types\/product"}],"wp:featuredmedia":[{"embeddable":true,"href":"https:\/\/e.kosmolat.eu\/lt\/wp-json\/wp\/v2\/media\/102379"}],"wp:attachment":[{"href":"https:\/\/e.kosmolat.eu\/lt\/wp-json\/wp\/v2\/media?parent=65833"}],"wp:term":[{"taxonomy":"product_cat","embeddable":true,"href":"https:\/\/e.kosmolat.eu\/lt\/wp-json\/wp\/v2\/product_cat?post=65833"},{"taxonomy":"product_tag","embeddable":true,"href":"https:\/\/e.kosmolat.eu\/lt\/wp-json\/wp\/v2\/product_tag?post=65833"}],"curies":[{"name":"wp","href":"https:\/\/api.w.org\/{rel}","templated":true}]}}