{"id":65825,"date":"2025-03-25T05:07:40","date_gmt":"2025-03-25T05:07:40","guid":{"rendered":"https:\/\/e.kosmolat.eu\/product\/famirel-sejas-toniks-visiem-adas-tip-ar-6-augu-ekstr-un-provit-b5-200-ml\/"},"modified":"2026-04-14T06:13:48","modified_gmt":"2026-04-14T06:13:48","slug":"famirel-sejas-toniks-visiem-adas-tip-ar-6-augu-ekstr-un-provit-b5-200-ml","status":"publish","type":"product","link":"https:\/\/e.kosmolat.eu\/lt\/produktas\/famirel-sejas-toniks-visiem-adas-tip-ar-6-augu-ekstr-un-provit-b5-200-ml\/","title":{"rendered":"FAMIREL veido tonikas vis\u0173 tip\u0173 odai su 6 augal\u0173 ekstraktais ir provitaminu B5, 200 ml"},"content":{"rendered":"<p>Veido tonikas su Negyvosios j\u016bros mineralais ir augal\u0173 ekstraktais efektyviai valo ir gaivina od\u0105, pa\u0161alindamas negyvas veido ir kaklo odos l\u0105steles. Suteikia odai sveik\u0105 ir gaivi\u0105 i\u0161vaizd\u0105, padeda atkurti pa\u017eeistas l\u0105steles.<\/p>\n<p>Naudojimas: u\u017etepkite ant vatos diskelio ir \u0161velniai nuvalykite veid\u0105 ir kakl\u0105. Naudokite ryte ir vakare.<\/p>\n<p>Atsargumo priemon\u0117s:<br \/>\n\u2022 Naudokite tik pagal paskirt\u012f.<br \/>\n\u2022 Neprarykite.<br \/>\n\u2022 Venkite patekimo \u012f akis.<br \/>\n\u2022 Laikyti vaikams nepasiekiamoje vietoje.<br \/>\n\u2022 Nenaudokite, jei yra individualus jautrumas komponentams.<br \/>\n\u2022 Jei atsiranda dirginimas, nedelsiant nutraukite naudojim\u0105.<br \/>\n\u2022 Tik i\u0161oriniam naudojimui<br \/>\n\u2022 Sud\u0117tyje n\u0117ra paraben\u0173.<\/p>\n<p>Laikymo s\u0105lygos: laikyti nuo +5 iki +39 \u00b0C temperat\u016broje, o santykin\u0117 oro dr\u0117gm\u0117 55-70%.<\/p>\n","protected":false},"excerpt":{"rendered":"<p>Veido tonikas su Negyvosios j\u016bros mineralais ir augal\u0173 ekstraktais efektyviai valo ir gaivina od\u0105, pa\u0161alindamas negyvas veido ir kaklo odos l\u0105steles. Suteikia odai sveik\u0105 ir gaivi\u0105 i\u0161vaizd\u0105, padeda atkurti pa\u017eeistas l\u0105steles. Naudojimas: u\u017etepkite ant vatos diskelio ir \u0161velniai nuvalykite veid\u0105 ir kakl\u0105. Naudokite ryte ir vakare. Atsargumo priemon\u0117s: \u2022 Naudokite tik pagal paskirt\u012f. \u2022 Neprarykite. [&#8230;]\n","protected":false},"featured_media":99634,"template":"","meta":[],"product_cat":[1580],"product_tag":[],"class_list":{"0":"post-65825","1":"product","2":"type-product","3":"status-publish","4":"has-post-thumbnail","6":"product_brand-famirel-il-lt","7":"product_cat-losjonai-ir-tonikai","9":"first","10":"instock","11":"taxable","12":"shipping-taxable","13":"product-type-simple"},"_links":{"self":[{"href":"https:\/\/e.kosmolat.eu\/lt\/wp-json\/wp\/v2\/product\/65825","targetHints":{"allow":["GET"]}}],"collection":[{"href":"https:\/\/e.kosmolat.eu\/lt\/wp-json\/wp\/v2\/product"}],"about":[{"href":"https:\/\/e.kosmolat.eu\/lt\/wp-json\/wp\/v2\/types\/product"}],"wp:featuredmedia":[{"embeddable":true,"href":"https:\/\/e.kosmolat.eu\/lt\/wp-json\/wp\/v2\/media\/99634"}],"wp:attachment":[{"href":"https:\/\/e.kosmolat.eu\/lt\/wp-json\/wp\/v2\/media?parent=65825"}],"wp:term":[{"taxonomy":"product_cat","embeddable":true,"href":"https:\/\/e.kosmolat.eu\/lt\/wp-json\/wp\/v2\/product_cat?post=65825"},{"taxonomy":"product_tag","embeddable":true,"href":"https:\/\/e.kosmolat.eu\/lt\/wp-json\/wp\/v2\/product_tag?post=65825"}],"curies":[{"name":"wp","href":"https:\/\/api.w.org\/{rel}","templated":true}]}}