{"id":65817,"date":"2025-03-25T05:07:24","date_gmt":"2025-03-25T05:07:24","guid":{"rendered":"https:\/\/e.kosmolat.eu\/product\/famirel-dzili-attirosas-putas-ar-azijas-centiliju-un-risiem-150-ml\/"},"modified":"2026-04-20T11:34:49","modified_gmt":"2026-04-20T11:34:49","slug":"famirel-dzili-attirosas-putas-ar-azijas-centiliju-un-risiem-150-ml","status":"publish","type":"product","link":"https:\/\/e.kosmolat.eu\/lt\/produktas\/famirel-dzili-attirosas-putas-ar-azijas-centiliju-un-risiem-150-ml\/","title":{"rendered":"FAMIREL Giliai valan\u010dios putos su centel\u0117mis ir ry\u017eiais, 150 ml"},"content":{"rendered":"<p>Giliai valan\u010dios putos su ry\u017eiais dr\u0117kina od\u0105 ir sulygina jos atspalv\u012f, saugo nuo saul\u0117s spinduli\u0173 poveikio, suteikdamos odai nat\u016bral\u0173 \u0161vyt\u0117jim\u0105. Sud\u0117tyje yra centella asiatica, \u017einomos d\u0117l savo antioksidacini\u0173 savybi\u0173, padedan\u010di\u0173 apsaugoti od\u0105 nuo i\u0161orini\u0173 veiksni\u0173. Unikali formul\u0117 suteikia visk\u0105, ko reikia j\u016bs\u0173 odos sveikatai ir gro\u017eiui.<\/p>\n<p>Naudojimas: Nedidel\u012f kiek\u012f put\u0173 u\u017etepkite ant rank\u0173 ir \u0161velniais judesiais masa\u017euokite veid\u0105. Vengti patekimo \u012f akis. Nuplaukite vandeniu.<\/p>\n<p>Atsargumo priemon\u0117s:<br \/>\n\u2022 Naudokite tik pagal paskirt\u012f.<br \/>\n\u2022 Neprarykite.<br \/>\n\u2022 Venkite patekimo \u012f akis.<br \/>\n\u2022 Laikyti vaikams nepasiekiamoje vietoje.<br \/>\n\u2022 Nenaudokite, jei yra individualus jautrumas komponentams.<br \/>\n\u2022 Jei atsiranda dirginimas, nedelsiant nutraukite naudojim\u0105.<br \/>\n\u2022 Tik i\u0161oriniam naudojimui<br \/>\n\u2022 Sud\u0117tyje n\u0117ra paraben\u0173.<\/p>\n<p>Laikymo s\u0105lygos: laikyti nuo +5 iki +39 \u00b0C temperat\u016broje, o santykin\u0117 oro dr\u0117gm\u0117 55-70%.<\/p>\n","protected":false},"excerpt":{"rendered":"<p>Giliai valan\u010dios putos su ry\u017eiais dr\u0117kina od\u0105 ir sulygina jos atspalv\u012f, saugo nuo saul\u0117s spinduli\u0173 poveikio, suteikdamos odai nat\u016bral\u0173 \u0161vyt\u0117jim\u0105. Sud\u0117tyje yra centella asiatica, \u017einomos d\u0117l savo antioksidacini\u0173 savybi\u0173, padedan\u010di\u0173 apsaugoti od\u0105 nuo i\u0161orini\u0173 veiksni\u0173. Unikali formul\u0117 suteikia visk\u0105, ko reikia j\u016bs\u0173 odos sveikatai ir gro\u017eiui. Naudojimas: Nedidel\u012f kiek\u012f put\u0173 u\u017etepkite ant rank\u0173 ir \u0161velniais [&#8230;]\n","protected":false},"featured_media":99096,"template":"","meta":[],"product_cat":[1835],"product_tag":[],"class_list":{"0":"post-65817","1":"product","2":"type-product","3":"status-publish","4":"has-post-thumbnail","6":"product_brand-famirel-il-lt","7":"product_cat-prausimosi-putos","9":"first","10":"instock","11":"taxable","12":"shipping-taxable","13":"product-type-simple"},"_links":{"self":[{"href":"https:\/\/e.kosmolat.eu\/lt\/wp-json\/wp\/v2\/product\/65817","targetHints":{"allow":["GET"]}}],"collection":[{"href":"https:\/\/e.kosmolat.eu\/lt\/wp-json\/wp\/v2\/product"}],"about":[{"href":"https:\/\/e.kosmolat.eu\/lt\/wp-json\/wp\/v2\/types\/product"}],"wp:featuredmedia":[{"embeddable":true,"href":"https:\/\/e.kosmolat.eu\/lt\/wp-json\/wp\/v2\/media\/99096"}],"wp:attachment":[{"href":"https:\/\/e.kosmolat.eu\/lt\/wp-json\/wp\/v2\/media?parent=65817"}],"wp:term":[{"taxonomy":"product_cat","embeddable":true,"href":"https:\/\/e.kosmolat.eu\/lt\/wp-json\/wp\/v2\/product_cat?post=65817"},{"taxonomy":"product_tag","embeddable":true,"href":"https:\/\/e.kosmolat.eu\/lt\/wp-json\/wp\/v2\/product_tag?post=65817"}],"curies":[{"name":"wp","href":"https:\/\/api.w.org\/{rel}","templated":true}]}}