{"id":65809,"date":"2025-03-25T05:07:08","date_gmt":"2025-03-25T05:07:08","guid":{"rendered":"https:\/\/e.kosmolat.eu\/product\/famirel-dzili-attirosas-putas-ar-skabem-un-smiltserkski-150-ml\/"},"modified":"2026-04-16T10:32:08","modified_gmt":"2026-04-16T10:32:08","slug":"famirel-dzili-attirosas-putas-ar-skabem-un-smiltserkski-150-ml","status":"publish","type":"product","link":"https:\/\/e.kosmolat.eu\/lt\/produktas\/famirel-dzili-attirosas-putas-ar-skabem-un-smiltserkski-150-ml\/","title":{"rendered":"FAMIREL Giliai valon\u010dios putos su r\u016bg\u0161timis ir \u0161altalankiais, 150 ml"},"content":{"rendered":"<p>Giliai valan\u010dios putos riebiai, probleminei, mi\u0161riai ir \u012f pigmentacij\u0105 linkusiai odai. Giliai i\u0161valo poras, kovoja su ink\u0161tirais, \u0161viesina ir atnaujina epiderm\u012f. Sud\u0117tyje yra glikolio r\u016bg\u0161ties, betaino, vitamino E ir granat\u0173 ekstrakto.<\/p>\n<p>Naudojimas: \u0160velniai \u012fmasa\u017euokite \u012f dr\u0117gn\u0105 od\u0105, vengdami patekimo \u012f akis. Kruop\u0161\u010diai nuplaukite. Nusausinkite od\u0105.<\/p>\n<p>Atsargumo priemon\u0117s:<br \/>\n\u2022 Naudokite tik pagal paskirt\u012f.<br \/>\n\u2022 Neprarykite.<br \/>\n\u2022 Venkite patekimo \u012f akis.<br \/>\n\u2022 Laikyti vaikams nepasiekiamoje vietoje.<br \/>\n\u2022 Nenaudokite, jei yra individualus jautrumas komponentams.<br \/>\n\u2022 Jei atsiranda dirginimas, nedelsiant nutraukite naudojim\u0105.<br \/>\n\u2022 Tik i\u0161oriniam naudojimui<br \/>\n\u2022 Sud\u0117tyje n\u0117ra paraben\u0173.<\/p>\n<p>Laikymo s\u0105lygos: laikyti nuo +5 iki +39 \u00b0C temperat\u016broje, o santykin\u0117 oro dr\u0117gm\u0117 55-70%.<\/p>\n","protected":false},"excerpt":{"rendered":"<p>Giliai valan\u010dios putos riebiai, probleminei, mi\u0161riai ir \u012f pigmentacij\u0105 linkusiai odai. Giliai i\u0161valo poras, kovoja su ink\u0161tirais, \u0161viesina ir atnaujina epiderm\u012f. Sud\u0117tyje yra glikolio r\u016bg\u0161ties, betaino, vitamino E ir granat\u0173 ekstrakto. Naudojimas: \u0160velniai \u012fmasa\u017euokite \u012f dr\u0117gn\u0105 od\u0105, vengdami patekimo \u012f akis. Kruop\u0161\u010diai nuplaukite. Nusausinkite od\u0105. Atsargumo priemon\u0117s: \u2022 Naudokite tik pagal paskirt\u012f. \u2022 Neprarykite. \u2022 [&#8230;]\n","protected":false},"featured_media":101446,"template":"","meta":[],"product_cat":[1835],"product_tag":[],"class_list":{"0":"post-65809","1":"product","2":"type-product","3":"status-publish","4":"has-post-thumbnail","6":"product_brand-famirel-il-lt","7":"product_cat-prausimosi-putos","9":"first","10":"instock","11":"taxable","12":"shipping-taxable","13":"product-type-simple"},"_links":{"self":[{"href":"https:\/\/e.kosmolat.eu\/lt\/wp-json\/wp\/v2\/product\/65809","targetHints":{"allow":["GET"]}}],"collection":[{"href":"https:\/\/e.kosmolat.eu\/lt\/wp-json\/wp\/v2\/product"}],"about":[{"href":"https:\/\/e.kosmolat.eu\/lt\/wp-json\/wp\/v2\/types\/product"}],"wp:featuredmedia":[{"embeddable":true,"href":"https:\/\/e.kosmolat.eu\/lt\/wp-json\/wp\/v2\/media\/101446"}],"wp:attachment":[{"href":"https:\/\/e.kosmolat.eu\/lt\/wp-json\/wp\/v2\/media?parent=65809"}],"wp:term":[{"taxonomy":"product_cat","embeddable":true,"href":"https:\/\/e.kosmolat.eu\/lt\/wp-json\/wp\/v2\/product_cat?post=65809"},{"taxonomy":"product_tag","embeddable":true,"href":"https:\/\/e.kosmolat.eu\/lt\/wp-json\/wp\/v2\/product_tag?post=65809"}],"curies":[{"name":"wp","href":"https:\/\/api.w.org\/{rel}","templated":true}]}}