{"id":65793,"date":"2025-03-25T05:06:38","date_gmt":"2025-03-25T05:06:38","guid":{"rendered":"https:\/\/e.kosmolat.eu\/product\/famirel-sejas-mazgas-zeleja-gurkis-moringa-un-svaiga-piparmetra-200-ml\/"},"modified":"2026-04-08T13:36:33","modified_gmt":"2026-04-08T13:36:33","slug":"famirel-sejas-mazgas-zeleja-gurkis-moringa-un-svaiga-piparmetra-200-ml","status":"publish","type":"product","link":"https:\/\/e.kosmolat.eu\/lt\/produktas\/famirel-sejas-mazgas-zeleja-gurkis-moringa-un-svaiga-piparmetra-200-ml\/","title":{"rendered":"FAMIREL Valomasis gelis agurk\u0173, moring\u0173 ir \u0161vie\u017ei\u0173 m\u0117t\u0173, 200 ml"},"content":{"rendered":"<p>Veiksminga priemon\u0117 kasdieniam veido odos valymui nuo ne\u0161varum\u0173, riebal\u0173 ir makia\u017eo liku\u010di\u0173. D\u0117l savo subtilios formul\u0117s gelis delika\u010diai ir \u0161velniai valo nepa\u017eeid\u017eiant nat\u016bralaus odos dr\u0117gm\u0117s lygio. Moring\u0173 ekstraktas aktyviai saugo od\u0105 nuo \u017ealingo laisv\u0173j\u0173 radikal\u0173 poveikio, palaiko jos sveikat\u0105 ir jaunyst\u0119. Hialurono r\u016bg\u0161ties, vitamino B5 ir vitamino E derinys veido odai suteikia ilgalaik\u012f dr\u0117kinim\u0105.<\/p>\n<p>Naudojimas: Tepkite ant dr\u0117gnos veido ir kaklo odos, \u0161velniai masa\u017euodami sukamaisiais judesiais i\u0161 apa\u010dios \u012f vir\u0161\u0173, vengdami aki\u0173 srities. Nuplaukite \u0161iltu vandeniu.<\/p>\n<p>Atsargumo priemon\u0117s:<br \/>\n\u2022 Naudokite tik pagal paskirt\u012f.<br \/>\n\u2022 Neprarykite.<br \/>\n\u2022 Venkite patekimo \u012f akis.<br \/>\n\u2022 Laikyti vaikams nepasiekiamoje vietoje.<br \/>\n\u2022 Nenaudokite, jei yra individualus jautrumas komponentams.<br \/>\n\u2022 Jei atsiranda dirginimas, nedelsiant nutraukite naudojim\u0105.<br \/>\n\u2022 Tik i\u0161oriniam naudojimui<br \/>\n\u2022 Sud\u0117tyje n\u0117ra paraben\u0173.<\/p>\n<p>Laikymo s\u0105lygos: laikyti nuo +5 iki +39 \u00b0C temperat\u016broje, o santykin\u0117 oro dr\u0117gm\u0117 55-70%.<\/p>\n","protected":false},"excerpt":{"rendered":"<p>Veiksminga priemon\u0117 kasdieniam veido odos valymui nuo ne\u0161varum\u0173, riebal\u0173 ir makia\u017eo liku\u010di\u0173. D\u0117l savo subtilios formul\u0117s gelis delika\u010diai ir \u0161velniai valo nepa\u017eeid\u017eiant nat\u016bralaus odos dr\u0117gm\u0117s lygio. Moring\u0173 ekstraktas aktyviai saugo od\u0105 nuo \u017ealingo laisv\u0173j\u0173 radikal\u0173 poveikio, palaiko jos sveikat\u0105 ir jaunyst\u0119. Hialurono r\u016bg\u0161ties, vitamino B5 ir vitamino E derinys veido odai suteikia ilgalaik\u012f dr\u0117kinim\u0105. Naudojimas: [&#8230;]\n","protected":false},"featured_media":102375,"template":"","meta":[],"product_cat":[2181],"product_tag":[],"class_list":{"0":"post-65793","1":"product","2":"type-product","3":"status-publish","4":"has-post-thumbnail","6":"product_brand-famirel-il-lt","7":"product_cat-bez-kategorijas-lt","9":"first","10":"instock","11":"taxable","12":"shipping-taxable","13":"product-type-simple"},"_links":{"self":[{"href":"https:\/\/e.kosmolat.eu\/lt\/wp-json\/wp\/v2\/product\/65793","targetHints":{"allow":["GET"]}}],"collection":[{"href":"https:\/\/e.kosmolat.eu\/lt\/wp-json\/wp\/v2\/product"}],"about":[{"href":"https:\/\/e.kosmolat.eu\/lt\/wp-json\/wp\/v2\/types\/product"}],"wp:featuredmedia":[{"embeddable":true,"href":"https:\/\/e.kosmolat.eu\/lt\/wp-json\/wp\/v2\/media\/102375"}],"wp:attachment":[{"href":"https:\/\/e.kosmolat.eu\/lt\/wp-json\/wp\/v2\/media?parent=65793"}],"wp:term":[{"taxonomy":"product_cat","embeddable":true,"href":"https:\/\/e.kosmolat.eu\/lt\/wp-json\/wp\/v2\/product_cat?post=65793"},{"taxonomy":"product_tag","embeddable":true,"href":"https:\/\/e.kosmolat.eu\/lt\/wp-json\/wp\/v2\/product_tag?post=65793"}],"curies":[{"name":"wp","href":"https:\/\/api.w.org\/{rel}","templated":true}]}}