{"id":65785,"date":"2025-03-25T05:06:22","date_gmt":"2025-03-25T05:06:22","guid":{"rendered":"https:\/\/e.kosmolat.eu\/product\/famirel-ikd-sejas-mazg-zeleja-visiem-ad-tip-ar-papainu-ingvera-un-melno-kim-ekst-200-ml\/"},"modified":"2026-04-10T13:47:51","modified_gmt":"2026-04-10T13:47:51","slug":"famirel-ikd-sejas-mazg-zeleja-visiem-ad-tip-ar-papainu-ingvera-un-melno-kim-ekst-200-ml","status":"publish","type":"product","link":"https:\/\/e.kosmolat.eu\/lt\/produktas\/famirel-ikd-sejas-mazg-zeleja-visiem-ad-tip-ar-papainu-ingvera-un-melno-kim-ekst-200-ml\/","title":{"rendered":"FAMIREL kasdienis valomasis gelis vis\u0173 tip\u0173 odai su papainu ir imbier\u0173 bei juod\u0173j\u0173 kmyn\u0173 ekstraktais"},"content":{"rendered":"<p>Idealus produktas \u0161velniai odai valyti. Sud\u0117tyje yra augal\u0173 ekstrakt\u0173 ir Negyvosios j\u016bros mineral\u0173 kartu su \u0161velniais valomaisiais ir dr\u0117kinamaisiais ingredientais. Gelis \u0161velniai valo od\u0105, pa\u0161alindamas susikaupusius ne\u0161varumus ir riebal\u0173 pertekli\u0173. Palieka od\u0105 gaivi\u0105 ir paruo\u0161t\u0105 tolimesnei prie\u017ei\u016brai. Tinka visiems odos tipams.<\/p>\n<p>Naudojimas: Tepkite ant dr\u0117gnos veido ir kaklo odos, \u0161velniai masa\u017euodami sukamaisiais judesiais i\u0161 apa\u010dios \u012f vir\u0161\u0173, vengdami aki\u0173 srities. Nuplaukite \u0161iltu vandeniu.<\/p>\n<p>Atsargumo priemon\u0117s:<br \/>\n\u2022 Naudokite tik pagal paskirt\u012f.<br \/>\n\u2022 Neprarykite.<br \/>\n\u2022 Venkite patekimo \u012f akis.<br \/>\n\u2022 Laikyti vaikams nepasiekiamoje vietoje.<br \/>\n\u2022 Nenaudokite, jei yra individualus jautrumas komponentams.<br \/>\n\u2022 Jei atsiranda dirginimas, nedelsiant nutraukite naudojim\u0105.<br \/>\n\u2022 Tik i\u0161oriniam naudojimui<br \/>\n\u2022 Sud\u0117tyje n\u0117ra paraben\u0173.<\/p>\n<p>Laikymo s\u0105lygos: laikyti nuo +5 iki +39 \u00b0C temperat\u016broje, o santykin\u0117 oro dr\u0117gm\u0117 55-70%.<\/p>\n","protected":false},"excerpt":{"rendered":"<p>Idealus produktas \u0161velniai odai valyti. Sud\u0117tyje yra augal\u0173 ekstrakt\u0173 ir Negyvosios j\u016bros mineral\u0173 kartu su \u0161velniais valomaisiais ir dr\u0117kinamaisiais ingredientais. Gelis \u0161velniai valo od\u0105, pa\u0161alindamas susikaupusius ne\u0161varumus ir riebal\u0173 pertekli\u0173. Palieka od\u0105 gaivi\u0105 ir paruo\u0161t\u0105 tolimesnei prie\u017ei\u016brai. Tinka visiems odos tipams. Naudojimas: Tepkite ant dr\u0117gnos veido ir kaklo odos, \u0161velniai masa\u017euodami sukamaisiais judesiais i\u0161 apa\u010dios [&#8230;]\n","protected":false},"featured_media":102371,"template":"","meta":[],"product_cat":[1577],"product_tag":[],"class_list":{"0":"post-65785","1":"product","2":"type-product","3":"status-publish","4":"has-post-thumbnail","6":"product_brand-famirel-il-lt","7":"product_cat-gelis","9":"first","10":"instock","11":"taxable","12":"shipping-taxable","13":"product-type-simple"},"_links":{"self":[{"href":"https:\/\/e.kosmolat.eu\/lt\/wp-json\/wp\/v2\/product\/65785","targetHints":{"allow":["GET"]}}],"collection":[{"href":"https:\/\/e.kosmolat.eu\/lt\/wp-json\/wp\/v2\/product"}],"about":[{"href":"https:\/\/e.kosmolat.eu\/lt\/wp-json\/wp\/v2\/types\/product"}],"wp:featuredmedia":[{"embeddable":true,"href":"https:\/\/e.kosmolat.eu\/lt\/wp-json\/wp\/v2\/media\/102371"}],"wp:attachment":[{"href":"https:\/\/e.kosmolat.eu\/lt\/wp-json\/wp\/v2\/media?parent=65785"}],"wp:term":[{"taxonomy":"product_cat","embeddable":true,"href":"https:\/\/e.kosmolat.eu\/lt\/wp-json\/wp\/v2\/product_cat?post=65785"},{"taxonomy":"product_tag","embeddable":true,"href":"https:\/\/e.kosmolat.eu\/lt\/wp-json\/wp\/v2\/product_tag?post=65785"}],"curies":[{"name":"wp","href":"https:\/\/api.w.org\/{rel}","templated":true}]}}