{"id":65777,"date":"2025-03-25T05:06:05","date_gmt":"2025-03-25T05:06:05","guid":{"rendered":"https:\/\/e.kosmolat.eu\/product\/famirel-barojoss-pretnovec-sejas-serums-30-ml\/"},"modified":"2026-04-20T12:30:36","modified_gmt":"2026-04-20T12:30:36","slug":"famirel-barojoss-pretnovec-sejas-serums-30-ml","status":"publish","type":"product","link":"https:\/\/e.kosmolat.eu\/lt\/produktas\/famirel-barojoss-pretnovec-sejas-serums-30-ml\/","title":{"rendered":"FAMIREL Maitinamasis sen\u0117jim\u0105 stabdantis veido serumas, 30 ml"},"content":{"rendered":"<p>Serumo sud\u0117tyje yra gausus ingredient\u0173 kompleksas, kuris maitina odos l\u0105steles. Sud\u0117tyje yra hialurono r\u016bg\u0161ties, kolageno, vitamin\u0173 A ir E, ramun\u0117li\u0173 ir alavij\u0173 ekstrakt\u0173, taip pat kit\u0173 komponent\u0173, kurie kartu apsaugo nuo ankstyvo smulki\u0173 rauk\u0161li\u0173 atsiradimo ir lygina od\u0105.<\/p>\n<p>Naudojimas: Pir\u0161t\u0173 galiukais tepkite serum\u0105 ant odos, \u0161velniai masa\u017euokite, kol visi\u0161kai \u012fsigers. Nor\u0117dami gauti optimal\u0173 rezultat\u0105, naudokite du kart per dien\u0105.<\/p>\n<p>\u012esp\u0117jimas: Sud\u0117tyje yra vitamino A. Prie\u0161 naudojim\u0105 atsi\u017evelkite \u012f paros norm\u0105.<\/p>\n<p>Atsargumo priemon\u0117s:<br \/>\n\u2022 Naudokite tik pagal paskirt\u012f.<br \/>\n\u2022 Neprarykite.<br \/>\n\u2022 Venkite patekimo \u012f akis.<br \/>\n\u2022 Laikyti vaikams nepasiekiamoje vietoje.<br \/>\n\u2022 Nenaudokite, jei yra individualus jautrumas komponentams.<br \/>\n\u2022 Jei atsiranda dirginimas, nedelsiant nutraukite naudojim\u0105.<br \/>\n\u2022 Tik i\u0161oriniam naudojimui<br \/>\n\u2022 Sud\u0117tyje n\u0117ra paraben\u0173.<\/p>\n<p>Laikymo s\u0105lygos: laikyti nuo +5 iki +39 \u00b0C temperat\u016broje, o santykin\u0117 oro dr\u0117gm\u0117 55-70%.<\/p>\n","protected":false},"excerpt":{"rendered":"<p>Serumo sud\u0117tyje yra gausus ingredient\u0173 kompleksas, kuris maitina odos l\u0105steles. Sud\u0117tyje yra hialurono r\u016bg\u0161ties, kolageno, vitamin\u0173 A ir E, ramun\u0117li\u0173 ir alavij\u0173 ekstrakt\u0173, taip pat kit\u0173 komponent\u0173, kurie kartu apsaugo nuo ankstyvo smulki\u0173 rauk\u0161li\u0173 atsiradimo ir lygina od\u0105. Naudojimas: Pir\u0161t\u0173 galiukais tepkite serum\u0105 ant odos, \u0161velniai masa\u017euokite, kol visi\u0161kai \u012fsigers. Nor\u0117dami gauti optimal\u0173 rezultat\u0105, naudokite [&#8230;]\n","protected":false},"featured_media":101442,"template":"","meta":[],"product_cat":[1327],"product_tag":[],"class_list":{"0":"post-65777","1":"product","2":"type-product","3":"status-publish","4":"has-post-thumbnail","6":"product_brand-famirel-il-lt","7":"product_cat-serumai","9":"first","10":"instock","11":"taxable","12":"shipping-taxable","13":"product-type-simple"},"_links":{"self":[{"href":"https:\/\/e.kosmolat.eu\/lt\/wp-json\/wp\/v2\/product\/65777","targetHints":{"allow":["GET"]}}],"collection":[{"href":"https:\/\/e.kosmolat.eu\/lt\/wp-json\/wp\/v2\/product"}],"about":[{"href":"https:\/\/e.kosmolat.eu\/lt\/wp-json\/wp\/v2\/types\/product"}],"wp:featuredmedia":[{"embeddable":true,"href":"https:\/\/e.kosmolat.eu\/lt\/wp-json\/wp\/v2\/media\/101442"}],"wp:attachment":[{"href":"https:\/\/e.kosmolat.eu\/lt\/wp-json\/wp\/v2\/media?parent=65777"}],"wp:term":[{"taxonomy":"product_cat","embeddable":true,"href":"https:\/\/e.kosmolat.eu\/lt\/wp-json\/wp\/v2\/product_cat?post=65777"},{"taxonomy":"product_tag","embeddable":true,"href":"https:\/\/e.kosmolat.eu\/lt\/wp-json\/wp\/v2\/product_tag?post=65777"}],"curies":[{"name":"wp","href":"https:\/\/api.w.org\/{rel}","templated":true}]}}