{"id":65769,"date":"2025-03-25T05:05:50","date_gmt":"2025-03-25T05:05:50","guid":{"rendered":"https:\/\/e.kosmolat.eu\/product\/famirel-pretnovec-un-pregrumbu-krems-adai-ap-ac-30-ml\/"},"modified":"2026-04-22T05:56:22","modified_gmt":"2026-04-22T05:56:22","slug":"famirel-pretnovec-un-pregrumbu-krems-adai-ap-ac-30-ml","status":"publish","type":"product","link":"https:\/\/e.kosmolat.eu\/lt\/produktas\/famirel-pretnovec-un-pregrumbu-krems-adai-ap-ac-30-ml\/","title":{"rendered":"FAMIREL Kremas nuo rauk\u0161li\u0173 odai aplink akis, 30 ml"},"content":{"rendered":"<p>Visoms am\u017eiaus grup\u0117ms. Veiksmingas prie\u0161 mimikos linijas ir am\u017eiaus rauk\u0161les. Stiprina, tonizuoja, didina odos stangrum\u0105 ir elastingum\u0105, ma\u017eina patinim\u0105, \u0161viesina, atkuria ir giliai dr\u0117kina.<br \/>\n\u0160is unikalus paaki\u0173 kremas sujungia vertingus Negyvosios j\u016bros mineralus, nat\u016bralius aliejus ir augal\u0173 ekstraktus. I\u0161lygina smulkias rauk\u0161leles, ma\u017eina paburkim\u0105 ir tamsius ratilus, maitina ir dr\u0117kina gle\u017en\u0105 od\u0105, suteikdama jai gaivi\u0105 ir gerai pri\u017ei\u016brim\u0105 i\u0161vaizd\u0105.<\/p>\n<p>Naudojimo instrukcija: nedidel\u012f kiek\u012f kremo u\u017etepkite aplink akis ir \u0161velniai patrinkite, kol visi\u0161kai \u012fsigers. Nor\u0117dami gauti geriausius rezultatus, naudokite kasdien, ryte ir vakare, ma\u017eiausiai 30 dien\u0173.<\/p>\n<p>\u012esp\u0117jimas: Sud\u0117tyje yra vitamino A. Prie\u0161 naudojim\u0105 atsi\u017evelkite \u012f paros norm\u0105.<\/p>\n<p>Atsargumo priemon\u0117s:<br \/>\n\u2022 Naudokite tik pagal paskirt\u012f.<br \/>\n\u2022 Neprarykite.<br \/>\n\u2022 Venkite patekimo \u012f akis.<br \/>\n\u2022 Laikyti vaikams nepasiekiamoje vietoje.<br \/>\n\u2022 Nenaudokite, jei yra individualus jautrumas komponentams.<br \/>\n\u2022 Jei atsiranda dirginimas, nedelsiant nutraukite naudojim\u0105.<br \/>\n\u2022 Tik i\u0161oriniam naudojimui<br \/>\n\u2022 Sud\u0117tyje n\u0117ra paraben\u0173.<\/p>\n<p>Laikymo s\u0105lygos: laikyti nuo +5 iki +39 \u00b0C temperat\u016broje, o santykin\u0117 oro dr\u0117gm\u0117 55-70%.<\/p>\n","protected":false},"excerpt":{"rendered":"<p>Visoms am\u017eiaus grup\u0117ms. Veiksmingas prie\u0161 mimikos linijas ir am\u017eiaus rauk\u0161les. Stiprina, tonizuoja, didina odos stangrum\u0105 ir elastingum\u0105, ma\u017eina patinim\u0105, \u0161viesina, atkuria ir giliai dr\u0117kina. \u0160is unikalus paaki\u0173 kremas sujungia vertingus Negyvosios j\u016bros mineralus, nat\u016bralius aliejus ir augal\u0173 ekstraktus. I\u0161lygina smulkias rauk\u0161leles, ma\u017eina paburkim\u0105 ir tamsius ratilus, maitina ir dr\u0117kina gle\u017en\u0105 od\u0105, suteikdama jai gaivi\u0105 ir [&#8230;]\n","protected":false},"featured_media":100800,"template":"","meta":[],"product_cat":[1590],"product_tag":[],"class_list":{"0":"post-65769","1":"product","2":"type-product","3":"status-publish","4":"has-post-thumbnail","6":"product_brand-famirel-il-lt","7":"product_cat-paakiu-kremai","9":"first","10":"instock","11":"taxable","12":"shipping-taxable","13":"product-type-simple"},"_links":{"self":[{"href":"https:\/\/e.kosmolat.eu\/lt\/wp-json\/wp\/v2\/product\/65769","targetHints":{"allow":["GET"]}}],"collection":[{"href":"https:\/\/e.kosmolat.eu\/lt\/wp-json\/wp\/v2\/product"}],"about":[{"href":"https:\/\/e.kosmolat.eu\/lt\/wp-json\/wp\/v2\/types\/product"}],"wp:featuredmedia":[{"embeddable":true,"href":"https:\/\/e.kosmolat.eu\/lt\/wp-json\/wp\/v2\/media\/100800"}],"wp:attachment":[{"href":"https:\/\/e.kosmolat.eu\/lt\/wp-json\/wp\/v2\/media?parent=65769"}],"wp:term":[{"taxonomy":"product_cat","embeddable":true,"href":"https:\/\/e.kosmolat.eu\/lt\/wp-json\/wp\/v2\/product_cat?post=65769"},{"taxonomy":"product_tag","embeddable":true,"href":"https:\/\/e.kosmolat.eu\/lt\/wp-json\/wp\/v2\/product_tag?post=65769"}],"curies":[{"name":"wp","href":"https:\/\/api.w.org\/{rel}","templated":true}]}}