{"id":65761,"date":"2025-03-25T05:05:33","date_gmt":"2025-03-25T05:05:33","guid":{"rendered":"https:\/\/e.kosmolat.eu\/product\/famirel-barojoss-krems-ar-vitaminiem-un-mineraliem-50-ml\/"},"modified":"2026-03-30T17:06:38","modified_gmt":"2026-03-30T17:06:38","slug":"famirel-barojoss-krems-ar-vitaminiem-un-mineraliem-50-ml","status":"publish","type":"product","link":"https:\/\/e.kosmolat.eu\/lt\/produktas\/famirel-barojoss-krems-ar-vitaminiem-un-mineraliem-50-ml\/","title":{"rendered":"FAMIREL Maitinamasis kremas su vitaminais ir mineralais, 50 ml"},"content":{"rendered":"<p>Unikali formul\u0117, kurioje yra maitinam\u0173j\u0173 ingredient\u0173, toki\u0173 kaip Negyvosios j\u016bros mineralai, nat\u016bral\u016bs aliejai ir augal\u0173 ekstraktai. Didelis vitamin\u0173 ir mineral\u0173 kiekis apsaugo od\u0105 nuo i\u0161orinio poveikio, palieka j\u0105 gaivi\u0105 ir lygi\u0105.<br \/>\nNaudojimas: tepkite krem\u0105 ant \u0161varios veido ir kaklo odos, \u0161velniai masa\u017euokite, kol visi\u0161kai \u012fsigers. Nor\u0117dami gauti geriausius rezultatus, naudokite kasdien ma\u017eiausiai 30 dien\u0173.<\/p>\n<p>\u012esp\u0117jimas: Sud\u0117tyje yra vitamino A. Prie\u0161 naudojim\u0105 atsi\u017evelkite \u012f paros norm\u0105.<\/p>\n<p>Atsargumo priemon\u0117s:<br \/>\n\u2022 Naudokite tik pagal paskirt\u012f.<br \/>\n\u2022 Neprarykite.<br \/>\n\u2022 Venkite patekimo \u012f akis.<br \/>\n\u2022 Laikyti vaikams nepasiekiamoje vietoje.<br \/>\n\u2022 Nenaudokite, jei yra individualus jautrumas komponentams.<br \/>\n\u2022 Jei atsiranda dirginimas, nedelsiant nutraukite naudojim\u0105.<br \/>\n\u2022 Tik i\u0161oriniam naudojimui<br \/>\n\u2022 Sud\u0117tyje n\u0117ra paraben\u0173.<\/p>\n<p>Laikymo s\u0105lygos: laikyti nuo +5 iki +39 \u00b0C temperat\u016broje, o santykin\u0117 oro dr\u0117gm\u0117 55-70%.<\/p>\n","protected":false},"excerpt":{"rendered":"<p>Unikali formul\u0117, kurioje yra maitinam\u0173j\u0173 ingredient\u0173, toki\u0173 kaip Negyvosios j\u016bros mineralai, nat\u016bral\u016bs aliejai ir augal\u0173 ekstraktai. Didelis vitamin\u0173 ir mineral\u0173 kiekis apsaugo od\u0105 nuo i\u0161orinio poveikio, palieka j\u0105 gaivi\u0105 ir lygi\u0105. Naudojimas: tepkite krem\u0105 ant \u0161varios veido ir kaklo odos, \u0161velniai masa\u017euokite, kol visi\u0161kai \u012fsigers. Nor\u0117dami gauti geriausius rezultatus, naudokite kasdien ma\u017eiausiai 30 dien\u0173. \u012esp\u0117jimas: [&#8230;]\n","protected":false},"featured_media":99012,"template":"","meta":[],"product_cat":[1322],"product_tag":[],"class_list":{"0":"post-65761","1":"product","2":"type-product","3":"status-publish","4":"has-post-thumbnail","6":"product_brand-famirel-il-lt","7":"product_cat-veido-kremai","9":"first","10":"outofstock","11":"taxable","12":"shipping-taxable","13":"product-type-simple"},"_links":{"self":[{"href":"https:\/\/e.kosmolat.eu\/lt\/wp-json\/wp\/v2\/product\/65761","targetHints":{"allow":["GET"]}}],"collection":[{"href":"https:\/\/e.kosmolat.eu\/lt\/wp-json\/wp\/v2\/product"}],"about":[{"href":"https:\/\/e.kosmolat.eu\/lt\/wp-json\/wp\/v2\/types\/product"}],"wp:featuredmedia":[{"embeddable":true,"href":"https:\/\/e.kosmolat.eu\/lt\/wp-json\/wp\/v2\/media\/99012"}],"wp:attachment":[{"href":"https:\/\/e.kosmolat.eu\/lt\/wp-json\/wp\/v2\/media?parent=65761"}],"wp:term":[{"taxonomy":"product_cat","embeddable":true,"href":"https:\/\/e.kosmolat.eu\/lt\/wp-json\/wp\/v2\/product_cat?post=65761"},{"taxonomy":"product_tag","embeddable":true,"href":"https:\/\/e.kosmolat.eu\/lt\/wp-json\/wp\/v2\/product_tag?post=65761"}],"curies":[{"name":"wp","href":"https:\/\/api.w.org\/{rel}","templated":true}]}}