{"id":65753,"date":"2025-03-25T05:05:17","date_gmt":"2025-03-25T05:05:17","guid":{"rendered":"https:\/\/e.kosmolat.eu\/product\/famirel-liftactive-pretnovec-sejas-kr-ar-peptid-un-niacin-35-50-ml\/"},"modified":"2026-04-23T09:33:22","modified_gmt":"2026-04-23T09:33:22","slug":"famirel-liftactive-pretnovec-sejas-kr-ar-peptid-un-niacin-35-50-ml","status":"publish","type":"product","link":"https:\/\/e.kosmolat.eu\/lt\/produktas\/famirel-liftactive-pretnovec-sejas-kr-ar-peptid-un-niacin-35-50-ml\/","title":{"rendered":"FAMIREL Liftactive Sen\u0117jim\u0105 stabdantis veido kremas su peptidais ir niacinamidu 35+, 50 ml"},"content":{"rendered":"<p>Unikalus \u0161velnus kremas suma\u017eina rauk\u0161li\u0173 skai\u010di\u0173 ir akivaizd\u017eiai pagerina veido spalv\u0105. Formul\u0117 praturtinta aktyviais aliejais, augal\u0173 ekstraktais ir Negyvosios j\u016bros mineralais. Lengva tekst\u016bra leid\u017eia kremui greitai \u012fsigerti. Naudokite kasdien kaip anti-sen\u0117jimo re\u017eimo dal\u012f, kad oda b\u016bt\u0173 stangri, jaunatvi\u0161ka.<\/p>\n<p>Naudojimas: tepkite krem\u0105 ant \u0161varios veido ir kaklo odos, \u0161velniai masa\u017euokite, kol visi\u0161kai \u012fsigers. Nor\u0117dami gauti geriausius rezultatus, naudokite kasdien ma\u017eiausiai 30 dien\u0173.<\/p>\n<p>\u012esp\u0117jimas: Sud\u0117tyje yra vitamino A. Prie\u0161 naudojim\u0105 atsi\u017evelkite \u012f paros norm\u0105.<\/p>\n<p>Atsargumo priemon\u0117s:<br \/>\n\u2022 Naudokite tik pagal paskirt\u012f.<br \/>\n\u2022 Neprarykite.<br \/>\n\u2022 Venkite patekimo \u012f akis.<br \/>\n\u2022 Laikyti vaikams nepasiekiamoje vietoje.<br \/>\n\u2022 Nenaudokite, jei yra individualus jautrumas komponentams.<br \/>\n\u2022 Jei atsiranda dirginimas, nedelsiant nutraukite naudojim\u0105.<br \/>\n\u2022 Tik i\u0161oriniam naudojimui<br \/>\n\u2022 Sud\u0117tyje n\u0117ra paraben\u0173.<\/p>\n<p>Laikymo s\u0105lygos: laikyti nuo +5 iki +39 \u00b0C temperat\u016broje, o santykin\u0117 oro dr\u0117gm\u0117 55-70%.<\/p>\n","protected":false},"excerpt":{"rendered":"<p>Unikalus \u0161velnus kremas suma\u017eina rauk\u0161li\u0173 skai\u010di\u0173 ir akivaizd\u017eiai pagerina veido spalv\u0105. Formul\u0117 praturtinta aktyviais aliejais, augal\u0173 ekstraktais ir Negyvosios j\u016bros mineralais. Lengva tekst\u016bra leid\u017eia kremui greitai \u012fsigerti. Naudokite kasdien kaip anti-sen\u0117jimo re\u017eimo dal\u012f, kad oda b\u016bt\u0173 stangri, jaunatvi\u0161ka. Naudojimas: tepkite krem\u0105 ant \u0161varios veido ir kaklo odos, \u0161velniai masa\u017euokite, kol visi\u0161kai \u012fsigers. Nor\u0117dami gauti geriausius [&#8230;]\n","protected":false},"featured_media":98908,"template":"","meta":[],"product_cat":[1322],"product_tag":[],"class_list":{"0":"post-65753","1":"product","2":"type-product","3":"status-publish","4":"has-post-thumbnail","6":"product_brand-famirel-il-lt","7":"product_cat-veido-kremai","9":"first","10":"instock","11":"taxable","12":"shipping-taxable","13":"product-type-simple"},"_links":{"self":[{"href":"https:\/\/e.kosmolat.eu\/lt\/wp-json\/wp\/v2\/product\/65753","targetHints":{"allow":["GET"]}}],"collection":[{"href":"https:\/\/e.kosmolat.eu\/lt\/wp-json\/wp\/v2\/product"}],"about":[{"href":"https:\/\/e.kosmolat.eu\/lt\/wp-json\/wp\/v2\/types\/product"}],"wp:featuredmedia":[{"embeddable":true,"href":"https:\/\/e.kosmolat.eu\/lt\/wp-json\/wp\/v2\/media\/98908"}],"wp:attachment":[{"href":"https:\/\/e.kosmolat.eu\/lt\/wp-json\/wp\/v2\/media?parent=65753"}],"wp:term":[{"taxonomy":"product_cat","embeddable":true,"href":"https:\/\/e.kosmolat.eu\/lt\/wp-json\/wp\/v2\/product_cat?post=65753"},{"taxonomy":"product_tag","embeddable":true,"href":"https:\/\/e.kosmolat.eu\/lt\/wp-json\/wp\/v2\/product_tag?post=65753"}],"curies":[{"name":"wp","href":"https:\/\/api.w.org\/{rel}","templated":true}]}}