{"id":65745,"date":"2025-03-25T05:04:58","date_gmt":"2025-03-25T05:04:58","guid":{"rendered":"https:\/\/e.kosmolat.eu\/product\/famirel-black-caviar-eksfol-kerm-zel-sorbets-ar-meln-ikru-ekst-makadamija-un-argans-500-ml\/"},"modified":"2025-04-28T06:28:16","modified_gmt":"2025-04-28T06:28:16","slug":"famirel-black-caviar-eksfol-kerm-zel-sorbets-ar-meln-ikru-ekst-makadamija-un-argans-500-ml","status":"publish","type":"product","link":"https:\/\/e.kosmolat.eu\/lt\/produktas\/famirel-black-caviar-eksfol-kerm-zel-sorbets-ar-meln-ikru-ekst-makadamija-un-argans-500-ml\/","title":{"rendered":"FAMIREL Black Caviar \u0160vei\u010diamasis \u0161erbetas- k\u016bno gelis su juod\u0173j\u0173 ikr\u0173 ekstraktu Makadamija ir argan"},"content":{"rendered":"<p>\u0160erbetas- k\u016bno gelis sujungia juod\u0173j\u0173 ikr\u0173 ekstrakt\u0105, makadamij\u0173 ir argan\u0173 aliej\u0173. \u0160is idealus \u0161veitiklis \u0161velniai pa\u0161alina ne\u0161varumus, pa\u0161alina negyvas l\u0105steles ir pagerina odos tekst\u016br\u0105 su valomaisiais ir dr\u0117kinamaisiais ingredientais. D\u0117l to oda tampa idealiai lygi, \u0161vari, atnaujinta ir \u0161ilkin\u0117.<br \/>\nNaudojimo instrukcija: dr\u0117gn\u0105 od\u0105 tepkite \u0161erbetu- geliu, masa\u017euokite vis\u0105 k\u016bn\u0105, kruop\u0161\u010diai nuplaukite.<\/p>\n<p>Atsargumo priemon\u0117s:<br \/>\n\u2022 Naudokite tik pagal paskirt\u012f.<br \/>\n\u2022 Neprarykite.<br \/>\n\u2022 Venkite patekimo \u012f akis.<br \/>\n\u2022 Laikyti vaikams nepasiekiamoje vietoje.<br \/>\n\u2022 Nenaudokite, jei yra individualus jautrumas komponentams.<br \/>\n\u2022 Jei atsiranda dirginimas, nedelsiant nutraukite naudojim\u0105.<br \/>\n\u2022 Sud\u0117tyje n\u0117ra paraben\u0173.<\/p>\n<p>Laikymo s\u0105lygos: laikyti nuo +5 iki +39 \u00b0C temperat\u016broje, o santykin\u0117 oro dr\u0117gm\u0117 55-70%.<\/p>\n","protected":false},"excerpt":{"rendered":"<p>\u0160erbetas- k\u016bno gelis sujungia juod\u0173j\u0173 ikr\u0173 ekstrakt\u0105, makadamij\u0173 ir argan\u0173 aliej\u0173. \u0160is idealus \u0161veitiklis \u0161velniai pa\u0161alina ne\u0161varumus, pa\u0161alina negyvas l\u0105steles ir pagerina odos tekst\u016br\u0105 su valomaisiais ir dr\u0117kinamaisiais ingredientais. D\u0117l to oda tampa idealiai lygi, \u0161vari, atnaujinta ir \u0161ilkin\u0117. Naudojimo instrukcija: dr\u0117gn\u0105 od\u0105 tepkite \u0161erbetu- geliu, masa\u017euokite vis\u0105 k\u016bn\u0105, kruop\u0161\u010diai nuplaukite. Atsargumo priemon\u0117s: \u2022 Naudokite [&#8230;]\n","protected":false},"featured_media":65747,"template":"","meta":[],"product_cat":[1359],"product_tag":[],"class_list":{"0":"post-65745","1":"product","2":"type-product","3":"status-publish","4":"has-post-thumbnail","6":"product_brand-famirel-il-lt","7":"product_cat-kuno-sveitikliai-ir-pilingai","9":"first","10":"outofstock","11":"taxable","12":"shipping-taxable","13":"product-type-simple"},"_links":{"self":[{"href":"https:\/\/e.kosmolat.eu\/lt\/wp-json\/wp\/v2\/product\/65745","targetHints":{"allow":["GET"]}}],"collection":[{"href":"https:\/\/e.kosmolat.eu\/lt\/wp-json\/wp\/v2\/product"}],"about":[{"href":"https:\/\/e.kosmolat.eu\/lt\/wp-json\/wp\/v2\/types\/product"}],"wp:featuredmedia":[{"embeddable":true,"href":"https:\/\/e.kosmolat.eu\/lt\/wp-json\/wp\/v2\/media\/65747"}],"wp:attachment":[{"href":"https:\/\/e.kosmolat.eu\/lt\/wp-json\/wp\/v2\/media?parent=65745"}],"wp:term":[{"taxonomy":"product_cat","embeddable":true,"href":"https:\/\/e.kosmolat.eu\/lt\/wp-json\/wp\/v2\/product_cat?post=65745"},{"taxonomy":"product_tag","embeddable":true,"href":"https:\/\/e.kosmolat.eu\/lt\/wp-json\/wp\/v2\/product_tag?post=65745"}],"curies":[{"name":"wp","href":"https:\/\/api.w.org\/{rel}","templated":true}]}}