{"id":65737,"date":"2025-03-25T05:04:43","date_gmt":"2025-03-25T05:04:43","guid":{"rendered":"https:\/\/e.kosmolat.eu\/product\/famirel-black-caviar-maska-boj-un-krasotiem-matiem-ar-melno-ikru-ekstr-250-ml\/"},"modified":"2026-04-20T07:14:00","modified_gmt":"2026-04-20T07:14:00","slug":"famirel-black-caviar-maska-boj-un-krasotiem-matiem-ar-melno-ikru-ekstr-250-ml","status":"publish","type":"product","link":"https:\/\/e.kosmolat.eu\/lt\/produktas\/famirel-black-caviar-maska-boj-un-krasotiem-matiem-ar-melno-ikru-ekstr-250-ml\/","title":{"rendered":"FAMIREL Black Caviar Kauk\u0117 pa\u017eeistiems ir da\u017eytiems plaukams su juod\u0173j\u0173 ikr\u0173 ekstraktu, 250 ml"},"content":{"rendered":"<p>Dr\u0117kinanti kauk\u0117 pa\u017eeistiems ir da\u017eytiems plaukams atkurti. Maitina galvos od\u0105, padaro plaukus dr\u0117kinamus, mink\u0161tus ir atgaivinamus. Praturtintas juod\u0173j\u0173 ikr\u0173 ekstraktu, Negyvosios j\u016bros mineralais, alyvuogi\u0173 aliejumi, kvie\u010di\u0173 gemal\u0173 aliejumi ir kapsuliuotu vitaminu E.<\/p>\n<p>Naudojimo instrukcija: I\u0161plov\u0119 plaukus nusausinkite rank\u0161luos\u010diu. U\u017etepkite kauk\u0119, gerai \u012fmasa\u017euokite galvos od\u0105, palikite 5-10 minu\u010di\u0173,. tada kruop\u0161\u010diai nuplaukite.<\/p>\n<p>\u012esp\u0117jimas: Sud\u0117tyje yra vitamino A. Prie\u0161 naudojim\u0105 atsi\u017evelkite \u012f paros norm\u0105.<\/p>\n<p>Atsargumo priemon\u0117s:<br \/>\n\u2022 Naudokite tik pagal paskirt\u012f.<br \/>\n\u2022 Neprarykite.<br \/>\n\u2022 Venkite patekimo \u012f akis.<br \/>\n\u2022 Laikyti vaikams nepasiekiamoje vietoje.<br \/>\n\u2022 Nenaudokite, jei yra individualus jautrumas komponentams.<br \/>\n\u2022 Jei atsiranda dirginimas, nedelsiant nutraukite naudojim\u0105.<br \/>\n\u2022 Tik i\u0161oriniam naudojimui<br \/>\n\u2022 Sud\u0117tyje n\u0117ra paraben\u0173.<\/p>\n<p>Laikymo s\u0105lygos: laikyti nuo +5 iki +39 \u00b0C temperat\u016broje, o santykin\u0117 oro dr\u0117gm\u0117 55-70%.<\/p>\n","protected":false},"excerpt":{"rendered":"<p>Dr\u0117kinanti kauk\u0117 pa\u017eeistiems ir da\u017eytiems plaukams atkurti. Maitina galvos od\u0105, padaro plaukus dr\u0117kinamus, mink\u0161tus ir atgaivinamus. Praturtintas juod\u0173j\u0173 ikr\u0173 ekstraktu, Negyvosios j\u016bros mineralais, alyvuogi\u0173 aliejumi, kvie\u010di\u0173 gemal\u0173 aliejumi ir kapsuliuotu vitaminu E. Naudojimo instrukcija: I\u0161plov\u0119 plaukus nusausinkite rank\u0161luos\u010diu. U\u017etepkite kauk\u0119, gerai \u012fmasa\u017euokite galvos od\u0105, palikite 5-10 minu\u010di\u0173,. tada kruop\u0161\u010diai nuplaukite. \u012esp\u0117jimas: Sud\u0117tyje yra vitamino A. [&#8230;]\n","protected":false},"featured_media":107615,"template":"","meta":[],"product_cat":[1256],"product_tag":[],"class_list":{"0":"post-65737","1":"product","2":"type-product","3":"status-publish","4":"has-post-thumbnail","6":"product_brand-famirel-il-lt","7":"product_cat-plauku-kaukes","9":"first","10":"instock","11":"taxable","12":"shipping-taxable","13":"product-type-simple"},"_links":{"self":[{"href":"https:\/\/e.kosmolat.eu\/lt\/wp-json\/wp\/v2\/product\/65737","targetHints":{"allow":["GET"]}}],"collection":[{"href":"https:\/\/e.kosmolat.eu\/lt\/wp-json\/wp\/v2\/product"}],"about":[{"href":"https:\/\/e.kosmolat.eu\/lt\/wp-json\/wp\/v2\/types\/product"}],"wp:featuredmedia":[{"embeddable":true,"href":"https:\/\/e.kosmolat.eu\/lt\/wp-json\/wp\/v2\/media\/107615"}],"wp:attachment":[{"href":"https:\/\/e.kosmolat.eu\/lt\/wp-json\/wp\/v2\/media?parent=65737"}],"wp:term":[{"taxonomy":"product_cat","embeddable":true,"href":"https:\/\/e.kosmolat.eu\/lt\/wp-json\/wp\/v2\/product_cat?post=65737"},{"taxonomy":"product_tag","embeddable":true,"href":"https:\/\/e.kosmolat.eu\/lt\/wp-json\/wp\/v2\/product_tag?post=65737"}],"curies":[{"name":"wp","href":"https:\/\/api.w.org\/{rel}","templated":true}]}}