{"id":65729,"date":"2025-03-25T05:04:28","date_gmt":"2025-03-25T05:04:28","guid":{"rendered":"https:\/\/e.kosmolat.eu\/product\/famirel-black-caviar-atjaun-matu-kondic-ar-melno-ikru-ekstraktu-intens-kops-500\/"},"modified":"2026-04-20T07:13:42","modified_gmt":"2026-04-20T07:13:42","slug":"famirel-black-caviar-atjaun-matu-kondic-ar-melno-ikru-ekstraktu-intens-kops-500","status":"publish","type":"product","link":"https:\/\/e.kosmolat.eu\/lt\/produktas\/famirel-black-caviar-atjaun-matu-kondic-ar-melno-ikru-ekstraktu-intens-kops-500\/","title":{"rendered":"FAMIREL Black Caviar Atkuriantis plauk\u0173 kondicionierius su juod\u0173j\u0173 ikr\u0173 ekstraktu Intensyvi prie\u017ei\u016br"},"content":{"rendered":"<p>Atgaivinantis kondicionierius intensyviai prie\u017ei\u016brai. Sud\u0117tyje yra juod\u0173j\u0173 ikr\u0173 ekstrakto, praturtinto vitaminu B5 ir antioksidaciniu granat\u0173 ekstraktu. \u0160altalanki\u0173 aliejus ir kvie\u010di\u0173 gemal\u0173 aliejus apsaugo plaukus, suteikia blizgesio ir stiprina juos.<\/p>\n<p>Naudojimas: Panaudoj\u0119 \u0161amp\u016bn\u0105, tolygiai paskirstykite kondicionieri\u0173 ant plauk\u0173 ir masa\u017euokite. Palikite 2-3 minutes, tada kruop\u0161\u010diai nuplaukite.<\/p>\n<p>Atsargumo priemon\u0117s:<br \/>\n\u2022 Naudokite tik pagal paskirt\u012f.<br \/>\n\u2022 Neprarykite.<br \/>\n\u2022 Venkite patekimo \u012f akis.<br \/>\n\u2022 Laikyti vaikams nepasiekiamoje vietoje.<br \/>\n\u2022 Nenaudokite, jei yra individualus jautrumas komponentams.<br \/>\n\u2022 Jei atsiranda dirginimas, nedelsiant nutraukite naudojim\u0105.<br \/>\n\u2022 Tik i\u0161oriniam naudojimui<br \/>\n\u2022 Sud\u0117tyje n\u0117ra paraben\u0173.<\/p>\n<p>Laikymo s\u0105lygos: laikyti nuo +5 iki +39 \u00b0C temperat\u016broje, o santykin\u0117 oro dr\u0117gm\u0117 55-70%.<\/p>\n","protected":false},"excerpt":{"rendered":"<p>Atgaivinantis kondicionierius intensyviai prie\u017ei\u016brai. Sud\u0117tyje yra juod\u0173j\u0173 ikr\u0173 ekstrakto, praturtinto vitaminu B5 ir antioksidaciniu granat\u0173 ekstraktu. \u0160altalanki\u0173 aliejus ir kvie\u010di\u0173 gemal\u0173 aliejus apsaugo plaukus, suteikia blizgesio ir stiprina juos. Naudojimas: Panaudoj\u0119 \u0161amp\u016bn\u0105, tolygiai paskirstykite kondicionieri\u0173 ant plauk\u0173 ir masa\u017euokite. Palikite 2-3 minutes, tada kruop\u0161\u010diai nuplaukite. Atsargumo priemon\u0117s: \u2022 Naudokite tik pagal paskirt\u012f. \u2022 Neprarykite. \u2022 [&#8230;]\n","protected":false},"featured_media":107221,"template":"","meta":[],"product_cat":[1640],"product_tag":[],"class_list":{"0":"post-65729","1":"product","2":"type-product","3":"status-publish","4":"has-post-thumbnail","6":"product_brand-famirel-il-lt","7":"product_cat-balzamai","9":"first","10":"instock","11":"taxable","12":"shipping-taxable","13":"product-type-simple"},"_links":{"self":[{"href":"https:\/\/e.kosmolat.eu\/lt\/wp-json\/wp\/v2\/product\/65729","targetHints":{"allow":["GET"]}}],"collection":[{"href":"https:\/\/e.kosmolat.eu\/lt\/wp-json\/wp\/v2\/product"}],"about":[{"href":"https:\/\/e.kosmolat.eu\/lt\/wp-json\/wp\/v2\/types\/product"}],"wp:featuredmedia":[{"embeddable":true,"href":"https:\/\/e.kosmolat.eu\/lt\/wp-json\/wp\/v2\/media\/107221"}],"wp:attachment":[{"href":"https:\/\/e.kosmolat.eu\/lt\/wp-json\/wp\/v2\/media?parent=65729"}],"wp:term":[{"taxonomy":"product_cat","embeddable":true,"href":"https:\/\/e.kosmolat.eu\/lt\/wp-json\/wp\/v2\/product_cat?post=65729"},{"taxonomy":"product_tag","embeddable":true,"href":"https:\/\/e.kosmolat.eu\/lt\/wp-json\/wp\/v2\/product_tag?post=65729"}],"curies":[{"name":"wp","href":"https:\/\/api.w.org\/{rel}","templated":true}]}}