{"id":65721,"date":"2025-03-25T05:04:13","date_gmt":"2025-03-25T05:04:13","guid":{"rendered":"https:\/\/e.kosmolat.eu\/product\/famirel-black-caviar-atjaun-samp-ar-meln-ikru-ekstr-taukain-matiem-500-ml\/"},"modified":"2026-04-20T07:13:25","modified_gmt":"2026-04-20T07:13:25","slug":"famirel-black-caviar-atjaun-samp-ar-meln-ikru-ekstr-taukain-matiem-500-ml","status":"publish","type":"product","link":"https:\/\/e.kosmolat.eu\/lt\/produktas\/famirel-black-caviar-atjaun-samp-ar-meln-ikru-ekstr-taukain-matiem-500-ml\/","title":{"rendered":"FAMIREL Black Caviar Atkuriamasis \u0161amp\u016bnas riebiems plaukams su juod\u0173j\u0173 ikr\u0173 ekstraktu, 500 ml"},"content":{"rendered":"<p>\u0160amp\u016bnas skirtas riebiai galvos odai ir plaukams valyti ir maitinti. Sud\u0117tyje yra juod\u0173j\u0173 ikr\u0173, granat\u0173 ir rozmarin\u0173 ekstrakt\u0173. pH lygis 5,5. Palieka plaukus mink\u0161tus, \u0161varius ir puikios b\u016bkl\u0117s tolesnei prie\u017ei\u016brai naudojant kondicionieri\u0173 ir (arba) kauk\u0119.<\/p>\n<p>Naudojimas: paskirstykite \u0161amp\u016bn\u0105 ant plauk\u0173, intensyviai masa\u017euodami galvos od\u0105. Nuplaukite \u0161iltu vandeniu. Nor\u0117dami pasiekti geriausi\u0173 rezultat\u0173, t\u0119skite prie\u017ei\u016br\u0105 naudodami kondicionieri\u0173 arba plauk\u0173 kauk\u0119.<\/p>\n<p>Atsargumo priemon\u0117s:<br \/>\n\u2022 Naudokite tik pagal paskirt\u012f.<br \/>\n\u2022 Neprarykite.<br \/>\n\u2022 Venkite patekimo \u012f akis.<br \/>\n\u2022 Laikyti vaikams nepasiekiamoje vietoje.<br \/>\n\u2022 Nenaudokite, jei yra individualus jautrumas komponentams.<br \/>\n\u2022 Jei atsiranda dirginimas, nedelsiant nutraukite naudojim\u0105.<br \/>\n\u2022 Sud\u0117tyje n\u0117ra paraben\u0173.<\/p>\n<p>Laikymo s\u0105lygos: laikyti nuo +5 iki +39 \u00b0C temperat\u016broje, o santykin\u0117 oro dr\u0117gm\u0117 55-70%.<\/p>\n","protected":false},"excerpt":{"rendered":"<p>\u0160amp\u016bnas skirtas riebiai galvos odai ir plaukams valyti ir maitinti. Sud\u0117tyje yra juod\u0173j\u0173 ikr\u0173, granat\u0173 ir rozmarin\u0173 ekstrakt\u0173. pH lygis 5,5. Palieka plaukus mink\u0161tus, \u0161varius ir puikios b\u016bkl\u0117s tolesnei prie\u017ei\u016brai naudojant kondicionieri\u0173 ir (arba) kauk\u0119. Naudojimas: paskirstykite \u0161amp\u016bn\u0105 ant plauk\u0173, intensyviai masa\u017euodami galvos od\u0105. Nuplaukite \u0161iltu vandeniu. Nor\u0117dami pasiekti geriausi\u0173 rezultat\u0173, t\u0119skite prie\u017ei\u016br\u0105 naudodami kondicionieri\u0173 [&#8230;]\n","protected":false},"featured_media":107611,"template":"","meta":[],"product_cat":[1251],"product_tag":[],"class_list":{"0":"post-65721","1":"product","2":"type-product","3":"status-publish","4":"has-post-thumbnail","6":"product_brand-famirel-il-lt","7":"product_cat-sampunai","9":"first","10":"instock","11":"taxable","12":"shipping-taxable","13":"product-type-simple"},"_links":{"self":[{"href":"https:\/\/e.kosmolat.eu\/lt\/wp-json\/wp\/v2\/product\/65721","targetHints":{"allow":["GET"]}}],"collection":[{"href":"https:\/\/e.kosmolat.eu\/lt\/wp-json\/wp\/v2\/product"}],"about":[{"href":"https:\/\/e.kosmolat.eu\/lt\/wp-json\/wp\/v2\/types\/product"}],"wp:featuredmedia":[{"embeddable":true,"href":"https:\/\/e.kosmolat.eu\/lt\/wp-json\/wp\/v2\/media\/107611"}],"wp:attachment":[{"href":"https:\/\/e.kosmolat.eu\/lt\/wp-json\/wp\/v2\/media?parent=65721"}],"wp:term":[{"taxonomy":"product_cat","embeddable":true,"href":"https:\/\/e.kosmolat.eu\/lt\/wp-json\/wp\/v2\/product_cat?post=65721"},{"taxonomy":"product_tag","embeddable":true,"href":"https:\/\/e.kosmolat.eu\/lt\/wp-json\/wp\/v2\/product_tag?post=65721"}],"curies":[{"name":"wp","href":"https:\/\/api.w.org\/{rel}","templated":true}]}}