{"id":65713,"date":"2025-03-25T05:03:57","date_gmt":"2025-03-25T05:03:57","guid":{"rendered":"https:\/\/e.kosmolat.eu\/product\/famirel-black-caviar-ultra-lifting-care-liftinga-sejas-ser-ar-melno-ikru-ekstr-40-ml\/"},"modified":"2026-04-14T17:04:37","modified_gmt":"2026-04-14T17:04:37","slug":"famirel-black-caviar-ultra-lifting-care-liftinga-sejas-ser-ar-melno-ikru-ekstr-40-ml","status":"publish","type":"product","link":"https:\/\/e.kosmolat.eu\/lt\/produktas\/famirel-black-caviar-ultra-lifting-care-liftinga-sejas-ser-ar-melno-ikru-ekstr-40-ml\/","title":{"rendered":"FAMIREL Black Caviar Ultra-Lifting Care veido liftingo serumas su juod\u0173j\u0173 ikr\u0173 ekstraktu, 40 ml"},"content":{"rendered":"<p>Unikalus serumas, didinantis veido odos elastingum\u0105, suteikiantis jai gaivumo ir glotnumo. I\u0161lygina rauk\u0161les ir suma\u017eina jas. Sud\u0117tyje yra i\u0161skirtinis veikli\u0173j\u0173 med\u017eiag\u0173 kompleksas su juod\u0173j\u0173 ikr\u0173 ekstraktu ir Negyvosios j\u016bros mineralais. Praturtintas sezamo peptidais, amino r\u016bg\u0161timis ir angliavandeni\u0173 kompleksu. Didel\u0117s koncentracijos alavij\u0173 ir ramun\u0117li\u0173 ekstraktai dr\u0117kina ir stiprina od\u0105.<\/p>\n<p>Naudojimas: tolygiai paskirstykite ant veido odos ir \u0161velniais sukamaisiais judesiais masa\u017euokite, kol visi\u0161kai \u012fsigers.<\/p>\n<p>\u012esp\u0117jimas: Sud\u0117tyje yra vitamino A. Prie\u0161 naudojim\u0105 atkreipkite d\u0117mes\u012f \u012f paros norm\u0105.<\/p>\n<p>Atsargumo priemon\u0117s:<br \/>\n\u2022 Naudokite tik pagal paskirt\u012f.<br \/>\n\u2022 Neprarykite.<br \/>\n\u2022 Venkite patekimo \u012f akis.<br \/>\n\u2022 Laikyti vaikams nepasiekiamoje vietoje.<br \/>\n\u2022 Nenaudokite, jei yra individualus jautrumas komponentams.<br \/>\n\u2022 Jei atsiranda dirginimas, nedelsiant nutraukite naudojim\u0105.<br \/>\n\u2022 Sud\u0117tyje n\u0117ra paraben\u0173.<\/p>\n<p>Laikymo s\u0105lygos: laikyti nuo +5 iki +39 \u00b0C temperat\u016broje, o santykin\u0117 oro dr\u0117gm\u0117 55-70%.<\/p>\n","protected":false},"excerpt":{"rendered":"<p>Unikalus serumas, didinantis veido odos elastingum\u0105, suteikiantis jai gaivumo ir glotnumo. I\u0161lygina rauk\u0161les ir suma\u017eina jas. Sud\u0117tyje yra i\u0161skirtinis veikli\u0173j\u0173 med\u017eiag\u0173 kompleksas su juod\u0173j\u0173 ikr\u0173 ekstraktu ir Negyvosios j\u016bros mineralais. Praturtintas sezamo peptidais, amino r\u016bg\u0161timis ir angliavandeni\u0173 kompleksu. Didel\u0117s koncentracijos alavij\u0173 ir ramun\u0117li\u0173 ekstraktai dr\u0117kina ir stiprina od\u0105. Naudojimas: tolygiai paskirstykite ant veido odos ir [&#8230;]\n","protected":false},"featured_media":106993,"template":"","meta":[],"product_cat":[1327],"product_tag":[],"class_list":{"0":"post-65713","1":"product","2":"type-product","3":"status-publish","4":"has-post-thumbnail","6":"product_brand-famirel-il-lt","7":"product_cat-serumai","9":"first","10":"instock","11":"taxable","12":"shipping-taxable","13":"product-type-simple"},"_links":{"self":[{"href":"https:\/\/e.kosmolat.eu\/lt\/wp-json\/wp\/v2\/product\/65713","targetHints":{"allow":["GET"]}}],"collection":[{"href":"https:\/\/e.kosmolat.eu\/lt\/wp-json\/wp\/v2\/product"}],"about":[{"href":"https:\/\/e.kosmolat.eu\/lt\/wp-json\/wp\/v2\/types\/product"}],"wp:featuredmedia":[{"embeddable":true,"href":"https:\/\/e.kosmolat.eu\/lt\/wp-json\/wp\/v2\/media\/106993"}],"wp:attachment":[{"href":"https:\/\/e.kosmolat.eu\/lt\/wp-json\/wp\/v2\/media?parent=65713"}],"wp:term":[{"taxonomy":"product_cat","embeddable":true,"href":"https:\/\/e.kosmolat.eu\/lt\/wp-json\/wp\/v2\/product_cat?post=65713"},{"taxonomy":"product_tag","embeddable":true,"href":"https:\/\/e.kosmolat.eu\/lt\/wp-json\/wp\/v2\/product_tag?post=65713"}],"curies":[{"name":"wp","href":"https:\/\/api.w.org\/{rel}","templated":true}]}}