{"id":65705,"date":"2025-03-25T05:03:43","date_gmt":"2025-03-25T05:03:43","guid":{"rendered":"https:\/\/e.kosmolat.eu\/product\/famirel-black-caviar-ipasi-intens-krems-adai-ap-ac-ar-melno-ikru-ekst-40-ml\/"},"modified":"2025-04-28T05:33:30","modified_gmt":"2025-04-28T05:33:30","slug":"famirel-black-caviar-ipasi-intens-krems-adai-ap-ac-ar-melno-ikru-ekst-40-ml","status":"publish","type":"product","link":"https:\/\/e.kosmolat.eu\/lt\/produktas\/famirel-black-caviar-ipasi-intens-krems-adai-ap-ac-ar-melno-ikru-ekst-40-ml\/","title":{"rendered":"FAMIREL Black Caviar Ultra intensyvus kremas odai aplink akis su juod\u0173j\u0173 ikr\u0173 ekstraktu, 40 ml"},"content":{"rendered":"<p>I\u0161skirtinis kremas skirtas plonai ir jautriai odai aplink akis pri\u017ei\u016br\u0117ti. Suteikia odai gaivesn\u0119 ir lygesn\u0119 i\u0161vaizd\u0105, taip pat sul\u0117tina smulki\u0173 rauk\u0161li\u0173 susidarym\u0105. Sud\u0117tyje yra Negyvosios j\u016bros mineral\u0173, amino r\u016bg\u0161\u010di\u0173 ir angliavandeni\u0173 unikalioje kapsul\u0117s formoje, kuri tirpstanti ant odos i\u0161skiria vitaminus ir mineralus. Kartu su unikaliu veikli\u0173j\u0173 med\u017eiag\u0173 kompleksu, \u012fskaitant juod\u0173j\u0173 ikr\u0173 ekstrakt\u0105, taip pat turtinga vitamin\u0173 ir peptid\u0173 formule, kremas veiksmingai kovoja su rauk\u0161l\u0117mis.<\/p>\n<p>Naudojimas: tepkite krem\u0105 lengvais sukamaisiais judesiais aplink akis, kol visi\u0161kai \u012fsigers.<\/p>\n<p>\u012esp\u0117jimas: Sud\u0117tyje yra vitamino A. Prie\u0161 naudojim\u0105 atkreipkite d\u0117mes\u012f \u012f paros norm\u0105.<\/p>\n<p>Atsargumo priemon\u0117s:<br \/>\n\u2022 Naudokite tik pagal paskirt\u012f.<br \/>\n\u2022 Neprarykite.<br \/>\n\u2022 Venkite patekimo \u012f akis.<br \/>\n\u2022 Laikyti vaikams nepasiekiamoje vietoje.<br \/>\n\u2022 Nenaudokite, jei yra individualus jautrumas komponentams.<br \/>\n\u2022 Jei atsiranda dirginimas, nedelsiant nutraukite naudojim\u0105.<br \/>\n\u2022 Sud\u0117tyje n\u0117ra paraben\u0173.<\/p>\n<p>Laikymo s\u0105lygos: laikyti nuo +5 iki +39 \u00b0C temperat\u016broje, o santykin\u0117 oro dr\u0117gm\u0117 55-70%.<\/p>\n","protected":false},"excerpt":{"rendered":"<p>I\u0161skirtinis kremas skirtas plonai ir jautriai odai aplink akis pri\u017ei\u016br\u0117ti. Suteikia odai gaivesn\u0119 ir lygesn\u0119 i\u0161vaizd\u0105, taip pat sul\u0117tina smulki\u0173 rauk\u0161li\u0173 susidarym\u0105. Sud\u0117tyje yra Negyvosios j\u016bros mineral\u0173, amino r\u016bg\u0161\u010di\u0173 ir angliavandeni\u0173 unikalioje kapsul\u0117s formoje, kuri tirpstanti ant odos i\u0161skiria vitaminus ir mineralus. Kartu su unikaliu veikli\u0173j\u0173 med\u017eiag\u0173 kompleksu, \u012fskaitant juod\u0173j\u0173 ikr\u0173 ekstrakt\u0105, taip pat turtinga [&#8230;]\n","protected":false},"featured_media":65707,"template":"","meta":[],"product_cat":[1327],"product_tag":[],"class_list":{"0":"post-65705","1":"product","2":"type-product","3":"status-publish","4":"has-post-thumbnail","6":"product_brand-famirel-il-lt","7":"product_cat-serumai","9":"first","10":"outofstock","11":"taxable","12":"shipping-taxable","13":"product-type-simple"},"_links":{"self":[{"href":"https:\/\/e.kosmolat.eu\/lt\/wp-json\/wp\/v2\/product\/65705","targetHints":{"allow":["GET"]}}],"collection":[{"href":"https:\/\/e.kosmolat.eu\/lt\/wp-json\/wp\/v2\/product"}],"about":[{"href":"https:\/\/e.kosmolat.eu\/lt\/wp-json\/wp\/v2\/types\/product"}],"wp:featuredmedia":[{"embeddable":true,"href":"https:\/\/e.kosmolat.eu\/lt\/wp-json\/wp\/v2\/media\/65707"}],"wp:attachment":[{"href":"https:\/\/e.kosmolat.eu\/lt\/wp-json\/wp\/v2\/media?parent=65705"}],"wp:term":[{"taxonomy":"product_cat","embeddable":true,"href":"https:\/\/e.kosmolat.eu\/lt\/wp-json\/wp\/v2\/product_cat?post=65705"},{"taxonomy":"product_tag","embeddable":true,"href":"https:\/\/e.kosmolat.eu\/lt\/wp-json\/wp\/v2\/product_tag?post=65705"}],"curies":[{"name":"wp","href":"https:\/\/api.w.org\/{rel}","templated":true}]}}