{"id":65697,"date":"2025-03-25T05:03:25","date_gmt":"2025-03-25T05:03:25","guid":{"rendered":"https:\/\/e.kosmolat.eu\/product\/famirel-black-caviar-barojoss-nakts-kr-ar-melno-ikru-ekstraktu-50-ml\/"},"modified":"2026-05-08T23:30:24","modified_gmt":"2026-05-08T23:30:24","slug":"famirel-black-caviar-barojoss-nakts-kr-ar-melno-ikru-ekstraktu-50-ml","status":"publish","type":"product","link":"https:\/\/e.kosmolat.eu\/lt\/produktas\/famirel-black-caviar-barojoss-nakts-kr-ar-melno-ikru-ekstraktu-50-ml\/","title":{"rendered":"FAMIREL Black Caviar Maitinamasis naktinis kremas su juod\u0173j\u0173 ikr\u0173 ekstraktu, 50 ml"},"content":{"rendered":"<p>Kremas su aktyviomis maistin\u0117mis med\u017eiagomis Negyvosios j\u016bros mineral\u0173 pagrindu. Kruop\u0161\u010diai sukurtas, kad b\u016bt\u0173 optimalus drusk\u0173 ir mineral\u0173 balansas. Praturtintas juod\u0173j\u0173 ikr\u0173 ekstraktu, kuriame yra vitamin\u0173, mangano, seleno ir amino r\u016bg\u0161\u010di\u0173, kurios gaivina, jaunina ir maitina od\u0105, taip pat atkuria optimal\u0173 dr\u0117gm\u0117s lyg\u012f ir suteikia gaivi\u0105, jaunatvi\u0161k\u0105 i\u0161vaizd\u0105.<br \/>\nI\u0161skirtin\u0117 kremo formul\u0117 taip pat tinka naudoti dien\u0105 labai sausai odai.<\/p>\n<p>Naudojimas: tepkite krem\u0105 ant nuvalytos veido ir kaklo odos, \u0161velniai masa\u017euokite, kol visi\u0161kai \u012fsigers.<\/p>\n<p>Atsargumo priemon\u0117s:<br \/>\n\u2022 Naudokite tik pagal paskirt\u012f.<br \/>\n\u2022 Neprarykite.<br \/>\n\u2022 Venkite patekimo \u012f akis.<br \/>\n\u2022 Laikyti vaikams nepasiekiamoje vietoje.<br \/>\n\u2022 Nenaudokite, jei yra individualus jautrumas komponentams.<br \/>\n\u2022 Jei atsiranda dirginimas, nedelsiant nutraukite naudojim\u0105.<br \/>\n\u2022 Sud\u0117tyje n\u0117ra paraben\u0173.<\/p>\n<p>Laikymo s\u0105lygos: laikyti nuo +5 iki +39 \u00b0C temperat\u016broje, o santykin\u0117 oro dr\u0117gm\u0117 55-70%.<\/p>\n","protected":false},"excerpt":{"rendered":"<p>Kremas su aktyviomis maistin\u0117mis med\u017eiagomis Negyvosios j\u016bros mineral\u0173 pagrindu. Kruop\u0161\u010diai sukurtas, kad b\u016bt\u0173 optimalus drusk\u0173 ir mineral\u0173 balansas. Praturtintas juod\u0173j\u0173 ikr\u0173 ekstraktu, kuriame yra vitamin\u0173, mangano, seleno ir amino r\u016bg\u0161\u010di\u0173, kurios gaivina, jaunina ir maitina od\u0105, taip pat atkuria optimal\u0173 dr\u0117gm\u0117s lyg\u012f ir suteikia gaivi\u0105, jaunatvi\u0161k\u0105 i\u0161vaizd\u0105. I\u0161skirtin\u0117 kremo formul\u0117 taip pat tinka naudoti dien\u0105 [&#8230;]\n","protected":false},"featured_media":107205,"template":"","meta":[],"product_cat":[1322],"product_tag":[],"class_list":{"0":"post-65697","1":"product","2":"type-product","3":"status-publish","4":"has-post-thumbnail","6":"product_brand-famirel-il-lt","7":"product_cat-veido-kremai","9":"first","10":"outofstock","11":"taxable","12":"shipping-taxable","13":"product-type-simple"},"_links":{"self":[{"href":"https:\/\/e.kosmolat.eu\/lt\/wp-json\/wp\/v2\/product\/65697","targetHints":{"allow":["GET"]}}],"collection":[{"href":"https:\/\/e.kosmolat.eu\/lt\/wp-json\/wp\/v2\/product"}],"about":[{"href":"https:\/\/e.kosmolat.eu\/lt\/wp-json\/wp\/v2\/types\/product"}],"wp:featuredmedia":[{"embeddable":true,"href":"https:\/\/e.kosmolat.eu\/lt\/wp-json\/wp\/v2\/media\/107205"}],"wp:attachment":[{"href":"https:\/\/e.kosmolat.eu\/lt\/wp-json\/wp\/v2\/media?parent=65697"}],"wp:term":[{"taxonomy":"product_cat","embeddable":true,"href":"https:\/\/e.kosmolat.eu\/lt\/wp-json\/wp\/v2\/product_cat?post=65697"},{"taxonomy":"product_tag","embeddable":true,"href":"https:\/\/e.kosmolat.eu\/lt\/wp-json\/wp\/v2\/product_tag?post=65697"}],"curies":[{"name":"wp","href":"https:\/\/api.w.org\/{rel}","templated":true}]}}