{"id":65689,"date":"2025-03-25T05:03:07","date_gmt":"2025-03-25T05:03:07","guid":{"rendered":"https:\/\/e.kosmolat.eu\/product\/ss-pievelkosa-maska-kermena-ietisanai-400-ml\/"},"modified":"2025-09-19T22:44:02","modified_gmt":"2025-09-19T22:44:02","slug":"ss-pievelkosa-maska-kermena-ietisanai-400-ml","status":"publish","type":"product","link":"https:\/\/e.kosmolat.eu\/lt\/produktas\/ss-pievelkosa-maska-kermena-ietisanai-400-ml\/","title":{"rendered":"SKIN SHINE Patempianti kauk\u0117-\u012fviniojimas liekn\u0117jimui Anticellulite programm Step 3, 400 ml"},"content":{"rendered":"<p>Veiksminga, kompleksin\u0117 &nbsp;liekn\u0117jimo ir kovos su celiulitu proced\u016bra. Produkt\u0173 serija yra pagr\u012fsta galingomis veikliosiomis med\u017eiagomis i\u0161 Kor\u0117jos. Kiekviename gaminyje yra nat\u016brali\u0173 aliej\u0173 ir ekstrakt\u0173, kurie \u017eenkliai pagerina j\u016bs\u0173 odos i\u0161vaizd\u0105.<br \/>\nSuteikia intensyv\u0173 stangrinim\u0105, formuoja siluet\u0105, padeda suma\u017einti k\u016bno riebalus ir i\u0161lygina odos reljef\u0105.<br \/>\nLaminaria aktyvina med\u017eiag\u0173 apykaitos procesus ir giliai dr\u0117kina.<br \/>\nGuarana pasi\u017eymi puikiu drenuojan\u010diu poveikiu, gerina stangrum\u0105 ir elastingum\u0105.<br \/>\nCentella asiatica atkuria odos l\u0105steles, normalizuoja vandens-drusk\u0173 ir riebal\u0173 apykait\u0105, skatina kolageno susidarym\u0105.<br \/>\nMentolis gerina mikrocirkuliacij\u0105, ma\u017eina patinim\u0105, suteikia malon\u0173 v\u0117sos poj\u016bt\u012f.<br \/>\nNor\u0117dami gauti maksimal\u0173 efekt\u0105, \u017eingsnis po \u017eingsnio naudokite visas SKIN SHINE anticeliulitin\u0117s programos priemones.<br \/>\nNaudojimas: u\u017etepkite produkt\u0105 storu sluoksniu ant problemini\u0173 k\u016bno viet\u0173, apvyniokite elastine pl\u0117vele, palikite 20-30 minu\u010di\u0173. Nuplaukite \u0161iltu vandeniu.<br \/>\nAtsargumo priemon\u0117s: Tik i\u0161oriniam naudojimui. Patekus \u012f akis, praplauti vandeniu. Nerekomenduojama naudoti pa\u017eeistose ar sudirgintose odos vietose. Prie\u0161 naudojim\u0105 rekomenduojama atlikti jautrumo test\u0105.<\/p>\n","protected":false},"excerpt":{"rendered":"<p>Veiksminga, kompleksin\u0117 &nbsp;liekn\u0117jimo ir kovos su celiulitu proced\u016bra. Produkt\u0173 serija yra pagr\u012fsta galingomis veikliosiomis med\u017eiagomis i\u0161 Kor\u0117jos. Kiekviename gaminyje yra nat\u016brali\u0173 aliej\u0173 ir ekstrakt\u0173, kurie \u017eenkliai pagerina j\u016bs\u0173 odos i\u0161vaizd\u0105. Suteikia intensyv\u0173 stangrinim\u0105, formuoja siluet\u0105, padeda suma\u017einti k\u016bno riebalus ir i\u0161lygina odos reljef\u0105. Laminaria aktyvina med\u017eiag\u0173 apykaitos procesus ir giliai dr\u0117kina. Guarana pasi\u017eymi puikiu drenuojan\u010diu [&#8230;]\n","protected":false},"featured_media":86406,"template":"","meta":[],"product_cat":[1618],"product_tag":[],"class_list":{"0":"post-65689","1":"product","2":"type-product","3":"status-publish","4":"has-post-thumbnail","6":"product_brand-malina-akcija-lt","7":"product_cat-anticeliulitiniai-produktai","9":"first","10":"outofstock","11":"taxable","12":"shipping-taxable","13":"product-type-simple"},"_links":{"self":[{"href":"https:\/\/e.kosmolat.eu\/lt\/wp-json\/wp\/v2\/product\/65689","targetHints":{"allow":["GET"]}}],"collection":[{"href":"https:\/\/e.kosmolat.eu\/lt\/wp-json\/wp\/v2\/product"}],"about":[{"href":"https:\/\/e.kosmolat.eu\/lt\/wp-json\/wp\/v2\/types\/product"}],"wp:featuredmedia":[{"embeddable":true,"href":"https:\/\/e.kosmolat.eu\/lt\/wp-json\/wp\/v2\/media\/86406"}],"wp:attachment":[{"href":"https:\/\/e.kosmolat.eu\/lt\/wp-json\/wp\/v2\/media?parent=65689"}],"wp:term":[{"taxonomy":"product_cat","embeddable":true,"href":"https:\/\/e.kosmolat.eu\/lt\/wp-json\/wp\/v2\/product_cat?post=65689"},{"taxonomy":"product_tag","embeddable":true,"href":"https:\/\/e.kosmolat.eu\/lt\/wp-json\/wp\/v2\/product_tag?post=65689"}],"curies":[{"name":"wp","href":"https:\/\/api.w.org\/{rel}","templated":true}]}}