{"id":64649,"date":"2025-03-15T05:06:31","date_gmt":"2025-03-15T05:06:31","guid":{"rendered":"https:\/\/e.kosmolat.eu\/product\/joli-color-mateta-skidra-lupu-krasa-tonis-88\/"},"modified":"2026-03-23T06:48:07","modified_gmt":"2026-03-23T06:48:07","slug":"joli-color-mateta-skidr-lupu-kr-tonis-88-5-ml","status":"publish","type":"product","link":"https:\/\/e.kosmolat.eu\/lt\/produktas\/joli-color-mateta-skidr-lupu-kr-tonis-88-5-ml\/","title":{"rendered":"QUIZ Joli Color Skysti matiniai l\u016bp\u0173 da\u017eai, tonas 88, 5 ml"},"content":{"rendered":"<p>Laikyti nuo +2 \u00b0C iki +25 \u00b0C temperat\u016broje.<\/p>\n","protected":false},"excerpt":{"rendered":"<p>Laikyti nuo +2 \u00b0C iki +25 \u00b0C temperat\u016broje.<\/p>\n","protected":false},"featured_media":93846,"template":"","meta":[],"product_cat":[1269],"product_tag":[],"class_list":{"0":"post-64649","1":"product","2":"type-product","3":"status-publish","4":"has-post-thumbnail","6":"product_brand-quiz_bim_pl-lt","7":"product_cat-lupu-dazai","9":"first","10":"instock","11":"taxable","12":"shipping-taxable","13":"product-type-simple"},"_links":{"self":[{"href":"https:\/\/e.kosmolat.eu\/lt\/wp-json\/wp\/v2\/product\/64649","targetHints":{"allow":["GET"]}}],"collection":[{"href":"https:\/\/e.kosmolat.eu\/lt\/wp-json\/wp\/v2\/product"}],"about":[{"href":"https:\/\/e.kosmolat.eu\/lt\/wp-json\/wp\/v2\/types\/product"}],"wp:featuredmedia":[{"embeddable":true,"href":"https:\/\/e.kosmolat.eu\/lt\/wp-json\/wp\/v2\/media\/93846"}],"wp:attachment":[{"href":"https:\/\/e.kosmolat.eu\/lt\/wp-json\/wp\/v2\/media?parent=64649"}],"wp:term":[{"taxonomy":"product_cat","embeddable":true,"href":"https:\/\/e.kosmolat.eu\/lt\/wp-json\/wp\/v2\/product_cat?post=64649"},{"taxonomy":"product_tag","embeddable":true,"href":"https:\/\/e.kosmolat.eu\/lt\/wp-json\/wp\/v2\/product_tag?post=64649"}],"curies":[{"name":"wp","href":"https:\/\/api.w.org\/{rel}","templated":true}]}}