{"id":64553,"date":"2025-03-15T05:03:50","date_gmt":"2025-03-15T05:03:50","guid":{"rendered":"https:\/\/e.kosmolat.eu\/product\/lupu-balzams-repair-sos-ar-kokosriekstu-ellu-si-sviestu-un-e-vitaminu\/"},"modified":"2026-04-10T07:13:57","modified_gmt":"2026-04-10T07:13:57","slug":"repair-sos-atjaun-lupu-balz-persiks-4-g","status":"publish","type":"product","link":"https:\/\/e.kosmolat.eu\/lt\/produktas\/repair-sos-atjaun-lupu-balz-persiks-4-g\/","title":{"rendered":"QUIZ Repair SOS atkuriamasis l\u016bp\u0173 balzamas Persikas, 4 g"},"content":{"rendered":"<p>L\u016bp\u0173 balzamas su kokosu, taukmed\u017ei\u0173 sviestu ir vitaminu E.<\/p>\n<p>Laikyti nuo +2 \u00b0C iki +25 \u00b0C temperat\u016broje.<\/p>\n","protected":false},"excerpt":{"rendered":"<p>L\u016bp\u0173 balzamas su kokosu, taukmed\u017ei\u0173 sviestu ir vitaminu E. Laikyti nuo +2 \u00b0C iki +25 \u00b0C temperat\u016broje.<\/p>\n","protected":false},"featured_media":93738,"template":"","meta":[],"product_cat":[1386],"product_tag":[],"class_list":{"0":"post-64553","1":"product","2":"type-product","3":"status-publish","4":"has-post-thumbnail","6":"product_brand-quiz_bim_pl-lt","7":"product_cat-lupu-balzamas","9":"first","10":"outofstock","11":"taxable","12":"shipping-taxable","13":"product-type-simple"},"_links":{"self":[{"href":"https:\/\/e.kosmolat.eu\/lt\/wp-json\/wp\/v2\/product\/64553","targetHints":{"allow":["GET"]}}],"collection":[{"href":"https:\/\/e.kosmolat.eu\/lt\/wp-json\/wp\/v2\/product"}],"about":[{"href":"https:\/\/e.kosmolat.eu\/lt\/wp-json\/wp\/v2\/types\/product"}],"wp:featuredmedia":[{"embeddable":true,"href":"https:\/\/e.kosmolat.eu\/lt\/wp-json\/wp\/v2\/media\/93738"}],"wp:attachment":[{"href":"https:\/\/e.kosmolat.eu\/lt\/wp-json\/wp\/v2\/media?parent=64553"}],"wp:term":[{"taxonomy":"product_cat","embeddable":true,"href":"https:\/\/e.kosmolat.eu\/lt\/wp-json\/wp\/v2\/product_cat?post=64553"},{"taxonomy":"product_tag","embeddable":true,"href":"https:\/\/e.kosmolat.eu\/lt\/wp-json\/wp\/v2\/product_tag?post=64553"}],"curies":[{"name":"wp","href":"https:\/\/api.w.org\/{rel}","templated":true}]}}