{"id":64393,"date":"2025-03-14T05:14:48","date_gmt":"2025-03-14T05:14:48","guid":{"rendered":"https:\/\/e.kosmolat.eu\/product\/mitrinoss-serums-un-grima-baze-laba-izvele\/"},"modified":"2026-04-10T07:17:15","modified_gmt":"2026-04-10T07:17:15","slug":"good-choice-mitrinoss-serums-prameris-30-g","status":"publish","type":"product","link":"https:\/\/e.kosmolat.eu\/lt\/produktas\/good-choice-mitrinoss-serums-prameris-30-g\/","title":{"rendered":"QUIZ Good Choice dr\u0117kinamasis serumas-pagrindas, 30g"},"content":{"rendered":"<p>Dr\u0117kinamasis serumas-pagrindas puikiai paruo\u0161ia veid\u0105 kitam makia\u017eo etapui. Lengva vegani\u0161ka formul\u0117 su glicerinu, vitaminu E ir alavijais palieka od\u0105 nat\u016braliai lygi\u0105 ir gaivi\u0105.<\/p>\n<p>Laikyti nuo +2\u00b0C iki +25\u00b0C temperat\u016broje.<\/p>\n","protected":false},"excerpt":{"rendered":"<p>Dr\u0117kinamasis serumas-pagrindas puikiai paruo\u0161ia veid\u0105 kitam makia\u017eo etapui. Lengva vegani\u0161ka formul\u0117 su glicerinu, vitaminu E ir alavijais palieka od\u0105 nat\u016braliai lygi\u0105 ir gaivi\u0105. Laikyti nuo +2\u00b0C iki +25\u00b0C temperat\u016broje.<\/p>\n","protected":false},"featured_media":93822,"template":"","meta":[],"product_cat":[1291],"product_tag":[],"class_list":{"0":"post-64393","1":"product","2":"type-product","3":"status-publish","4":"has-post-thumbnail","6":"product_brand-quiz_bim_pl-lt","7":"product_cat-makiazo-pagrindas","9":"first","10":"instock","11":"taxable","12":"shipping-taxable","13":"product-type-simple"},"_links":{"self":[{"href":"https:\/\/e.kosmolat.eu\/lt\/wp-json\/wp\/v2\/product\/64393","targetHints":{"allow":["GET"]}}],"collection":[{"href":"https:\/\/e.kosmolat.eu\/lt\/wp-json\/wp\/v2\/product"}],"about":[{"href":"https:\/\/e.kosmolat.eu\/lt\/wp-json\/wp\/v2\/types\/product"}],"wp:featuredmedia":[{"embeddable":true,"href":"https:\/\/e.kosmolat.eu\/lt\/wp-json\/wp\/v2\/media\/93822"}],"wp:attachment":[{"href":"https:\/\/e.kosmolat.eu\/lt\/wp-json\/wp\/v2\/media?parent=64393"}],"wp:term":[{"taxonomy":"product_cat","embeddable":true,"href":"https:\/\/e.kosmolat.eu\/lt\/wp-json\/wp\/v2\/product_cat?post=64393"},{"taxonomy":"product_tag","embeddable":true,"href":"https:\/\/e.kosmolat.eu\/lt\/wp-json\/wp\/v2\/product_tag?post=64393"}],"curies":[{"name":"wp","href":"https:\/\/api.w.org\/{rel}","templated":true}]}}